{"id":4839,"date":"2021-04-20T21:22:09","date_gmt":"2021-04-21T03:22:09","guid":{"rendered":"https:\/\/myvitaminss.com\/?post_type=product&#038;p=4839"},"modified":"2022-04-28T11:02:47","modified_gmt":"2022-04-28T17:02:47","slug":"neuro-ferrical-b12-grageas-tripack","status":"publish","type":"product","link":"https:\/\/myvitaminss.com\/index.php\/producto\/neuro-ferrical-b12-grageas-tripack\/","title":{"rendered":"NEURO FERRICAL B12 Grageas TriPack"},"content":{"rendered":"<h4 style=\"text-align: center;\"><span style=\"color: #3366ff;\"><em><strong>Dosis<\/strong><\/em><\/span><br \/>\n<em><strong><span style=\"color: #000000;\"><span style=\"color: #3366ff;\">Adultos:<\/span> <\/span><\/strong><\/em><strong><span style=\"color: #000000;\">1 gragea despu\u00e9s del desayuno y otra despu\u00e9s de almuerzo.<\/span><\/strong><\/h4>\n<h4 style=\"text-align: center;\"><em><strong><span style=\"color: #000000;\"><span style=\"color: #3366ff;\">Estudiantes:<\/span> <\/span><\/strong><\/em><strong><span style=\"color: #000000;\">1 gragea despu\u00e9s del desayuno.<\/span><\/strong><\/h4>\n<h4 style=\"text-align: center;\"><em><strong><span style=\"color: #000000;\"><span style=\"color: #3366ff;\">Estudiantes y Trabajadores que se desvelan:<\/span> <\/span><\/strong><\/em><strong><span style=\"color: #000000;\">2 grageas despu\u00e9s de cena.<\/span><\/strong><\/h4>\n<h4><\/h4>\n","protected":false},"excerpt":{"rendered":"<h4 style=\"text-align: center;\"><span style=\"color: #3366ff;\"><em><strong>Tripack Incluye 3 Cajas de 30 grageas cada caja, total 90 gragea<\/strong><\/em>s<\/span><\/h4>\n<h4 style=\"text-align: center;\"><span style=\"color: #3366ff;\">SUPLEMENTO VITAMIN\u00cdCO<br \/>\n<\/span><\/h4>\n<h4 style=\"text-align: center;\"><span style=\"color: #3366ff;\"><strong>NEUROFERRICAL B12<\/strong><\/span><\/h4>\n<h4 style=\"text-align: center;\"><span style=\"color: #000000;\"><strong>\u00c1CIDO GLUT\u00c1MICO<\/strong><\/span><\/h4>\n<h4 style=\"text-align: center;\"><span style=\"color: #000000;\"><strong>COMPLEJO B<\/strong><\/span><\/h4>\n<h4 style=\"text-align: center;\"><span style=\"color: #000000;\"><strong>CALCIO<\/strong><\/span><\/h4>\n<h4 style=\"text-align: center;\"><span style=\"color: #000000;\"><strong>Mejora tu concentraci\u00f3n<\/strong><\/span><\/h4>\n<h4 style=\"text-align: center;\"><span style=\"color: #000000;\"><strong>Para el agotamiento mental<\/strong><\/span><\/h4>\n<h4 style=\"text-align: center;\"><span style=\"color: #000000;\"><strong>Eficaz para tu estudio escolar<\/strong><\/span><\/h4>\n<h4 style=\"text-align: center;\"><em><span style=\"color: #3366ff;\"><strong>INDICACIONES:<\/strong><\/span><\/em><\/h4>\n<h4 style=\"text-align: center;\"><strong><em><span style=\"color: #3366ff;\">NEUROFERRICAL B12<\/span><\/em> <span style=\"color: #000000;\">est\u00e1 indicado en casos de falta de concentraci\u00f3n, p\u00e9rdida de memoria, fatiga mental, agotamiento, desgano, nerviosismo, dolor de cabeza por nervios, stress o insomnio, p\u00e9rdida del apetito, eficaz para aquellas personas que estudian o trabajan de noche.<\/span><\/strong><\/h4>\n<h4 style=\"text-align: center;\"><span><span style=\"color: #3366ff;\">V\u00eda<\/span><strong style=\"color: #3366ff;\">\u00a0de administraci\u00f3n: <span style=\"color: #000000;\">Oral<\/span><\/strong><\/span><\/h4>\n<h4><\/h4>\n","protected":false},"featured_media":5751,"comment_status":"closed","ping_status":"closed","template":"","meta":[],"product_cat":[134,338,220,138,139],"product_tag":[221,222,140,223,224,225,935,191,192,936,227,937,938,196,228,229],"class_list":{"0":"post-4839","1":"product","2":"type-product","3":"status-publish","4":"has-post-thumbnail","6":"product_cat-control-de-estres","7":"product_cat-grageas","8":"product_cat-laboratorios-butter-pharma","9":"product_cat-vitaminas-neurotropas","10":"product_cat-vitaminas-y-suplementos","11":"product_tag-acido-glutamico","12":"product_tag-agotamiento","13":"product_tag-complejo-b","14":"product_tag-desgano","15":"product_tag-dolor-de-cabeza-por-nervios","16":"product_tag-eficaz-para-aquellas-personas-que-estudian-o-trabajan-de-noche","17":"product_tag-eficaz-para-tu-estudio-escolar","18":"product_tag-falta-de-concentracion","19":"product_tag-fatiga-mental","20":"product_tag-mejora-tu-concentracion","21":"product_tag-nerviosismo","22":"product_tag-neuroferrical-b12","23":"product_tag-para-el-agotamiento-mental","24":"product_tag-perdida-de-memoria","25":"product_tag-perdida-del-apetito","26":"product_tag-stress-o-insomnio","28":"first","29":"outofstock","30":"sale","31":"shipping-taxable","32":"purchasable","33":"product-type-simple","34":"col-xs-6 col-sm-4","35":"col-md-3 col-lg-3","36":"un-4-cols"},"_links":{"self":[{"href":"https:\/\/myvitaminss.com\/index.php\/wp-json\/wp\/v2\/product\/4839","targetHints":{"allow":["GET"]}}],"collection":[{"href":"https:\/\/myvitaminss.com\/index.php\/wp-json\/wp\/v2\/product"}],"about":[{"href":"https:\/\/myvitaminss.com\/index.php\/wp-json\/wp\/v2\/types\/product"}],"replies":[{"embeddable":true,"href":"https:\/\/myvitaminss.com\/index.php\/wp-json\/wp\/v2\/comments?post=4839"}],"wp:featuredmedia":[{"embeddable":true,"href":"https:\/\/myvitaminss.com\/index.php\/wp-json\/wp\/v2\/media\/5751"}],"wp:attachment":[{"href":"https:\/\/myvitaminss.com\/index.php\/wp-json\/wp\/v2\/media?parent=4839"}],"wp:term":[{"taxonomy":"product_cat","embeddable":true,"href":"https:\/\/myvitaminss.com\/index.php\/wp-json\/wp\/v2\/product_cat?post=4839"},{"taxonomy":"product_tag","embeddable":true,"href":"https:\/\/myvitaminss.com\/index.php\/wp-json\/wp\/v2\/product_tag?post=4839"}],"curies":[{"name":"wp","href":"https:\/\/api.w.org\/{rel}","templated":true}]}}