{"id":4813,"date":"2021-04-20T21:21:58","date_gmt":"2021-04-21T03:21:58","guid":{"rendered":"https:\/\/myvitaminss.com\/?post_type=product&#038;p=4813"},"modified":"2022-04-28T11:31:04","modified_gmt":"2022-04-28T17:31:04","slug":"ultrathon-ginseng-3pack","status":"publish","type":"product","link":"https:\/\/myvitaminss.com\/index.php\/producto\/ultrathon-ginseng-3pack\/","title":{"rendered":"Ultrathon + Ginseng 3Pack"},"content":{"rendered":"<div class=\"margin\" style=\"text-align: center;\">\n<div class=\"margin\">\n<p><span style=\"color: #3366ff;\"><em><strong>DOSIS: <\/strong><\/em><\/span><\/p>\n<h4><strong>Tomar una c\u00e1psula al d\u00eda.<\/strong><\/h4>\n<\/div>\n<\/div>\n","protected":false},"excerpt":{"rendered":"<div class=\"margin\" style=\"text-align: center;\"><\/div>\n<div class=\"margin\" style=\"text-align: center;\"><span style=\"color: #3366ff;\"><strong><em>Ultrathon\u00ae SUPLEMENTO NUTRICIONAL+GINSENG<br \/>\n<\/em><\/strong><\/span><\/div>\n<div class=\"margin\" style=\"text-align: center;\"><span style=\"color: #3366ff;\"><strong><em>MULTIVITAMINICO<\/em><\/strong><\/span><\/div>\n<div><\/div>\n<div class=\"margin\" style=\"text-align: center;\"><span style=\"color: #3366ff;\"><strong><em>Precio 3Pack Incluye 3 cajas<\/em><\/strong><\/span><\/div>\n<div class=\"margin\" style=\"text-align: center;\"><span style=\"color: #3366ff;\"><strong><em>Cada caja x 30 c\u00e1psulas<\/em><\/strong><\/span><\/div>\n<div class=\"margin\" style=\"text-align: center;\">\n<h4><strong><em><span style=\"color: #000000;\"><span style=\"color: #3366ff;\">AYUDA<\/span> <\/span><\/em><span style=\"color: #000000;\">al cansancio f\u00edsico, mental y<\/span><em><span style=\"color: #000000;\"> <span style=\"color: #3366ff;\">ESTRES<\/span><\/span><\/em><\/strong><\/h4>\n<h4><strong><em><span style=\"color: #000000;\"><span style=\"color: #3366ff;\">MEJORA<\/span> <\/span><\/em><span style=\"color: #000000;\">el rendimiento<\/span><em><span style=\"color: #000000;\"> <span style=\"color: #3366ff;\">SEXUAL<\/span><\/span><\/em><\/strong><\/h4>\n<p><span style=\"color: #3366ff;\"><em><strong>INDICACIONES: <\/strong><\/em><\/span><\/p>\n<h4><span style=\"color: #3366ff;\"><em><strong>Ultrathon<\/strong>\u00ae<\/em><\/span> <strong><span style=\"color: #000000;\">retarda en hombres y mujeres los signos del envejecimiento, tales\u00a0como: depresiones seniles, nerviosismo, irritabilidad y los dem\u00e1s s\u00edntomas de la edad avanzada.<\/span><\/strong><\/h4>\n<h4><span style=\"color: #000000;\"><strong>Reactiva la capacidad en ambos sexos. <\/strong><\/span><\/h4>\n<h4><span style=\"color: #000000;\"><strong>Revitaliza todo el organismo. <\/strong><\/span><\/h4>\n<h4><strong><span style=\"color: #000000;\">Ayuda a restablecer la\u00a0memoria, aumenta la resistencia a enfermedades, la capacidad f\u00edsica y de concentraci\u00f3n mental. <\/span><\/strong><\/h4>\n<h4><strong><span style=\"color: #000000;\">En\u00a0los j\u00f3venes evita el stress ps\u00edquico, la r\u00e1pida fatigabilidad, la disminuci\u00f3n del rendimiento y aumenta\u00a0la potencia intelectual.<\/span><\/strong><\/h4>\n<h5><span style=\"color: #000000;\">Extracto de GINSENG &#8230;&#8230;&#8230;&#8230;&#8230;&#8230;&#8230;&#8230;&#8230; 100 mg <\/span><br \/>\n<span style=\"color: #000000;\">Ginkgo biloba &#8230;&#8230;&#8230;&#8230;&#8230;&#8230;&#8230;&#8230;&#8230;&#8230;&#8230;&#8230;&#8230;&#8230;. 40 mg <\/span><br \/>\n<span style=\"color: #000000;\">Vitamina A acetato &#8230;&#8230;&#8230;&#8230;&#8230;&#8230;&#8230;&#8230;&#8230;&#8230;&#8230;.. 10 mg <\/span><br \/>\n<span style=\"color: #000000;\">Vitamina D3 &#8230;&#8230;&#8230;&#8230;&#8230;&#8230;&#8230;&#8230;&#8230;&#8230;&#8230;&#8230;&#8230;&#8230;. 0.01 mg <\/span><br \/>\n<span style=\"color: #000000;\">Vitamina C &#8230;&#8230;&#8230;&#8230;&#8230;&#8230;&#8230;&#8230;&#8230;&#8230;&#8230;&#8230;&#8230;&#8230;&#8230;&#8230; 60 mg <\/span><br \/>\n<span style=\"color: #000000;\">Vitamina B1 (Tiamina Mononitrato) &#8230;&#8230;.. 10 mg <\/span><br \/>\n<span style=\"color: #000000;\">Vitamina B2 (Riboflavina base) &#8230;&#8230;&#8230;&#8230;&#8230; 10 mg <\/span><br \/>\n<span style=\"color: #000000;\">Vitamina B6 (Piridoxina) &#8230;&#8230;&#8230;&#8230;&#8230;&#8230;&#8230;&#8230;&#8230;. 5 mg <\/span><br \/>\n<span style=\"color: #000000;\">Vitamina B12 (Cianocobalamina) &#8230;&#8230;&#8230;.. 10 mcg <\/span><br \/>\n<span style=\"color: #000000;\">Vitamina E &#8230;&#8230;&#8230;&#8230;&#8230;&#8230;&#8230;&#8230;&#8230;&#8230;&#8230;&#8230;&#8230;&#8230;&#8230;&#8230; 60 mg <\/span><br \/>\n<span style=\"color: #000000;\">Vitamina B3 (Nicotinamida) &#8230;&#8230;&#8230;&#8230;&#8230;&#8230;&#8230; 25 mg <\/span><br \/>\n<span style=\"color: #000000;\">\u00c1cido F\u00f3lico &#8230;&#8230;&#8230;&#8230;&#8230;&#8230;&#8230;&#8230;&#8230;&#8230;&#8230;&#8230;&#8230;&#8230; 400 mcg <\/span><br \/>\n<span style=\"color: #000000;\">Yodo &#8230;&#8230;&#8230;&#8230;&#8230;&#8230;&#8230;&#8230;&#8230;&#8230;&#8230;&#8230;&#8230;&#8230;&#8230;&#8230;&#8230;&#8230;. 0.15 mg <\/span><br \/>\n<span style=\"color: #000000;\">Manganeso &#8230;&#8230;&#8230;&#8230;&#8230;&#8230;&#8230;&#8230;&#8230;&#8230;&#8230;&#8230;&#8230;&#8230;&#8230;&#8230;.. 5 mg <\/span><br \/>\n<span style=\"color: #000000;\">Hierro &#8230;&#8230;&#8230;&#8230;&#8230;&#8230;&#8230;&#8230;&#8230;&#8230;&#8230;&#8230;&#8230;&#8230;&#8230;&#8230;&#8230;&#8230;.. 20 mg <\/span><br \/>\n<span style=\"color: #000000;\">Cobre &#8230;&#8230;&#8230;&#8230;&#8230;&#8230;&#8230;&#8230;&#8230;&#8230;&#8230;&#8230;&#8230;&#8230;&#8230;&#8230;&#8230;&#8230;&#8230;.. 2 mg <\/span><br \/>\n<span style=\"color: #000000;\">Zinc &#8230;&#8230;&#8230;&#8230;&#8230;&#8230;&#8230;&#8230;&#8230;&#8230;&#8230;&#8230;&#8230;&#8230;&#8230;&#8230;&#8230;&#8230;&#8230;. 2.5 mg <\/span><br \/>\n<span style=\"color: #000000;\">Magnesio &#8230;&#8230;&#8230;&#8230;&#8230;&#8230;&#8230;&#8230;&#8230;&#8230;&#8230;&#8230;&#8230;&#8230;&#8230;&#8230;. 100 mg<\/span><\/h5>\n<\/div>\n","protected":false},"featured_media":5756,"comment_status":"closed","ping_status":"closed","template":"","meta":{"_kad_post_transparent":"","_kad_post_title":"","_kad_post_layout":"","_kad_post_sidebar_id":"","_kad_post_content_style":"","_kad_post_vertical_padding":"","_kad_post_feature":"","_kad_post_feature_position":"","_kad_post_header":false,"_kad_post_footer":false,"_kad_post_classname":""},"product_brand":[],"product_cat":[],"product_tag":[],"class_list":{"0":"post-4813","1":"product","2":"type-product","3":"status-publish","4":"has-post-thumbnail","7":"first","8":"outofstock","9":"shipping-taxable","10":"purchasable","11":"product-type-simple","12":"entry","13":"content-bg","14":"loop-entry"},"_links":{"self":[{"href":"https:\/\/myvitaminss.com\/index.php\/wp-json\/wp\/v2\/product\/4813","targetHints":{"allow":["GET"]}}],"collection":[{"href":"https:\/\/myvitaminss.com\/index.php\/wp-json\/wp\/v2\/product"}],"about":[{"href":"https:\/\/myvitaminss.com\/index.php\/wp-json\/wp\/v2\/types\/product"}],"replies":[{"embeddable":true,"href":"https:\/\/myvitaminss.com\/index.php\/wp-json\/wp\/v2\/comments?post=4813"}],"wp:featuredmedia":[{"embeddable":true,"href":"https:\/\/myvitaminss.com\/index.php\/wp-json\/wp\/v2\/media\/5756"}],"wp:attachment":[{"href":"https:\/\/myvitaminss.com\/index.php\/wp-json\/wp\/v2\/media?parent=4813"}],"wp:term":[{"taxonomy":"product_brand","embeddable":true,"href":"https:\/\/myvitaminss.com\/index.php\/wp-json\/wp\/v2\/product_brand?post=4813"},{"taxonomy":"product_cat","embeddable":true,"href":"https:\/\/myvitaminss.com\/index.php\/wp-json\/wp\/v2\/product_cat?post=4813"},{"taxonomy":"product_tag","embeddable":true,"href":"https:\/\/myvitaminss.com\/index.php\/wp-json\/wp\/v2\/product_tag?post=4813"}],"curies":[{"name":"wp","href":"https:\/\/api.w.org\/{rel}","templated":true}]}}