{"id":4811,"date":"2021-04-20T21:21:57","date_gmt":"2021-04-21T03:21:57","guid":{"rendered":"https:\/\/myvitaminss.com\/?post_type=product&#038;p=4811"},"modified":"2022-04-28T12:01:55","modified_gmt":"2022-04-28T18:01:55","slug":"loratadina-de-saimed-x-100-tabletas","status":"publish","type":"product","link":"https:\/\/myvitaminss.com\/index.php\/producto\/loratadina-de-saimed-x-100-tabletas\/","title":{"rendered":"Loratadina de Saimed x 100 tabletas"},"content":{"rendered":"<div class=\"margin\" style=\"text-align: center;\">\n<h4><span style=\"color: #3366ff;\"><strong><em>DOSIS:<\/em> <\/strong><\/span><\/h4>\n<h4 style=\"text-align: center;\"><strong><span style=\"color: #000000;\">Adultos y ni\u00f1os mayores de 12 a\u00f1os tomar 1 tableta al d\u00eda<\/span><\/strong><\/h4>\n<\/div>\n","protected":false},"excerpt":{"rendered":"<h4 style=\"text-align: center;\"><span style=\"color: #000000;\"><strong><span style=\"color: #3366ff;\"><em><span class=\"_Tgc\">La loratadina <\/span><\/em><\/span><span class=\"_Tgc\">se usa para aliviar en forma temporal los s\u00edntomas de la fiebre del heno (alergia al polen, polvo u otras sustancias en el aire) y otras alergias. <\/span><\/strong><\/span><\/h4>\n<h4 style=\"text-align: center;\"><span style=\"color: #000000;\"><strong><span class=\"_Tgc\">Estos s\u00edntomas incluyen estornudos, secreci\u00f3n nasal, y picaz\u00f3n en los ojos, nariz y garganta<\/span><\/strong><\/span><\/h4>\n<h4><\/h4>\n","protected":false},"featured_media":5763,"comment_status":"closed","ping_status":"closed","template":"","meta":{"_kad_post_transparent":"","_kad_post_title":"","_kad_post_layout":"","_kad_post_sidebar_id":"","_kad_post_content_style":"","_kad_post_vertical_padding":"","_kad_post_feature":"","_kad_post_feature_position":"","_kad_post_header":false,"_kad_post_footer":false,"_kad_post_classname":""},"product_brand":[],"product_cat":[364,402,282],"product_tag":[896,897,709,898,744,745,746,747,899],"class_list":{"0":"post-4811","1":"product","2":"type-product","3":"status-publish","4":"has-post-thumbnail","6":"product_cat-alergias","7":"product_cat-laboratorios-saimed","8":"product_cat-tabletas","9":"product_tag-alergia-al-polen","10":"product_tag-alergia-al-polvo","11":"product_tag-estornudos","12":"product_tag-loratadina-10mg","13":"product_tag-picazon-en-la-garganta","14":"product_tag-picazon-en-la-nariz","15":"product_tag-picazon-en-los-ojos","16":"product_tag-secrecion-nasal","17":"product_tag-sintomas-de-la-fiebre-del-heno","19":"first","20":"instock","21":"shipping-taxable","22":"purchasable","23":"product-type-simple","24":"entry","25":"content-bg","26":"loop-entry"},"_links":{"self":[{"href":"https:\/\/myvitaminss.com\/index.php\/wp-json\/wp\/v2\/product\/4811","targetHints":{"allow":["GET"]}}],"collection":[{"href":"https:\/\/myvitaminss.com\/index.php\/wp-json\/wp\/v2\/product"}],"about":[{"href":"https:\/\/myvitaminss.com\/index.php\/wp-json\/wp\/v2\/types\/product"}],"replies":[{"embeddable":true,"href":"https:\/\/myvitaminss.com\/index.php\/wp-json\/wp\/v2\/comments?post=4811"}],"wp:featuredmedia":[{"embeddable":true,"href":"https:\/\/myvitaminss.com\/index.php\/wp-json\/wp\/v2\/media\/5763"}],"wp:attachment":[{"href":"https:\/\/myvitaminss.com\/index.php\/wp-json\/wp\/v2\/media?parent=4811"}],"wp:term":[{"taxonomy":"product_brand","embeddable":true,"href":"https:\/\/myvitaminss.com\/index.php\/wp-json\/wp\/v2\/product_brand?post=4811"},{"taxonomy":"product_cat","embeddable":true,"href":"https:\/\/myvitaminss.com\/index.php\/wp-json\/wp\/v2\/product_cat?post=4811"},{"taxonomy":"product_tag","embeddable":true,"href":"https:\/\/myvitaminss.com\/index.php\/wp-json\/wp\/v2\/product_tag?post=4811"}],"curies":[{"name":"wp","href":"https:\/\/api.w.org\/{rel}","templated":true}]}}