{"id":4810,"date":"2021-04-20T21:21:57","date_gmt":"2021-04-21T03:21:57","guid":{"rendered":"https:\/\/myvitaminss.com\/?post_type=product&#038;p=4810"},"modified":"2025-08-08T15:27:33","modified_gmt":"2025-08-08T21:27:33","slug":"fin-al-dolor-con-artrifin-vitaminado-120-tabletas-2","status":"publish","type":"product","link":"https:\/\/myvitaminss.com\/index.php\/producto\/fin-al-dolor-con-artrifin-vitaminado-120-tabletas-2\/","title":{"rendered":"ARTRIFIN VITAMINADO 120 Tabletas"},"content":{"rendered":"<p style=\"text-align: center;\"><span style=\"color: #3366ff;\"><em><strong>30 Sobres de 4 Tabletas<\/strong><\/em><\/span><\/p>\n<h5 style=\"text-align: center;\"><span style=\"color: #3366ff;\"><em><strong>INDICACIONES:<\/strong><\/em><\/span><\/h5>\n<h5 style=\"text-align: center;\"><em><span style=\"color: #000000;\"><strong><span style=\"color: #3366ff;\">ARTRIFIN VITAMINADO<\/span><\/strong><\/span><\/em><span style=\"color: #000000;\">, est\u00e1 indicado en el tratamiento de las formas inflamatorias y degenerativas del reumatismo: <\/span><\/h5>\n<h5 style=\"text-align: center;\"><span style=\"color: #000000;\">POLI ARTRITIS CRONICA, <\/span><\/h5>\n<h5 style=\"text-align: center;\"><span style=\"color: #000000;\">ESPONDILITIS ANQUILOSANTE, <\/span><\/h5>\n<h5 style=\"text-align: center;\"><span style=\"color: #000000;\">ARTROSIS, <\/span><\/h5>\n<h5 style=\"text-align: center;\"><span style=\"color: #000000;\">PATOLOGIA DISCO-VERTEBRAL (NEURITIS Y NEURALGIAS,\u00a0<\/span><span style=\"color: #000000;\">LUMBAGO,\u00a0<\/span><span style=\"color: #000000;\">CIATICA)<\/span><\/h5>\n<h5 style=\"text-align: center;\"><span style=\"color: #3366ff;\"><em><strong>ADVERTENCIA:<\/strong><\/em><\/span><\/h5>\n<h5 style=\"text-align: center;\"><span style=\"color: #000000;\">Debe administrarse con precauci\u00f3n a pacientes con \u00falcera p\u00e9ptica, colitis ulcerativa. <\/span><\/h5>\n<h5 style=\"text-align: center;\"><span style=\"color: #000000;\">Administrarse con las comidas<\/span><\/h5>\n<p>&nbsp;<\/p>\n","protected":false},"excerpt":{"rendered":"<h5 style=\"text-align: center;\"><span style=\"color: #3366ff;\"><strong><em>LUMBAGO &#8211; TORTICOLIS &#8211; REUMATISMO &#8211; ARTRITIS<\/em><\/strong><\/span><\/h5>\n<h5 style=\"text-align: center;\"><span style=\"color: #3366ff;\"><strong><em>FIN A LA ARTRITIS<\/em><\/strong><\/span><\/h5>\n<h5 style=\"text-align: center;\"><span style=\"color: #3366ff;\"><strong><em>CON<\/em><\/strong><\/span><\/h5>\n<h5 style=\"text-align: center;\"><span style=\"color: #3366ff;\"><strong><em>ARTRIFIN VITAMINADO<\/em><\/strong><\/span><\/h5>\n<h5 style=\"text-align: center;\"><span style=\"color: #000000;\">Es un agente anti-inflamatorio, antirreum\u00e1tico, analg\u00e9sico y antipir\u00e9tico no\u00a0<\/span><span style=\"color: #000000;\">esteroidal.<\/span><\/h5>\n<h5 style=\"text-align: center;\"><span style=\"color: #000000;\">Es muy efectivo administrado por v\u00eda oral, mejorando el movimiento de la coyuntura. Generalmente es bien tolerado, se presenta <span style=\"color: #ff0000;\">ocasionalmente<\/span> intolerancia gastro intestinal.<\/span><\/h5>\n<p style=\"text-align: center;\"><span style=\"color: #0000ff;\"><strong>\u00a0<\/strong><\/span><\/p>\n","protected":false},"featured_media":5582,"comment_status":"closed","ping_status":"closed","template":"","meta":{"_kad_post_transparent":"","_kad_post_title":"","_kad_post_layout":"","_kad_post_sidebar_id":"","_kad_post_content_style":"","_kad_post_vertical_padding":"","_kad_post_feature":"","_kad_post_feature_position":"","_kad_post_header":false,"_kad_post_footer":false,"_kad_post_classname":""},"product_brand":[],"product_cat":[145,231,148,149,282],"product_tag":[233,234,235,236,237,238,239,482,483,380,381],"class_list":{"0":"post-4810","1":"product","2":"type-product","3":"status-publish","4":"has-post-thumbnail","6":"product_cat-artritis","7":"product_cat-laboratorios-lopez","8":"product_cat-medicamento-para-el-dolor","9":"product_cat-salud-y-belleza","10":"product_cat-tabletas","11":"product_tag-artrifin","12":"product_tag-artrifin-amazon","13":"product_tag-artrifin-ebay","14":"product_tag-artrifin-vitaminado","15":"product_tag-artrifin-vitaminado-amazon","16":"product_tag-artrifin-vitaminado-ebay","17":"product_tag-artrifin-vitaminado-original-de-el-salvador","18":"product_tag-dolor-por-reuma","19":"product_tag-para-el-reumatismo","20":"product_tag-reuma","21":"product_tag-reumatismo","23":"first","24":"outofstock","25":"shipping-taxable","26":"purchasable","27":"product-type-simple","28":"entry","29":"content-bg","30":"loop-entry"},"_links":{"self":[{"href":"https:\/\/myvitaminss.com\/index.php\/wp-json\/wp\/v2\/product\/4810","targetHints":{"allow":["GET"]}}],"collection":[{"href":"https:\/\/myvitaminss.com\/index.php\/wp-json\/wp\/v2\/product"}],"about":[{"href":"https:\/\/myvitaminss.com\/index.php\/wp-json\/wp\/v2\/types\/product"}],"replies":[{"embeddable":true,"href":"https:\/\/myvitaminss.com\/index.php\/wp-json\/wp\/v2\/comments?post=4810"}],"wp:featuredmedia":[{"embeddable":true,"href":"https:\/\/myvitaminss.com\/index.php\/wp-json\/wp\/v2\/media\/5582"}],"wp:attachment":[{"href":"https:\/\/myvitaminss.com\/index.php\/wp-json\/wp\/v2\/media?parent=4810"}],"wp:term":[{"taxonomy":"product_brand","embeddable":true,"href":"https:\/\/myvitaminss.com\/index.php\/wp-json\/wp\/v2\/product_brand?post=4810"},{"taxonomy":"product_cat","embeddable":true,"href":"https:\/\/myvitaminss.com\/index.php\/wp-json\/wp\/v2\/product_cat?post=4810"},{"taxonomy":"product_tag","embeddable":true,"href":"https:\/\/myvitaminss.com\/index.php\/wp-json\/wp\/v2\/product_tag?post=4810"}],"curies":[{"name":"wp","href":"https:\/\/api.w.org\/{rel}","templated":true}]}}