{"id":4780,"date":"2021-04-20T21:21:40","date_gmt":"2021-04-21T03:21:40","guid":{"rendered":"https:\/\/myvitaminss.com\/?post_type=product&#038;p=4780"},"modified":"2022-04-28T12:07:06","modified_gmt":"2022-04-28T18:07:06","slug":"foskrol-con-ginkgo-biloba-duo-pack","status":"publish","type":"product","link":"https:\/\/myvitaminss.com\/index.php\/producto\/foskrol-con-ginkgo-biloba-duo-pack\/","title":{"rendered":"FOSKROL CON GINKGO BILOBA DUO Pack"},"content":{"rendered":"<h4 style=\"text-align: center;\"><span style=\"color: #3366ff;\"><strong><em>FOSKROL con Ginkgo Biloba\u00a0 C\u00e1psula de Gelatina Blanda <\/em><\/strong><\/span><\/h4>\n<h4 style=\"text-align: center;\"><span style=\"color: #3366ff;\"><strong><em>Cada Caja x 30 c\u00e1psulas<\/em><\/strong><\/span><\/h4>\n<h4 style=\"text-align: center;\"><span style=\"color: #3366ff;\"><em>Dosis:<\/em><\/span><\/h4>\n<h4 style=\"text-align: center;\"><span style=\"color: #000000;\"><strong>Tomar 2 c\u00e1psulas despu\u00e9s del desayuno, en caso de mayor necesidad tomar otra c\u00e1psula despu\u00e9s del almuerzo.<\/strong><\/span><em><span style=\"color: #000000;\"><br \/>\n<\/span><\/em><\/h4>\n<h4 style=\"text-align: center;\"><strong><span style=\"color: #3366ff;\"><span style=\"color: #000000;\"><i>V\u00eda<\/i><\/span><em>\u00a0de Administraci\u00f3n: <\/em><\/span><\/strong><span style=\"color: #000000;\"><strong>ORAL<\/strong><\/span><\/h4>\n<h4 style=\"text-align: center;\"><strong><span style=\"color: #3366ff;\"><em>DIABETICOS Y VEGETARIANOS PUEDEN TOMARLO<\/em><\/span><\/strong><\/h4>\n","protected":false},"excerpt":{"rendered":"<h3 style=\"text-align: center;\"><em><span style=\"color: #3366ff;\"><strong>PRECIO DUO PACK<\/strong><\/span><\/em><\/h3>\n<h4 style=\"text-align: center;\"><span style=\"color: #000000;\"><em><strong><em><span style=\"color: #3366ff;\">FOSKROL ANTIOXIDANTE con Ginkgo Biloba<\/span><\/em><br \/>\n<\/strong><\/em><\/span><\/h4>\n<h4 style=\"text-align: center;\"><span style=\"color: #000000;\"><span style=\"color: #000000;\">Para esfuerzos f\u00edsicos y ps\u00edquicos, estados de debilidad mental, falta de capacidad de concentraci\u00f3n, falta de memoria, estados de agotamiento neuro cerebral,\u00a0 Foskrol con Ginkgo Biloba proporciona fuentes de suplemento energ\u00e9tico a las c\u00e9lulas nerviosas, mejorando el trabajo del sistema nervioso en general, as\u00ed como su capacidad f\u00edsica.<\/span><\/span><\/h4>\n<div class=\"apartado\">\n<h4 style=\"text-align: center;\"><span style=\"color: #3366ff;\"><em><strong>Contiene:<\/strong><\/em><\/span><\/h4>\n<h4 style=\"text-align: center;\"><span style=\"color: #000000;\"><strong>Vitamina E\u00a0<\/strong><\/span><\/h4>\n<p style=\"text-align: center;\"><span style=\"color: #000000;\"><strong>Fosfato Tric\u00e1lcico<\/strong><\/span><\/p>\n<h4 style=\"text-align: center;\"><span style=\"color: #000000;\"><strong>Vitamina B1 <\/strong><\/span><\/h4>\n<h4 style=\"text-align: center;\"><span style=\"color: #000000;\"><strong>Vitamina B6<\/strong><\/span><\/h4>\n<h4 style=\"text-align: center;\"><span style=\"color: #000000;\"><strong>Vitamina B12<\/strong><\/span><\/h4>\n<h4 style=\"text-align: center;\"><span style=\"color: #000000;\"><strong>Extracto de Ginkgo Biloba<\/strong><\/span><\/h4>\n<\/div>\n","protected":false},"featured_media":5765,"comment_status":"closed","ping_status":"closed","template":"","meta":{"_kad_post_transparent":"","_kad_post_title":"","_kad_post_layout":"","_kad_post_sidebar_id":"","_kad_post_content_style":"","_kad_post_vertical_padding":"","_kad_post_feature":"","_kad_post_feature_position":"","_kad_post_header":false,"_kad_post_footer":false,"_kad_post_classname":""},"product_brand":[],"product_cat":[146,147,206],"product_tag":[252,166,737,246,316,242,257],"class_list":{"0":"post-4780","1":"product","2":"type-product","3":"status-publish","4":"has-post-thumbnail","6":"product_cat-capsulas-de-gelatina-blanda","7":"product_cat-laboratorios-biokemical","8":"product_cat-todo-dolor-y-vitaminas","9":"product_tag-biokemical","10":"product_tag-energizantes","11":"product_tag-foskrol-con-ginkgo-biloba","12":"product_tag-ginkgo-biloba","13":"product_tag-pastillas-vitaminadas-para-el-dolor","14":"product_tag-trigliceridos","15":"product_tag-vitaminas-en-el-salvador","17":"first","18":"instock","19":"shipping-taxable","20":"purchasable","21":"product-type-simple","22":"entry","23":"content-bg","24":"loop-entry"},"_links":{"self":[{"href":"https:\/\/myvitaminss.com\/index.php\/wp-json\/wp\/v2\/product\/4780","targetHints":{"allow":["GET"]}}],"collection":[{"href":"https:\/\/myvitaminss.com\/index.php\/wp-json\/wp\/v2\/product"}],"about":[{"href":"https:\/\/myvitaminss.com\/index.php\/wp-json\/wp\/v2\/types\/product"}],"replies":[{"embeddable":true,"href":"https:\/\/myvitaminss.com\/index.php\/wp-json\/wp\/v2\/comments?post=4780"}],"wp:featuredmedia":[{"embeddable":true,"href":"https:\/\/myvitaminss.com\/index.php\/wp-json\/wp\/v2\/media\/5765"}],"wp:attachment":[{"href":"https:\/\/myvitaminss.com\/index.php\/wp-json\/wp\/v2\/media?parent=4780"}],"wp:term":[{"taxonomy":"product_brand","embeddable":true,"href":"https:\/\/myvitaminss.com\/index.php\/wp-json\/wp\/v2\/product_brand?post=4780"},{"taxonomy":"product_cat","embeddable":true,"href":"https:\/\/myvitaminss.com\/index.php\/wp-json\/wp\/v2\/product_cat?post=4780"},{"taxonomy":"product_tag","embeddable":true,"href":"https:\/\/myvitaminss.com\/index.php\/wp-json\/wp\/v2\/product_tag?post=4780"}],"curies":[{"name":"wp","href":"https:\/\/api.w.org\/{rel}","templated":true}]}}