{"id":4779,"date":"2021-04-20T21:21:40","date_gmt":"2021-04-21T03:21:40","guid":{"rendered":"https:\/\/myvitaminss.com\/?post_type=product&#038;p=4779"},"modified":"2022-04-28T12:13:28","modified_gmt":"2022-04-28T18:13:28","slug":"ultraestres-con-ginkgo-biloba-duo-pack","status":"publish","type":"product","link":"https:\/\/myvitaminss.com\/index.php\/producto\/ultraestres-con-ginkgo-biloba-duo-pack\/","title":{"rendered":"ULTRAESTRES CON GINKGO BILOBA DUO Pack"},"content":{"rendered":"<h6><\/h6>\n<h4 style=\"text-align: center;\"><span style=\"color: #3366ff;\"><strong><em>ULTRAESTRESS con Ginkgo Biloba\u00a0 C\u00e1psula de Gelatina Blanda Caja x 30 c\u00e1psulas<\/em><\/strong><\/span><\/h4>\n<h4 style=\"text-align: center;\"><span style=\"color: #3366ff;\"><em>Dosis:<\/em><\/span><\/h4>\n<h4 style=\"text-align: center;\"><span style=\"color: #000000;\"><strong>Tomar 2 c\u00e1psulas 2 veces al d\u00eda.<\/strong><\/span><em><span style=\"color: #000000;\"><br \/>\n<\/span><\/em><\/h4>\n<h4 style=\"text-align: center;\"><span style=\"color: #3366ff;\"><i>V\u00eda<\/i><\/span><em><span style=\"color: #000000;\"><strong><span style=\"color: #3366ff;\">\u00a0de Administraci\u00f3n:<\/span><\/strong> ORAL<\/span><\/em><\/h4>\n<h4 style=\"text-align: center;\"><strong><span style=\"color: #3366ff;\"><em>DIABETICOS Y VEGETARIANOS PUEDEN TOMARLO<\/em><\/span><\/strong><\/h4>\n","protected":false},"excerpt":{"rendered":"<h4 style=\"text-align: center;\"><em><span style=\"color: #3366ff;\"><strong>PRECIO DUO PACK <\/strong><strong>\u00a0<\/strong><\/span><\/em><\/h4>\n<h4 style=\"text-align: center;\"><em><span style=\"color: #3366ff;\"><strong>ULTRAESTRES con Ginkgo Biloba<br \/>\n<\/strong><\/span><\/em><\/h4>\n<p style=\"text-align: center;\"><em><span style=\"color: #3366ff;\"><strong>Contiene:<\/strong><\/span><\/em><\/p>\n<p style=\"text-align: center;\"><strong><span style=\"color: #000000;\">Vitamina E <\/span><\/strong><strong><span style=\"color: #000000;\">Acetato <\/span><\/strong><\/p>\n<p style=\"text-align: center;\"><strong><span style=\"color: #000000;\">Vitamina B1 <\/span><\/strong><\/p>\n<p style=\"text-align: center;\"><strong><span style=\"color: #000000;\">Vitamina B6<\/span><\/strong><\/p>\n<p style=\"text-align: center;\"><strong><span style=\"color: #000000;\">Vitamina B12<\/span><\/strong><\/p>\n<p style=\"text-align: center;\"><span style=\"color: #ff0000;\"><strong>Ginkgo Biloba<\/strong><\/span><\/p>\n<h4 style=\"text-align: center;\"><span style=\"color: #000000;\">Uno de los principales beneficios del ginkgo biloba es la<strong> mejora de la circulaci\u00f3n sangu\u00ednea<\/strong> debido a su contenido de flavonoides. Esto a su vez ayuda a mantener nuestro cerebro en buen estado, favoreciendo la concentraci\u00f3n y disminuyendo el cansancio. Debido a ello es muy recomendado entre personas de la tercera edad y quienes sufren de enfermedades degenerativas como el Alzheimer.<\/span><\/h4>\n<h4 style=\"text-align: center;\"><em><span style=\"color: #0000ff;\">El ginkgo biloba es una planta muy recomendada para <strong>aumentar la energ\u00eda<\/strong> y mejorar la memoria, adem\u00e1s es una gran aliada para combatir la depresi\u00f3n.<\/span><\/em><\/h4>\n<h4 class=\"apartado\" style=\"text-align: center;\"><span style=\"color: #000000;\">Su gran cantidad de antioxidantes que favorecen la circulaci\u00f3n sangu\u00ednea, ayudan tambi\u00e9n a <strong>prevenir la formaci\u00f3n de co\u00e1gulos<\/strong>. El <span style=\"color: #3366ff;\">ginkgo biloba<\/span> es un gran aliado para personas que se encuentran convalecientes despu\u00e9s de una trombosis, problemas card\u00edacos o accidentes cerebro vasculares.<\/span><\/h4>\n<h4 id=\"div-gpt-ad-1475096844741-5\" class=\" publibydfp ad breakpoint_1-5 breakpoint_2 breakpoint_2-5 breakpoint_3 breakpoint_4\" data-dfp=\"uncomo_common_articulo_roba_top\" data-google-query-id=\"CMHDmYC559ACFYIWhwodKYQOlA\"><\/h4>\n<h4 style=\"text-align: center;\"><span><em><span style=\"color: #3366ff;\">Gracias a sus efectos sobre la circulaci\u00f3n, el aspecto \u00edntimo tambi\u00e9n se ve favorecido, y es que el ginkgo Biloba\u00a0es una de las plantas medicinales recomendadas para aumentar el deseo sexual, mejorando las erecciones y la sensibilidad clitoriana.<\/span><\/em><\/span><\/h4>\n<h4 style=\"text-align: center;\"><strong><span style=\"color: #000000;\">Adem\u00e1s los antioxidantes que nos aporta ayudan a combatir la formaci\u00f3n de radicales libres, responsables del envejecimiento prematuro de la piel y de enfermedades como el c\u00e1ncer. Gracias a sus propiedades antinflamatorias y circulatorias, es muy recomendado para pacientes que sufren de diabetes, enfermedades reum\u00e1ticas como la artritis y molestias musculares.<\/span><\/strong><\/h4>\n<h4 style=\"text-align: center;\"><span style=\"color: #000000;\"><ins class=\"adsbygoogle\" data-ad-client=\"ca-pub-5975625697974259\" data-ad-slot=\"6426441994\" data-adsbygoogle-status=\"done\"><ins id=\"aswift_2_expand\"><ins id=\"aswift_2_anchor\"><\/ins><\/ins><\/ins><span style=\"color: #3366ff;\"><em>Es oportuno recordar que esta planta medicinal est\u00e1 contraindicada durante el embarazo y la lactancia.<\/em><\/span><\/span><\/h4>\n<h4><\/h4>\n","protected":false},"featured_media":5767,"comment_status":"closed","ping_status":"closed","template":"","meta":[],"product_cat":[146,134,147,138,139],"product_tag":[880,881,246,484,882,250,230,417,633],"class_list":{"0":"post-4779","1":"product","2":"type-product","3":"status-publish","4":"has-post-thumbnail","6":"product_cat-capsulas-de-gelatina-blanda","7":"product_cat-control-de-estres","8":"product_cat-laboratorios-biokemical","9":"product_cat-vitaminas-neurotropas","10":"product_cat-vitaminas-y-suplementos","11":"product_tag-alzheimer","12":"product_tag-circulacion-sanguinea","13":"product_tag-ginkgo-biloba","14":"product_tag-ultraestres-capsulas","15":"product_tag-ultraestres-con-ginkgo-biloba","16":"product_tag-vitamina-b1","17":"product_tag-vitamina-b12","18":"product_tag-vitamina-b6","19":"product_tag-vitamina-e","21":"first","22":"instock","23":"shipping-taxable","24":"purchasable","25":"product-type-simple","26":"col-xs-6 col-sm-4","27":"col-md-3 col-lg-3","28":"un-4-cols"},"_links":{"self":[{"href":"https:\/\/myvitaminss.com\/index.php\/wp-json\/wp\/v2\/product\/4779","targetHints":{"allow":["GET"]}}],"collection":[{"href":"https:\/\/myvitaminss.com\/index.php\/wp-json\/wp\/v2\/product"}],"about":[{"href":"https:\/\/myvitaminss.com\/index.php\/wp-json\/wp\/v2\/types\/product"}],"replies":[{"embeddable":true,"href":"https:\/\/myvitaminss.com\/index.php\/wp-json\/wp\/v2\/comments?post=4779"}],"wp:featuredmedia":[{"embeddable":true,"href":"https:\/\/myvitaminss.com\/index.php\/wp-json\/wp\/v2\/media\/5767"}],"wp:attachment":[{"href":"https:\/\/myvitaminss.com\/index.php\/wp-json\/wp\/v2\/media?parent=4779"}],"wp:term":[{"taxonomy":"product_cat","embeddable":true,"href":"https:\/\/myvitaminss.com\/index.php\/wp-json\/wp\/v2\/product_cat?post=4779"},{"taxonomy":"product_tag","embeddable":true,"href":"https:\/\/myvitaminss.com\/index.php\/wp-json\/wp\/v2\/product_tag?post=4779"}],"curies":[{"name":"wp","href":"https:\/\/api.w.org\/{rel}","templated":true}]}}