{"id":4765,"date":"2021-04-20T21:21:17","date_gmt":"2021-04-21T03:21:17","guid":{"rendered":"https:\/\/myvitaminss.com\/?post_type=product&#038;p=4765"},"modified":"2022-05-17T12:05:06","modified_gmt":"2022-05-17T18:05:06","slug":"piroxicam-20mg-funiver","status":"publish","type":"product","link":"https:\/\/myvitaminss.com\/index.php\/producto\/piroxicam-20mg-funiver\/","title":{"rendered":"PIROXICAM 20MG FUNIVER"},"content":{"rendered":"<h4 style=\"text-align: center;\"><span style=\"color: #3366ff;\"><em><strong>Contraindicaciones:<\/strong><\/em><\/span><\/h4>\n<h4 style=\"text-align: center;\"><strong><span style=\"color: #000000;\"><em><span style=\"color: #3366ff;\"> Piroxicam<\/span><\/em> no se debe administrar a pacientes hipersensibles a piroxicam, derivados pirazol\u00f3nicos, ni a la aspirina y otros antiinflamatorios no esteroides que producen s\u00edntomas de asthma, rinitis o urticaria, pacientes con \u00falcera p\u00e9ptica activa. <\/span><\/strong><\/h4>\n<h4 style=\"text-align: center;\"><span style=\"color: #3366ff;\"><em><strong>Advertencias: <\/strong><\/em><\/span><\/h4>\n<h4 style=\"text-align: center;\"><strong><span style=\"color: #000000;\"><em><span style=\"color: #3366ff;\">Piroxicam<\/span><\/em> no se debe administrar durante el embarazo y la lactancia.<\/span><\/strong><\/h4>\n","protected":false},"excerpt":{"rendered":"<h4 style=\"text-align: center;\"><span style=\"color: #3366ff;\"><em><strong>PIROXICAM<\/strong><\/em><\/span><br \/>\n<span style=\"color: #3366ff;\"><em><strong> 100 C\u00e1psulas <\/strong><\/em><\/span><\/h4>\n<h4 style=\"text-align: center;\"><span style=\"color: #3366ff;\"><em><strong>Indicaciones: <\/strong><\/em><\/span><\/h4>\n<h4 style=\"text-align: center;\"><em><span style=\"font-weight: bold; color: #000080;\"><span style=\"color: #3366ff;\">Piroxicam<\/span> <\/span><\/em><strong>est\u00e1 indicado como antiinflamatorio, analg\u00e9sico y antirreum\u00e1tico, en casos de artritis reumatoide, poliartritis cr\u00f3nica progresiva, artrosis, espondilosis, espondilo artritis\u00a0anquilosante, fibrositis, periartritis, gota aguda y enfermedad musculoesquel\u00e9tica.<\/strong><\/h4>\n<h4 style=\"text-align: center;\"><strong><span style=\"color: #3366ff;\"><i>Composici\u00f3n<\/i><em>: <\/em><\/span><\/strong><\/h4>\n<h4 style=\"text-align: center;\"><em><strong><span style=\"color: #3366ff;\">Cada c\u00e1psula contiene:<\/span> <\/strong><\/em><strong>Piroxicam USP 20 mg<\/strong><\/h4>\n<h4 style=\"text-align: center;\"><span style=\"color: #3366ff;\"><em><span style=\"font-weight: bold;\">Piroxicam <\/span><\/em><\/span><strong>pertenece a un nuevo grupo de antiinflamatorios no esteroides con acci\u00f3n analg\u00e9sica. Act\u00faa inhibiendo la bios\u00edntesis de prostaglandinas mediadoras de la inflamaci\u00f3n, su r\u00e1pida absorci\u00f3n por v\u00eda oral le permite una acci\u00f3n inmediata\u00a0tanto analg\u00e9sica como antiinflamatoria y antipir\u00e9tica. <\/strong><\/h4>\n<h4 style=\"text-align: center;\"><strong>Las concentraciones plasm\u00e1ticas de Piroxicam se mantienen entre 36 y 45 horas en el ser humano y siguiendo el tratamiento a dosis de 20 mg diarios durante 10 d\u00edas se estabilizan dichos niveles; Piroxicam se metaboliza en un 95% excret\u00e1ndose un 5% sin cambio por la orina y las heces.<\/strong><em><br \/>\n<\/em><\/h4>\n","protected":false},"featured_media":5783,"comment_status":"closed","ping_status":"closed","template":"","meta":[],"product_cat":[145,341,208,402],"product_tag":[832,833,834,375,835,836,837,838,839,840,841,842,843],"class_list":{"0":"post-4765","1":"product","2":"type-product","3":"status-publish","4":"has-post-thumbnail","6":"product_cat-artritis","7":"product_cat-artritis-artrosis-reuma","8":"product_cat-capsulas","9":"product_cat-laboratorios-saimed","10":"product_tag-analgesico-y-antirreumatico","11":"product_tag-antiinflamatorio","12":"product_tag-antiinflamatorios-no-esteroides","13":"product_tag-artritis-reumatoide","14":"product_tag-artrosis","15":"product_tag-enfermedad-muscloesqueletica","16":"product_tag-espondiloartritis-anquilosante","17":"product_tag-espondilosis","18":"product_tag-fibrositis","19":"product_tag-gota-aguda","20":"product_tag-periartritis","21":"product_tag-piroxicam-20mg","22":"product_tag-poliartritis-cronica-progresiva","24":"first","25":"instock","26":"shipping-taxable","27":"purchasable","28":"product-type-simple","29":"col-xs-6 col-sm-4","30":"col-md-3 col-lg-3","31":"un-4-cols"},"_links":{"self":[{"href":"https:\/\/myvitaminss.com\/index.php\/wp-json\/wp\/v2\/product\/4765","targetHints":{"allow":["GET"]}}],"collection":[{"href":"https:\/\/myvitaminss.com\/index.php\/wp-json\/wp\/v2\/product"}],"about":[{"href":"https:\/\/myvitaminss.com\/index.php\/wp-json\/wp\/v2\/types\/product"}],"replies":[{"embeddable":true,"href":"https:\/\/myvitaminss.com\/index.php\/wp-json\/wp\/v2\/comments?post=4765"}],"wp:featuredmedia":[{"embeddable":true,"href":"https:\/\/myvitaminss.com\/index.php\/wp-json\/wp\/v2\/media\/5783"}],"wp:attachment":[{"href":"https:\/\/myvitaminss.com\/index.php\/wp-json\/wp\/v2\/media?parent=4765"}],"wp:term":[{"taxonomy":"product_cat","embeddable":true,"href":"https:\/\/myvitaminss.com\/index.php\/wp-json\/wp\/v2\/product_cat?post=4765"},{"taxonomy":"product_tag","embeddable":true,"href":"https:\/\/myvitaminss.com\/index.php\/wp-json\/wp\/v2\/product_tag?post=4765"}],"curies":[{"name":"wp","href":"https:\/\/api.w.org\/{rel}","templated":true}]}}