{"id":4745,"date":"2021-04-20T21:21:16","date_gmt":"2021-04-21T03:21:16","guid":{"rendered":"https:\/\/myvitaminss.com\/?post_type=product&#038;p=4745"},"modified":"2022-05-31T10:41:55","modified_gmt":"2022-05-31T16:41:55","slug":"omeprazol-20mg-saimed","status":"publish","type":"product","link":"https:\/\/myvitaminss.com\/index.php\/producto\/omeprazol-20mg-saimed\/","title":{"rendered":"Omeprazol 20mg Saimed"},"content":{"rendered":"","protected":false},"excerpt":{"rendered":"<h4 style=\"text-align: center;\"><strong><em><span style=\"color: #000000;\"><span style=\"color: #3366ff;\">El omeprazol<\/span>\u00a0 <\/span><\/em><span style=\"color: #000000;\">se utiliza para tratar la acidez estomacal frecuente (acidez estomacal que ocurre, al menos, 2 o m\u00e1s d\u00edas a la semana). <\/span><\/strong><\/h4>\n<h4 style=\"text-align: center;\"><strong><span style=\"color: #3366ff;\"><em>El omeprazol<\/em><\/span><span style=\"color: #000000;\"> pertenece a una clase de medicamentos denominado<\/span><em><span style=\"color: #000000;\">s <\/span><\/em><span style=\"color: #000000;\">inhibidores de la bomba de protones. <\/span><\/strong><\/h4>\n<h4 style=\"text-align: center;\"><strong><span style=\"color: #000000;\">Act\u00faa disminuyendo la cantidad de \u00e1cido que el est\u00f3mago produce.<\/span><\/strong><\/h4>\n","protected":false},"featured_media":5800,"comment_status":"closed","ping_status":"closed","template":"","meta":{"_kad_post_transparent":"","_kad_post_title":"","_kad_post_layout":"","_kad_post_sidebar_id":"","_kad_post_content_style":"","_kad_post_vertical_padding":"","_kad_post_feature":"","_kad_post_feature_position":"","_kad_post_header":false,"_kad_post_footer":false,"_kad_post_classname":""},"product_brand":[],"product_cat":[208,402,279,295],"product_tag":[806,807,808,809],"class_list":{"0":"post-4745","1":"product","2":"type-product","3":"status-publish","4":"has-post-thumbnail","6":"product_cat-capsulas","7":"product_cat-laboratorios-saimed","8":"product_cat-medicina","9":"product_cat-para-el-estomago","10":"product_tag-acidez-estomacal","11":"product_tag-disminuye-la-cantidad-de-acido","12":"product_tag-inhibidor-de-la-bomba-de-protones","13":"product_tag-omeprazol-20mg","15":"first","16":"instock","17":"shipping-taxable","18":"purchasable","19":"product-type-simple","20":"entry","21":"content-bg","22":"loop-entry"},"_links":{"self":[{"href":"https:\/\/myvitaminss.com\/index.php\/wp-json\/wp\/v2\/product\/4745","targetHints":{"allow":["GET"]}}],"collection":[{"href":"https:\/\/myvitaminss.com\/index.php\/wp-json\/wp\/v2\/product"}],"about":[{"href":"https:\/\/myvitaminss.com\/index.php\/wp-json\/wp\/v2\/types\/product"}],"replies":[{"embeddable":true,"href":"https:\/\/myvitaminss.com\/index.php\/wp-json\/wp\/v2\/comments?post=4745"}],"wp:featuredmedia":[{"embeddable":true,"href":"https:\/\/myvitaminss.com\/index.php\/wp-json\/wp\/v2\/media\/5800"}],"wp:attachment":[{"href":"https:\/\/myvitaminss.com\/index.php\/wp-json\/wp\/v2\/media?parent=4745"}],"wp:term":[{"taxonomy":"product_brand","embeddable":true,"href":"https:\/\/myvitaminss.com\/index.php\/wp-json\/wp\/v2\/product_brand?post=4745"},{"taxonomy":"product_cat","embeddable":true,"href":"https:\/\/myvitaminss.com\/index.php\/wp-json\/wp\/v2\/product_cat?post=4745"},{"taxonomy":"product_tag","embeddable":true,"href":"https:\/\/myvitaminss.com\/index.php\/wp-json\/wp\/v2\/product_tag?post=4745"}],"curies":[{"name":"wp","href":"https:\/\/api.w.org\/{rel}","templated":true}]}}