{"id":4716,"date":"2021-04-20T21:20:59","date_gmt":"2021-04-21T03:20:59","guid":{"rendered":"https:\/\/myvitaminss.com\/?post_type=product&#038;p=4716"},"modified":"2021-04-20T21:21:09","modified_gmt":"2021-04-21T03:21:09","slug":"cefalexina-500mg-saimed","status":"publish","type":"product","link":"https:\/\/myvitaminss.com\/index.php\/producto\/cefalexina-500mg-saimed\/","title":{"rendered":"Cefalexina 500mg Saimed"},"content":{"rendered":"<h4 style=\"text-align: center;\"><em><strong><span style=\"color: #000000;\">Dosis:<\/span><\/strong><\/em><\/h4>\n<h4 style=\"text-align: center;\"><em><strong><span style=\"color: #000000;\">Generalmente se toma con o sin alimentos cada 6 o 12 horas durante 7 a 14 d\u00edas, dependiendo de la condici\u00f3n que se est\u00e9 tratando. <\/span><\/strong><\/em><\/h4>\n<h4 style=\"text-align: center;\"><em><strong><span style=\"color: #000000;\">Tome la cefalexina aproximadamente a la misma hora todos los d\u00edas.<\/span><\/strong><\/em><\/h4>\n<p>&nbsp;<\/p>\n<h4 style=\"text-align: center;\"><em><strong><span style=\"color: #000000;\">\u00a0<\/span><\/strong><\/em><\/h4>\n<p>&nbsp;<\/p>\n","protected":false},"excerpt":{"rendered":"<h4 style=\"text-align: center;\"><code>[prisna-google-website-translator]<\/code><\/h4>\n<h4 style=\"text-align: center;\"><strong><em><span style=\"color: #0000ff;\">Dispensador de 100 C\u00e1psulas<\/span><\/em><\/strong><\/h4>\n<h4 style=\"text-align: center;\"><strong><em><span style=\"color: #000000;\"><span style=\"color: #ff0000;\">La cefalexina<\/span> se usa para tratar algunas infecciones provocadas por bacterias como neumon\u00eda y otras infecciones del tracto respiratorio; e infecciones de los huesos, piel, o\u00eddos, , genitales, y del tracto urinario. <\/span><\/em><\/strong><\/h4>\n<h4 style=\"text-align: center;\"><strong><em><span style=\"color: #000000;\">La cefalexina pertenece a una clase de medicamentos llamados antibi\u00f3ticos de cefalosporina. <\/span><\/em><\/strong><\/h4>\n<h4 style=\"text-align: center;\"><strong><em><span style=\"color: #000000;\">Funciona matando las bacterias.<\/span><\/em><\/strong><\/h4>\n<h4 style=\"text-align: center;\"><strong><em><span style=\"color: #000000;\"><span style=\"color: #0000ff;\">Los antibi\u00f3ticos como la cefalexina no funcionan para combatir resfriados, influenza u otras infecciones virales.<\/span> <\/span><\/em><\/strong><\/h4>\n<h4 style=\"text-align: center;\"><span style=\"color: #ff0000;\"><strong><em>Usar antibi\u00f3ticos cuando no son necesarios aumenta su riesgo de contraer una infecci\u00f3n m\u00e1s adelante, que se resista al tratamiento con antibi\u00f3tico.<\/em><\/strong><\/span><\/h4>\n","protected":false},"featured_media":4736,"comment_status":"closed","ping_status":"closed","template":"","meta":[],"product_cat":[],"product_tag":[],"class_list":{"0":"post-4716","1":"product","2":"type-product","3":"status-publish","4":"has-post-thumbnail","7":"first","8":"outofstock","9":"shipping-taxable","10":"purchasable","11":"product-type-simple","12":"col-xs-6 col-sm-4","13":"col-md-3 col-lg-3","14":"un-4-cols"},"_links":{"self":[{"href":"https:\/\/myvitaminss.com\/index.php\/wp-json\/wp\/v2\/product\/4716","targetHints":{"allow":["GET"]}}],"collection":[{"href":"https:\/\/myvitaminss.com\/index.php\/wp-json\/wp\/v2\/product"}],"about":[{"href":"https:\/\/myvitaminss.com\/index.php\/wp-json\/wp\/v2\/types\/product"}],"replies":[{"embeddable":true,"href":"https:\/\/myvitaminss.com\/index.php\/wp-json\/wp\/v2\/comments?post=4716"}],"wp:featuredmedia":[{"embeddable":true,"href":"https:\/\/myvitaminss.com\/index.php\/wp-json\/wp\/v2\/media\/4736"}],"wp:attachment":[{"href":"https:\/\/myvitaminss.com\/index.php\/wp-json\/wp\/v2\/media?parent=4716"}],"wp:term":[{"taxonomy":"product_cat","embeddable":true,"href":"https:\/\/myvitaminss.com\/index.php\/wp-json\/wp\/v2\/product_cat?post=4716"},{"taxonomy":"product_tag","embeddable":true,"href":"https:\/\/myvitaminss.com\/index.php\/wp-json\/wp\/v2\/product_tag?post=4716"}],"curies":[{"name":"wp","href":"https:\/\/api.w.org\/{rel}","templated":true}]}}