{"id":4715,"date":"2021-04-20T21:20:59","date_gmt":"2021-04-21T03:20:59","guid":{"rendered":"https:\/\/myvitaminss.com\/?post_type=product&#038;p=4715"},"modified":"2021-04-20T21:21:08","modified_gmt":"2021-04-21T03:21:08","slug":"cefadroxil-500mg-saimed","status":"publish","type":"product","link":"https:\/\/myvitaminss.com\/index.php\/producto\/cefadroxil-500mg-saimed\/","title":{"rendered":"Cefadroxil 500mg Saimed"},"content":{"rendered":"<h4 style=\"text-align: center;\"><em><strong><span style=\"color: #000000;\">Dosis:<\/span><\/strong><\/em><\/h4>\n<h4 style=\"text-align: center;\"><strong><em><span style=\"color: #000000;\">Usualmente se toma con o sin alimentos cada 12 o 24 horas. <\/span><\/em><\/strong><\/h4>\n<h4 style=\"text-align: center;\"><strong><em><span style=\"color: #000000;\">Tome el cefadroxilo aproximadamente a la misma hora todos los d\u00edas. <\/span><\/em><\/strong><\/h4>\n<p><strong style=\"color: #000000;\"><em><span style=\"color: #000000;\">Tome el cefadroxilo con los alimentos para reducir las n\u00e1useas y el malestar estomacal.<\/span><\/em><\/strong><\/p>\n<h4 style=\"text-align: center;\"><em><strong><span style=\"color: #000000;\">\u00a0<\/span><\/strong><\/em><\/h4>\n<h4 style=\"text-align: center;\"><em><strong><span style=\"color: #000000;\">\u00a0<\/span><\/strong><\/em><\/h4>\n<p>&nbsp;<\/p>\n","protected":false},"excerpt":{"rendered":"<h5 style=\"text-align: center;\"><code>[prisna-google-website-translator]<\/code><\/h5>\n<h5 style=\"text-align: center;\"><strong><em><span style=\"color: #0000ff;\">Dispensador de 100 C\u00e1psulas<\/span><\/em><\/strong><\/h5>\n<div id=\"section-1\" class=\"section-body\">\n<h4 style=\"text-align: center;\"><em><strong><span style=\"color: #000000;\"><span style=\"color: #ff0000;\">El cefadroxilo<\/span> se usa para tratar algunas infecciones provocadas por bacterias, tales como infecciones de la piel, garganta, am\u00edgdalas, y del tracto urinario. <\/span><\/strong><\/em><\/h4>\n<h4 style=\"text-align: center;\"><em><strong><span style=\"color: #000000;\">La cefalexina pertenece a una clase de medicamentos llamados antibi\u00f3ticos de cefalosporina. <\/span><\/strong><\/em><\/h4>\n<h4 style=\"text-align: center;\"><em><strong><span style=\"color: #000000;\">Funciona matando las bacterias.<\/span><\/strong><\/em><\/h4>\n<h4 style=\"text-align: center;\"><em><strong><span style=\"color: #000000;\"><span style=\"color: #0000ff;\">Los antibi\u00f3ticos como el cefadroxilo no funcionan para combatir resfriados, influenza u otras infecciones virales.<\/span> <\/span><\/strong><\/em><\/h4>\n<h4 style=\"text-align: center;\"><span style=\"color: #ff0000;\"><em><strong>Usar antibi\u00f3ticos cuando no son necesarios aumenta su riesgo de contraer una infecci\u00f3n m\u00e1s adelante, que se resista al tratamiento con antibi\u00f3tico.<\/strong><\/em><\/span><\/h4>\n<\/div>\n<p>&nbsp;<\/p>\n","protected":false},"featured_media":4735,"comment_status":"closed","ping_status":"closed","template":"","meta":[],"product_cat":[498,402,279],"product_tag":[791,792,793,794,795,796,797,776,798],"class_list":{"0":"post-4715","1":"product","2":"type-product","3":"status-publish","4":"has-post-thumbnail","6":"product_cat-antibioticos","7":"product_cat-laboratorios-saimed","8":"product_cat-medicina","9":"product_tag-amigdalas","10":"product_tag-antibioticos-de-cefalosporina","11":"product_tag-cefadroxil-500mg","12":"product_tag-cefadroxilo","13":"product_tag-garganta","14":"product_tag-infeccion-del-tracto-urinario","15":"product_tag-infecciones-de-la-piel","16":"product_tag-infecciones-provocadas-por-bacterias","17":"product_tag-mata-las-bacterias","19":"first","20":"outofstock","21":"shipping-taxable","22":"purchasable","23":"product-type-simple","24":"col-xs-6 col-sm-4","25":"col-md-3 col-lg-3","26":"un-4-cols"},"_links":{"self":[{"href":"https:\/\/myvitaminss.com\/index.php\/wp-json\/wp\/v2\/product\/4715","targetHints":{"allow":["GET"]}}],"collection":[{"href":"https:\/\/myvitaminss.com\/index.php\/wp-json\/wp\/v2\/product"}],"about":[{"href":"https:\/\/myvitaminss.com\/index.php\/wp-json\/wp\/v2\/types\/product"}],"replies":[{"embeddable":true,"href":"https:\/\/myvitaminss.com\/index.php\/wp-json\/wp\/v2\/comments?post=4715"}],"wp:featuredmedia":[{"embeddable":true,"href":"https:\/\/myvitaminss.com\/index.php\/wp-json\/wp\/v2\/media\/4735"}],"wp:attachment":[{"href":"https:\/\/myvitaminss.com\/index.php\/wp-json\/wp\/v2\/media?parent=4715"}],"wp:term":[{"taxonomy":"product_cat","embeddable":true,"href":"https:\/\/myvitaminss.com\/index.php\/wp-json\/wp\/v2\/product_cat?post=4715"},{"taxonomy":"product_tag","embeddable":true,"href":"https:\/\/myvitaminss.com\/index.php\/wp-json\/wp\/v2\/product_tag?post=4715"}],"curies":[{"name":"wp","href":"https:\/\/api.w.org\/{rel}","templated":true}]}}