{"id":4714,"date":"2021-04-20T21:20:59","date_gmt":"2021-04-21T03:20:59","guid":{"rendered":"https:\/\/myvitaminss.com\/?post_type=product&#038;p=4714"},"modified":"2022-06-07T10:33:58","modified_gmt":"2022-06-07T16:33:58","slug":"sin-infecciones-con-ampicilina-500mg-saimed","status":"publish","type":"product","link":"https:\/\/myvitaminss.com\/index.php\/producto\/sin-infecciones-con-ampicilina-500mg-saimed\/","title":{"rendered":"Sin infecciones con Ampicilina 500mg Saimed"},"content":{"rendered":"<h4 style=\"text-align: center;\"><span style=\"color: #3366ff;\"><em><strong>Dosis:<\/strong><\/em><\/span><\/h4>\n<h4 style=\"text-align: center;\"><strong><span style=\"color: #000000;\">Se toma, por lo general, cada 6 horas (4 veces al d\u00eda). <\/span><\/strong><\/h4>\n<h4 style=\"text-align: center;\"><em><strong><span style=\"color: #000000;\">\u00a0<\/span><\/strong><\/em><\/h4>\n<p>&nbsp;<\/p>\n","protected":false},"excerpt":{"rendered":"<h3 style=\"text-align: center;\"><span style=\"color: #3366ff;\"><strong><em>Dispensador de 100 C\u00e1psulas<\/em><\/strong><\/span><\/h3>\n<h4 style=\"text-align: center;\"><em><strong><span style=\"color: #000000;\"><span style=\"color: #3366ff;\">La ampicilina<\/span> <\/span><\/strong><\/em><strong><span style=\"color: #000000;\">es un antibi\u00f3tico similar a la penicilina usado para tratar ciertas infecciones provocadas por las bacterias como la neumon\u00eda; bronquitis; y las infecciones al o\u00eddo, pulm\u00f3n, piel y v\u00edas urinarias.<\/span><\/strong><\/h4>\n<h4 style=\"text-align: center;\"><span style=\"color: #3366ff;\"><em><strong>Los antibi\u00f3ticos no tienen ning\u00fan efecto sobre los resfr\u00edos, la gripe y otras infecciones virales.<\/strong><\/em><\/span><\/h4>\n<p>&nbsp;<\/p>\n","protected":false},"featured_media":5814,"comment_status":"closed","ping_status":"closed","template":"","meta":{"_kad_post_transparent":"","_kad_post_title":"","_kad_post_layout":"","_kad_post_sidebar_id":"","_kad_post_content_style":"","_kad_post_vertical_padding":"","_kad_post_feature":"","_kad_post_feature_position":"","_kad_post_header":false,"_kad_post_footer":false,"_kad_post_classname":""},"product_brand":[],"product_cat":[498,208,402],"product_tag":[786,787,788,789,790],"class_list":{"0":"post-4714","1":"product","2":"type-product","3":"status-publish","4":"has-post-thumbnail","6":"product_cat-antibioticos","7":"product_cat-capsulas","8":"product_cat-laboratorios-saimed","9":"product_tag-ampicilina-capsulas-500mg","10":"product_tag-ampicilina-capsulas-500mg-amazon","11":"product_tag-ampicilina-capsulas-500mg-ebay","12":"product_tag-ampicilina-capsulas-500mg-original-el-salvador","13":"product_tag-tratamiento-de-infecciones","15":"first","16":"instock","17":"shipping-taxable","18":"purchasable","19":"product-type-simple","20":"entry","21":"content-bg","22":"loop-entry"},"_links":{"self":[{"href":"https:\/\/myvitaminss.com\/index.php\/wp-json\/wp\/v2\/product\/4714","targetHints":{"allow":["GET"]}}],"collection":[{"href":"https:\/\/myvitaminss.com\/index.php\/wp-json\/wp\/v2\/product"}],"about":[{"href":"https:\/\/myvitaminss.com\/index.php\/wp-json\/wp\/v2\/types\/product"}],"replies":[{"embeddable":true,"href":"https:\/\/myvitaminss.com\/index.php\/wp-json\/wp\/v2\/comments?post=4714"}],"wp:featuredmedia":[{"embeddable":true,"href":"https:\/\/myvitaminss.com\/index.php\/wp-json\/wp\/v2\/media\/5814"}],"wp:attachment":[{"href":"https:\/\/myvitaminss.com\/index.php\/wp-json\/wp\/v2\/media?parent=4714"}],"wp:term":[{"taxonomy":"product_brand","embeddable":true,"href":"https:\/\/myvitaminss.com\/index.php\/wp-json\/wp\/v2\/product_brand?post=4714"},{"taxonomy":"product_cat","embeddable":true,"href":"https:\/\/myvitaminss.com\/index.php\/wp-json\/wp\/v2\/product_cat?post=4714"},{"taxonomy":"product_tag","embeddable":true,"href":"https:\/\/myvitaminss.com\/index.php\/wp-json\/wp\/v2\/product_tag?post=4714"}],"curies":[{"name":"wp","href":"https:\/\/api.w.org\/{rel}","templated":true}]}}