{"id":4711,"date":"2021-04-20T21:20:59","date_gmt":"2021-04-21T03:20:59","guid":{"rendered":"https:\/\/myvitaminss.com\/?post_type=product&#038;p=4711"},"modified":"2021-04-20T21:21:07","modified_gmt":"2021-04-21T03:21:07","slug":"lagel-lubricante-y-pontencializador-sexual","status":"publish","type":"product","link":"https:\/\/myvitaminss.com\/index.php\/producto\/lagel-lubricante-y-pontencializador-sexual\/","title":{"rendered":"LAGEL Lubricante y Pontencializador Sexual"},"content":{"rendered":"<h4 style=\"text-align: center;\"><img loading=\"lazy\" decoding=\"async\" class=\"aligncenter size-full wp-image-4415\" src=\"http:\/\/vitaminas.comprarenelsalvador.com\/wp-content\/uploads\/2016\/07\/lagel56.jpg\" alt=\"lagel56\" width=\"225\" height=\"300\" \/><\/h4>\n<h4 style=\"text-align: center;\"><em><strong><span style=\"color: #000000;\">En los hombres da una erecci\u00f3n m\u00e1s r\u00edgida y prolongada, esto debido a que mejora la circulaci\u00f3n. Brindando una eyaculaci\u00f3n m\u00e1s intensa<\/span><\/strong><\/em><\/h4>\n<h4 style=\"text-align: center;\"><img loading=\"lazy\" decoding=\"async\" class=\"aligncenter size-full wp-image-4416\" src=\"http:\/\/vitaminas.comprarenelsalvador.com\/wp-content\/uploads\/2016\/07\/lagel1.jpg\" alt=\"lagel1\" width=\"432\" height=\"427\" \/><\/h4>\n<h4 style=\"text-align: center;\"><em><strong><span style=\"color: #000000;\">En las mujeres es un potencializador para el orgasmo, acelera la preparaci\u00f3n del cuerpo para el acto sexual, adem\u00e1s act\u00faa como un lubricante que se confunde con la lubricaci\u00f3n natural.<\/span><\/strong><\/em><\/h4>\n<h4 style=\"text-align: center;\"><em><strong><span style=\"color: #000000;\">es un producto efectivo y seguro, que permite que su principal ingrediente L&#8217;arginina, aumente el deseo y el placer sexual. Tambi\u00e9n contiene mentol que estimula a\u00fan m\u00e1s los orgasmos y da una sensaci\u00f3n de frescura.<\/span><\/strong><\/em><\/h4>\n<h4 style=\"text-align: center;\"><span style=\"color: #ff0000;\"><strong><em>Modo de Uso:<\/em><\/strong><\/span><\/h4>\n<h4 style=\"text-align: center;\"><span style=\"color: #0000ff;\"><strong><em>Hombres:<\/em><\/strong><\/span><\/h4>\n<h4 style=\"text-align: center;\"><strong><em><span style=\"color: #000000;\">5-10 minutos antes de la actividad sexual aplicar desde la base al glande del pene.<\/span><\/em><\/strong><\/h4>\n<h4 style=\"text-align: center;\"><span style=\"color: #0000ff;\"><strong><em>Mujeres:<\/em><\/strong><\/span><\/h4>\n<h4 style=\"text-align: center;\"><strong><em><span style=\"color: #000000;\">5-10 minutos antes de la actividad sexual aplicar en el \u00e1rea del cl\u00edtoris y frotarla suavemente por varios segundos, se tendr\u00e1 una sensaci\u00f3n de frescura y cosquilleo.<\/span><\/em><\/strong><\/h4>\n<p>&nbsp;<\/p>\n","protected":false},"excerpt":{"rendered":"<p style=\"text-align: center;\"><code>[prisna-google-website-translator]<\/code><\/p>\n<p style=\"text-align: center;\">Tubito de 20ml<\/p>\n<p style=\"text-align: center;\"><strong><em><span style=\"color: #000000;\"><span style=\"color: #ff0000;\">INDICACIONES:<\/span> <\/span><\/em><\/strong><\/p>\n<p style=\"text-align: center;\"><strong><em><span style=\"color: #000000;\">L&#8217;Agel\u00a0 producto innovador. <\/span><\/em><\/strong><\/p>\n<p style=\"text-align: center;\"><strong><em><span style=\"color: #000000;\">Efectivo y seguro para ambos sexos, contiene vasodilatadores para incrementar el flujo sangu\u00edneo en el \u00e1rea genital y lubricantes para facilitar la penetraci\u00f3n, aumentando el deseo y placer sexual, produciendo orgasmos m\u00e1s intensos.<\/span><\/em><\/strong><\/p>\n","protected":false},"featured_media":4732,"comment_status":"closed","ping_status":"closed","template":"","meta":{"_kad_post_transparent":"","_kad_post_title":"","_kad_post_layout":"","_kad_post_sidebar_id":"","_kad_post_content_style":"","_kad_post_vertical_padding":"","_kad_post_feature":"","_kad_post_feature_position":"","_kad_post_header":false,"_kad_post_footer":false,"_kad_post_classname":""},"product_brand":[],"product_cat":[],"product_tag":[],"class_list":{"0":"post-4711","1":"product","2":"type-product","3":"status-publish","4":"has-post-thumbnail","7":"first","8":"outofstock","9":"shipping-taxable","10":"purchasable","11":"product-type-simple","12":"entry","13":"content-bg","14":"loop-entry"},"_links":{"self":[{"href":"https:\/\/myvitaminss.com\/index.php\/wp-json\/wp\/v2\/product\/4711","targetHints":{"allow":["GET"]}}],"collection":[{"href":"https:\/\/myvitaminss.com\/index.php\/wp-json\/wp\/v2\/product"}],"about":[{"href":"https:\/\/myvitaminss.com\/index.php\/wp-json\/wp\/v2\/types\/product"}],"replies":[{"embeddable":true,"href":"https:\/\/myvitaminss.com\/index.php\/wp-json\/wp\/v2\/comments?post=4711"}],"wp:featuredmedia":[{"embeddable":true,"href":"https:\/\/myvitaminss.com\/index.php\/wp-json\/wp\/v2\/media\/4732"}],"wp:attachment":[{"href":"https:\/\/myvitaminss.com\/index.php\/wp-json\/wp\/v2\/media?parent=4711"}],"wp:term":[{"taxonomy":"product_brand","embeddable":true,"href":"https:\/\/myvitaminss.com\/index.php\/wp-json\/wp\/v2\/product_brand?post=4711"},{"taxonomy":"product_cat","embeddable":true,"href":"https:\/\/myvitaminss.com\/index.php\/wp-json\/wp\/v2\/product_cat?post=4711"},{"taxonomy":"product_tag","embeddable":true,"href":"https:\/\/myvitaminss.com\/index.php\/wp-json\/wp\/v2\/product_tag?post=4711"}],"curies":[{"name":"wp","href":"https:\/\/api.w.org\/{rel}","templated":true}]}}