{"id":4705,"date":"2021-04-20T21:20:58","date_gmt":"2021-04-21T03:20:58","guid":{"rendered":"https:\/\/myvitaminss.com\/?post_type=product&#038;p=4705"},"modified":"2022-06-07T10:48:54","modified_gmt":"2022-06-07T16:48:54","slug":"cardiomega-500mg-capsulas-tripack","status":"publish","type":"product","link":"https:\/\/myvitaminss.com\/index.php\/producto\/cardiomega-500mg-capsulas-tripack\/","title":{"rendered":"Cardiomega 500mg C\u00e1psulas"},"content":{"rendered":"<h4 style=\"text-align: center;\"><strong><em><span style=\"color: #3366ff;\">Caja por 30 C\u00e1psulas<\/span><\/em><\/strong><\/h4>\n<h4 style=\"text-align: center;\"><strong><em><span style=\"color: #3366ff;\">Dosis:<\/span><\/em><\/strong><\/h4>\n<p style=\"text-align: center;\"><strong><span style=\"color: #000000;\">Tomar 2 c\u00e1psulas despu\u00e9s de cada comida.<\/span><\/strong><\/p>\n<p>&nbsp;<\/p>\n<p style=\"text-align: center;\"><span style=\"color: #000000;\"><span style=\"color: #3366ff;\"><b><i>V\u00eda<\/i><\/b><\/span><strong style=\"color: #000000;\"><em><span style=\"color: #3366ff;\">\u00a0de Administraci\u00f3n:<\/span><\/em> ORAL<\/strong><\/span><\/p>\n<p style=\"text-align: center;\"><span style=\"color: #000000;\">\u00a0<\/span><\/p>\n<p style=\"text-align: center;\"><span style=\"color: #3366ff;\"><em><strong>DIABETICOS Y <span style=\"color: #000000;\">VEGETARIANOS<\/span> PUEDEN TOMARLO<\/strong><\/em><\/span><\/p>\n","protected":false},"excerpt":{"rendered":"<h4 style=\"text-align: center;\"><em><span style=\"color: #3366ff;\"><strong>Cardiomega 500mg<\/strong><\/span><\/em><\/h4>\n<h4 style=\"text-align: center;\"><span style=\"color: #000000;\"><strong>Por contener un tipo de aceite natural altamente concentrado extra\u00eddo de los peces y que el cuerpo humano no produce, el aceite Omega 3 ayuda a reducir el colesterol y los triglic\u00e9ridos protegiendo el coraz\u00f3n de forma natural.<\/strong><\/span><\/h4>\n<p>&nbsp;<\/p>\n","protected":false},"featured_media":5815,"comment_status":"closed","ping_status":"closed","template":"","meta":[],"product_cat":[208,147],"product_tag":[252,241,764,242,257],"class_list":{"0":"post-4705","1":"product","2":"type-product","3":"status-publish","4":"has-post-thumbnail","6":"product_cat-capsulas","7":"product_cat-laboratorios-biokemical","8":"product_tag-biokemical","9":"product_tag-colesterol","10":"product_tag-omega-3","11":"product_tag-trigliceridos","12":"product_tag-vitaminas-en-el-salvador","14":"first","15":"instock","16":"shipping-taxable","17":"purchasable","18":"product-type-simple","19":"col-xs-6 col-sm-4","20":"col-md-3 col-lg-3","21":"un-4-cols"},"_links":{"self":[{"href":"https:\/\/myvitaminss.com\/index.php\/wp-json\/wp\/v2\/product\/4705","targetHints":{"allow":["GET"]}}],"collection":[{"href":"https:\/\/myvitaminss.com\/index.php\/wp-json\/wp\/v2\/product"}],"about":[{"href":"https:\/\/myvitaminss.com\/index.php\/wp-json\/wp\/v2\/types\/product"}],"replies":[{"embeddable":true,"href":"https:\/\/myvitaminss.com\/index.php\/wp-json\/wp\/v2\/comments?post=4705"}],"wp:featuredmedia":[{"embeddable":true,"href":"https:\/\/myvitaminss.com\/index.php\/wp-json\/wp\/v2\/media\/5815"}],"wp:attachment":[{"href":"https:\/\/myvitaminss.com\/index.php\/wp-json\/wp\/v2\/media?parent=4705"}],"wp:term":[{"taxonomy":"product_cat","embeddable":true,"href":"https:\/\/myvitaminss.com\/index.php\/wp-json\/wp\/v2\/product_cat?post=4705"},{"taxonomy":"product_tag","embeddable":true,"href":"https:\/\/myvitaminss.com\/index.php\/wp-json\/wp\/v2\/product_tag?post=4705"}],"curies":[{"name":"wp","href":"https:\/\/api.w.org\/{rel}","templated":true}]}}