{"id":4674,"date":"2021-04-20T21:20:48","date_gmt":"2021-04-21T03:20:48","guid":{"rendered":"https:\/\/myvitaminss.com\/?post_type=product&#038;p=4674"},"modified":"2023-05-31T16:59:47","modified_gmt":"2023-05-31T22:59:47","slug":"sin-dolor-con-dolo-neurotropas-vitaminado-120-capsulas","status":"publish","type":"product","link":"https:\/\/myvitaminss.com\/index.php\/producto\/sin-dolor-con-dolo-neurotropas-vitaminado-120-capsulas\/","title":{"rendered":"Sin dolor con DOLO NEUROTROPAS VITAMINADO 120 C\u00e1psulas"},"content":{"rendered":"<h4 style=\"text-align: center;\"><span style=\"color: #3366ff;\"><em><strong>30\u00a0Sobres con 4 C\u00e1psulas cada sobre<\/strong><\/em><\/span><\/h4>\n<h4 style=\"text-align: center;\"><span style=\"color: #3366ff;\"><em><strong>DOSIS:<\/strong><\/em><\/span><\/h4>\n<h4 style=\"text-align: center;\"><span style=\"color: #3366ff;\"><em><strong>Por lo general se recomienda:<\/strong><\/em><\/span><\/h4>\n<h4 style=\"text-align: center;\"><span style=\"color: #3366ff;\"><i>J\u00f3venes<\/i><em> y Adultos: <\/em><\/span>Tomar 1 C\u00e1psula cada 8 horas por 2 d\u00edas\u00a0seguidos, luego 1 c\u00e1psula ma\u00f1ana y noche por 3 d\u00edas\u00a0mas.<\/h4>\n<h4 style=\"text-align: center;\"><span style=\"color: #3366ff;\"><em><strong>CONTRA INDICACIONES Y ADVERTENCIAS:<\/strong><\/em><\/span><\/h4>\n<h4 style=\"text-align: center;\"><strong>Hipersensibilidad a los componentes de la f\u00f3rmula<\/strong><\/h4>\n<h4 style=\"text-align: center;\"><strong>Personas con trastornos Gastrointestinales (\u00falcera Gastroduodenal)<\/strong><\/h4>\n<h4 style=\"text-align: center;\"><span style=\"color: #3366ff;\"><em><strong>No usar durante el embarazo y lactancia.<\/strong><\/em><\/span><\/h4>\n","protected":false},"excerpt":{"rendered":"<h4 style=\"text-align: center;\"><span style=\"color: #3366ff;\"><em><strong>INDICACIONES:<\/strong><\/em><\/span><\/h4>\n<h4 style=\"text-align: center;\"><span style=\"color: #000000;\"><strong>Dolo Neurotropas Vitaminado, est\u00e1 indicado para el Reumatismo, Artritis, Inflamaci\u00f3n Ci\u00e1tica, \u00a0Neuralgias, Dolor de espalda, Desgarres, Torceduras, Dolor de columna vertebral, Dolor muscular, Dolor en las articulaciones, Dolor de nuca.<\/strong><\/span><\/h4>\n","protected":false},"featured_media":5832,"comment_status":"closed","ping_status":"closed","template":"","meta":[],"product_cat":[146,402,148,149,138],"product_tag":[403,404,405,406,407,408,409,333,334,335,336],"class_list":{"0":"post-4674","1":"product","2":"type-product","3":"status-publish","4":"has-post-thumbnail","6":"product_cat-capsulas-de-gelatina-blanda","7":"product_cat-laboratorios-saimed","8":"product_cat-medicamento-para-el-dolor","9":"product_cat-salud-y-belleza","10":"product_cat-vitaminas-neurotropas","11":"product_tag-dolo-neurotropas","12":"product_tag-dolo-neurotropas-vitaminado","13":"product_tag-dolo-neurotropas-vitaminado-amazon","14":"product_tag-dolo-neurotropas-vitaminado-ebay","15":"product_tag-dolo-neurotropas-vitaminado-original-el-salvador","16":"product_tag-dolo-neurotropas-vitaminado-para-que-sirve","17":"product_tag-dolo-neurotropas-vitaminado-que-contiene","18":"product_tag-dolor-de-columna-vertebral","19":"product_tag-dolor-de-espalda","20":"product_tag-dolor-de-hombros","21":"product_tag-dolor-de-nuca","23":"first","24":"outofstock","25":"purchasable","26":"product-type-simple","27":"col-xs-6 col-sm-4","28":"col-md-3 col-lg-3","29":"un-4-cols"},"_links":{"self":[{"href":"https:\/\/myvitaminss.com\/index.php\/wp-json\/wp\/v2\/product\/4674","targetHints":{"allow":["GET"]}}],"collection":[{"href":"https:\/\/myvitaminss.com\/index.php\/wp-json\/wp\/v2\/product"}],"about":[{"href":"https:\/\/myvitaminss.com\/index.php\/wp-json\/wp\/v2\/types\/product"}],"replies":[{"embeddable":true,"href":"https:\/\/myvitaminss.com\/index.php\/wp-json\/wp\/v2\/comments?post=4674"}],"wp:featuredmedia":[{"embeddable":true,"href":"https:\/\/myvitaminss.com\/index.php\/wp-json\/wp\/v2\/media\/5832"}],"wp:attachment":[{"href":"https:\/\/myvitaminss.com\/index.php\/wp-json\/wp\/v2\/media?parent=4674"}],"wp:term":[{"taxonomy":"product_cat","embeddable":true,"href":"https:\/\/myvitaminss.com\/index.php\/wp-json\/wp\/v2\/product_cat?post=4674"},{"taxonomy":"product_tag","embeddable":true,"href":"https:\/\/myvitaminss.com\/index.php\/wp-json\/wp\/v2\/product_tag?post=4674"}],"curies":[{"name":"wp","href":"https:\/\/api.w.org\/{rel}","templated":true}]}}