{"id":4662,"date":"2021-04-20T21:20:48","date_gmt":"2021-04-21T03:20:48","guid":{"rendered":"https:\/\/myvitaminss.com\/?post_type=product&#038;p=4662"},"modified":"2022-02-27T11:53:06","modified_gmt":"2022-02-27T17:53:06","slug":"vive-feliz-con-testiton-original-100mg-sildenafil-potenciador-sexual","status":"publish","type":"product","link":"https:\/\/myvitaminss.com\/index.php\/producto\/vive-feliz-con-testiton-original-100mg-sildenafil-potenciador-sexual\/","title":{"rendered":"Vive feliz con Testit\u00f3n Original 100mg"},"content":{"rendered":"<h4 style=\"text-align: center;\"><span style=\"color: #3366ff;\"><em><strong>Dosis<\/strong><\/em><\/span><\/h4>\n<h4 style=\"text-align: center;\"><span style=\"color: #000000;\">Como tratamiento de la disfunci\u00f3n er\u00e9ctil, la dosis usualmente recomendada es de 100 mg, no debiendo superar los citados 100 mg, desaconsej\u00e1ndose la toma de m\u00e1s de una dosis diaria.<\/span><br \/>\n<span style=\"color: #000000;\">Lo m\u00e1s habitual es el consumo de 50-100 mg 30 minutos antes de las relaciones sexuales<\/span><\/h4>\n","protected":false},"excerpt":{"rendered":"<h4 style=\"text-align: center;\"><span style=\"color: #3366ff;\"><em><strong>PRECIO DE 25 TABLETAS DE 100mg.<\/strong><\/em><\/span><\/h4>\n<h4 style=\"text-align: center;\"><\/h4>\n<h4 style=\"text-align: center;\">El descubrimiento del Sildenafil para el tratamiento de los problemas de erecci\u00f3n marc\u00f3 el inicio de la 3a revoluci\u00f3n sexual cambiando para siempre, el abordaje de los problemas sexuales.<\/h4>\n<h4 style=\"text-align: center;\">\n<em><strong><span style=\"color: #3366ff;\">COMO SE TOMA?<\/span><\/strong><\/em><\/h4>\n<h4 style=\"text-align: center;\">Se toma aproximadamente veinticinco a sesenta minutos antes de la relaci\u00f3n sexual.<br \/>\nLos estudios demuestran que es eficaz tom\u00e1ndola incluso con cinco o seis horas de anticipaci\u00f3n.<\/h4>\n<h4 style=\"text-align: center;\">\n<em><strong><span style=\"color: #3366ff;\">Se puede tomar en cualquier momento del d\u00eda?<\/span><\/strong><\/em><br \/>\nEs recomendable tomarla dos horas despu\u00e9s de comer, es decir, con el estomago vac\u00edo.<br \/>\nNunca se debe tomar m\u00e1s de una pastilla por d\u00eda.<br \/>\nEs importante destacar que este medicamento funciona en el tanto exista un est\u00edmulo sexual, sea una caricia, un pensamiento, un beso o un encuentro sexual propiamente dicho.<br \/>\nNo provoca erecciones espont\u00e1neas.<\/h4>\n<h4 style=\"text-align: center;\">\n<em><strong><span style=\"color: #3366ff;\">Cu\u00e1nto tarda en hacer efecto?<\/span><\/strong><\/em><br \/>\nUsualmente se presenta entre los treinta y sesenta minutos, o incluso antes.<\/h4>\n<h4 style=\"text-align: center;\">\n<span style=\"color: #3366ff;\"><em><strong>Cu\u00e1nto dura el efecto?<\/strong><\/em><\/span><br \/>\nEl efecto se mantiene por un per\u00edodo de cinco a seis horas.<\/h4>\n<h4 style=\"text-align: center;\">\n<span style=\"color: #3366ff;\"><em><strong>Provoca erecciones por seis horas?<\/strong><\/em><\/span><br \/>\nDe ninguna manera.<br \/>\nEste medicamento permite que durante seis horas se pueda desencadenar la erecci\u00f3n ante un est\u00edmulo sexual, pero no provoca erecciones por varias horas.<\/h4>\n","protected":false},"featured_media":5580,"comment_status":"closed","ping_status":"closed","template":"","meta":{"_kad_post_transparent":"","_kad_post_title":"","_kad_post_layout":"","_kad_post_sidebar_id":"","_kad_post_content_style":"","_kad_post_vertical_padding":"","_kad_post_feature":"","_kad_post_feature_position":"","_kad_post_header":false,"_kad_post_footer":false,"_kad_post_classname":""},"product_brand":[],"product_cat":[231,429,282],"product_tag":[434,435,436,438,723,726,727,728,729,730,725],"class_list":{"0":"post-4662","1":"product","2":"type-product","3":"status-publish","4":"has-post-thumbnail","6":"product_cat-laboratorios-lopez","7":"product_cat-potenciador-sexual","8":"product_cat-tabletas","9":"product_tag-disfuncion-erectil","10":"product_tag-erecciones-por-seis-horas","11":"product_tag-eyaculacion-precoz","12":"product_tag-sildenafil","13":"product_tag-testiton","14":"product_tag-testiton-100","15":"product_tag-testiton-100mg-original","16":"product_tag-testiton-100mg-original-amazon","17":"product_tag-testiton-100mg-original-ebay","18":"product_tag-testiton-100mg-original-el-salvador","19":"product_tag-testiton-efectos-secundarios","21":"first","22":"instock","23":"shipping-taxable","24":"purchasable","25":"product-type-simple","26":"entry","27":"content-bg","28":"loop-entry"},"_links":{"self":[{"href":"https:\/\/myvitaminss.com\/index.php\/wp-json\/wp\/v2\/product\/4662","targetHints":{"allow":["GET"]}}],"collection":[{"href":"https:\/\/myvitaminss.com\/index.php\/wp-json\/wp\/v2\/product"}],"about":[{"href":"https:\/\/myvitaminss.com\/index.php\/wp-json\/wp\/v2\/types\/product"}],"replies":[{"embeddable":true,"href":"https:\/\/myvitaminss.com\/index.php\/wp-json\/wp\/v2\/comments?post=4662"}],"wp:featuredmedia":[{"embeddable":true,"href":"https:\/\/myvitaminss.com\/index.php\/wp-json\/wp\/v2\/media\/5580"}],"wp:attachment":[{"href":"https:\/\/myvitaminss.com\/index.php\/wp-json\/wp\/v2\/media?parent=4662"}],"wp:term":[{"taxonomy":"product_brand","embeddable":true,"href":"https:\/\/myvitaminss.com\/index.php\/wp-json\/wp\/v2\/product_brand?post=4662"},{"taxonomy":"product_cat","embeddable":true,"href":"https:\/\/myvitaminss.com\/index.php\/wp-json\/wp\/v2\/product_cat?post=4662"},{"taxonomy":"product_tag","embeddable":true,"href":"https:\/\/myvitaminss.com\/index.php\/wp-json\/wp\/v2\/product_tag?post=4662"}],"curies":[{"name":"wp","href":"https:\/\/api.w.org\/{rel}","templated":true}]}}