{"id":4636,"date":"2021-04-20T21:20:36","date_gmt":"2021-04-21T03:20:36","guid":{"rendered":"https:\/\/myvitaminss.com\/?post_type=product&#038;p=4636"},"modified":"2022-03-02T16:09:05","modified_gmt":"2022-03-02T22:09:05","slug":"foskrol-tranquilo-100-capsulas","status":"publish","type":"product","link":"https:\/\/myvitaminss.com\/index.php\/producto\/foskrol-tranquilo-100-capsulas\/","title":{"rendered":"FOSKROL Tranquilo 100 C\u00e1psulas"},"content":{"rendered":"<h6 style=\"text-align: center;\"><em>\u00a0<\/em><\/h6>\n<h5 style=\"text-align: center;\"><span style=\"color: #3366ff;\"><em><strong>2 Cajas de 50 C\u00e1psulas cada una<\/strong><\/em><\/span><\/h5>\n<p style=\"text-align: center;\"><span style=\"color: #3366ff;\"><em><strong>Dosis:<\/strong><\/em><\/span><\/p>\n<p style=\"text-align: center;\"><span style=\"color: #3366ff;\"><em><strong>Por lo general se recomienda:<\/strong><\/em><\/span><\/p>\n<p style=\"text-align: center;\"><em><span style=\"color: #000000;\"><strong><span style=\"color: #3366ff;\">Adultos: <\/span><\/strong><\/span><\/em><span style=\"color: #000000;\"><span style=\"color: #000000;\">Tomar 1 c\u00e1psula por la ma\u00f1ana y 1 c\u00e1psula despu\u00e9s de la cena.<\/span><\/span><\/p>\n<p style=\"text-align: center;\"><span style=\"color: #000000;\"><strong><span style=\"color: #3366ff;\"><em>V\u00eda de Administraci\u00f3n:<\/em> <\/span><\/strong>ORAL<\/span><\/p>\n<p style=\"text-align: center;\"><span style=\"color: #000000;\">VENTA LIBRE\u00a0<\/span><\/p>\n<p style=\"text-align: center;\"><span style=\"color: #000000;\">DIABETICOS Y VEGETARIANOS PUEDEN TOMARLO<\/span><\/p>\n","protected":false},"excerpt":{"rendered":"<h5 style=\"text-align: center;\"><span style=\"color: #3366ff;\"><em><strong>FOSKROL Tranquilo<\/strong><\/em><\/span><\/h5>\n<h5 style=\"text-align: center;\"><span style=\"color: #000000;\">Calma los nervios y regula el sue\u00f1o<\/span><\/h5>\n<h5 style=\"text-align: center;\"><span style=\"color: #000000;\">Indicado como regulador del sue\u00f1o y tranquilizante natural.<\/span><\/h5>\n<h5 style=\"text-align: center;\"><span style=\"color: #000000;\">Recomendado para ayudar a las personas que presentan, preocupaci\u00f3n, stress, insomnio y angustia.<\/span><\/h5>\n","protected":false},"featured_media":5617,"comment_status":"closed","ping_status":"closed","template":"","meta":{"_kad_post_transparent":"","_kad_post_title":"","_kad_post_layout":"","_kad_post_sidebar_id":"","_kad_post_content_style":"","_kad_post_vertical_padding":"","_kad_post_feature":"","_kad_post_feature_position":"","_kad_post_header":false,"_kad_post_footer":false,"_kad_post_classname":""},"product_brand":[],"product_cat":[208,134,147],"product_tag":[252,516,714,716,715,320,321,257],"class_list":{"0":"post-4636","1":"product","2":"type-product","3":"status-publish","4":"has-post-thumbnail","6":"product_cat-capsulas","7":"product_cat-control-de-estres","8":"product_cat-laboratorios-biokemical","9":"product_tag-biokemical","10":"product_tag-calma-los-nervios","11":"product_tag-foskrol-tranquilo","12":"product_tag-foskrol-tranquilo-100-capsulas","13":"product_tag-regula-el-sueno","14":"product_tag-regulador-del-sueno","15":"product_tag-tranquilizante-natural","16":"product_tag-vitaminas-en-el-salvador","18":"first","19":"instock","20":"shipping-taxable","21":"purchasable","22":"product-type-simple","23":"entry","24":"content-bg","25":"loop-entry"},"_links":{"self":[{"href":"https:\/\/myvitaminss.com\/index.php\/wp-json\/wp\/v2\/product\/4636","targetHints":{"allow":["GET"]}}],"collection":[{"href":"https:\/\/myvitaminss.com\/index.php\/wp-json\/wp\/v2\/product"}],"about":[{"href":"https:\/\/myvitaminss.com\/index.php\/wp-json\/wp\/v2\/types\/product"}],"replies":[{"embeddable":true,"href":"https:\/\/myvitaminss.com\/index.php\/wp-json\/wp\/v2\/comments?post=4636"}],"wp:featuredmedia":[{"embeddable":true,"href":"https:\/\/myvitaminss.com\/index.php\/wp-json\/wp\/v2\/media\/5617"}],"wp:attachment":[{"href":"https:\/\/myvitaminss.com\/index.php\/wp-json\/wp\/v2\/media?parent=4636"}],"wp:term":[{"taxonomy":"product_brand","embeddable":true,"href":"https:\/\/myvitaminss.com\/index.php\/wp-json\/wp\/v2\/product_brand?post=4636"},{"taxonomy":"product_cat","embeddable":true,"href":"https:\/\/myvitaminss.com\/index.php\/wp-json\/wp\/v2\/product_cat?post=4636"},{"taxonomy":"product_tag","embeddable":true,"href":"https:\/\/myvitaminss.com\/index.php\/wp-json\/wp\/v2\/product_tag?post=4636"}],"curies":[{"name":"wp","href":"https:\/\/api.w.org\/{rel}","templated":true}]}}