{"id":4630,"date":"2021-04-20T21:20:36","date_gmt":"2021-04-21T03:20:36","guid":{"rendered":"https:\/\/myvitaminss.com\/?post_type=product&#038;p=4630"},"modified":"2022-06-07T13:42:56","modified_gmt":"2022-06-07T19:42:56","slug":"tabcin-liqui-gels-gripe-y-tos","status":"publish","type":"product","link":"https:\/\/myvitaminss.com\/index.php\/producto\/tabcin-liqui-gels-gripe-y-tos\/","title":{"rendered":"Tabcin Liqui-Gels Gripe y Tos"},"content":{"rendered":"<p style=\"text-align: center;\">\n<h4 style=\"text-align: center;\"><span style=\"color: #3366ff;\"><em><strong>Contenido:\u00a060 C\u00e1psulas de Gelatina Suave<\/strong><\/em><\/span><\/h4>\n<h4 style=\"text-align: center;\"><span style=\"color: #3366ff;\"><em><strong>DOSIS:<\/strong><\/em><\/span><\/h4>\n<h3 style=\"text-align: center;\">Adultos y ni\u00f1os mayores de 12 a\u00f1os 2 C\u00e1psulas con agua cada 4 horas.<\/h3>\n<h3 style=\"text-align: center;\">No exceda 4 dosis al d\u00eda o a criterio del medico.<\/h3>\n","protected":false},"excerpt":{"rendered":"<h4 style=\"text-align: center;\"><span style=\"color: #3366ff;\"><em><strong>Tabcin Gripe y Tos<\/strong><\/em><\/span><\/h4>\n<h4 style=\"text-align: center;\"><span style=\"color: #3366ff;\"><em><strong>LIQUI-GELS<\/strong><\/em><\/span><\/h4>\n<h4 style=\"text-align: center;\"><span style=\"color: #3366ff;\"><em><strong>Para el alivio de los s\u00edntomas com\u00fanes de:<\/strong><\/em><\/span><\/h4>\n<h4 style=\"text-align: center;\"><span style=\"color: #000000;\"><strong>TOS<\/strong><\/span><\/h4>\n<h4 style=\"text-align: center;\">SECRECION Y CONGESTION NASAL<\/h4>\n<h4 style=\"text-align: center;\"><span style=\"color: #000000;\">DOLOR DE CABEZA Y CUERPO<\/span><\/h4>\n<h4 style=\"text-align: center;\"><span style=\"color: #000000;\">FIEBRE<\/span><\/h4>\n<h4 style=\"text-align: center;\"><span style=\"color: #000000;\">ESTORNUDOS<\/span><\/h4>\n<h4 style=\"text-align: center;\"><span style=\"color: #000000;\"><strong>DOLOR DE GARGANTA<\/strong><\/span><\/h4>\n","protected":false},"featured_media":5836,"comment_status":"closed","ping_status":"closed","template":"","meta":[],"product_brand":[],"product_cat":[146,566,294],"product_tag":[331,708,709,288,710,711,712,713],"class_list":{"0":"post-4630","1":"product","2":"type-product","3":"status-publish","4":"has-post-thumbnail","6":"product_cat-capsulas-de-gelatina-blanda","7":"product_cat-gripe","8":"product_cat-laboratorios-bayer","9":"product_tag-dolor-de-cabeza-y-cuerpo","10":"product_tag-dolor-de-garganta","11":"product_tag-estornudos","12":"product_tag-fiebre","13":"product_tag-secrecion-y-congestion-nasal","14":"product_tag-tabcin-gripe-y-tos","15":"product_tag-tabcin-morada","16":"product_tag-tos","18":"first","19":"instock","20":"shipping-taxable","21":"purchasable","22":"product-type-simple","23":"col-xs-6 col-sm-4","24":"col-md-3 col-lg-3","25":"un-4-cols"},"_links":{"self":[{"href":"https:\/\/myvitaminss.com\/index.php\/wp-json\/wp\/v2\/product\/4630","targetHints":{"allow":["GET"]}}],"collection":[{"href":"https:\/\/myvitaminss.com\/index.php\/wp-json\/wp\/v2\/product"}],"about":[{"href":"https:\/\/myvitaminss.com\/index.php\/wp-json\/wp\/v2\/types\/product"}],"replies":[{"embeddable":true,"href":"https:\/\/myvitaminss.com\/index.php\/wp-json\/wp\/v2\/comments?post=4630"}],"wp:featuredmedia":[{"embeddable":true,"href":"https:\/\/myvitaminss.com\/index.php\/wp-json\/wp\/v2\/media\/5836"}],"wp:attachment":[{"href":"https:\/\/myvitaminss.com\/index.php\/wp-json\/wp\/v2\/media?parent=4630"}],"wp:term":[{"taxonomy":"product_brand","embeddable":true,"href":"https:\/\/myvitaminss.com\/index.php\/wp-json\/wp\/v2\/product_brand?post=4630"},{"taxonomy":"product_cat","embeddable":true,"href":"https:\/\/myvitaminss.com\/index.php\/wp-json\/wp\/v2\/product_cat?post=4630"},{"taxonomy":"product_tag","embeddable":true,"href":"https:\/\/myvitaminss.com\/index.php\/wp-json\/wp\/v2\/product_tag?post=4630"}],"curies":[{"name":"wp","href":"https:\/\/api.w.org\/{rel}","templated":true}]}}