{"id":4626,"date":"2021-04-20T21:20:35","date_gmt":"2021-04-21T03:20:35","guid":{"rendered":"https:\/\/myvitaminss.com\/?post_type=product&#038;p=4626"},"modified":"2022-06-07T13:55:36","modified_gmt":"2022-06-07T19:55:36","slug":"viro-grip-limon-pm-polvo","status":"publish","type":"product","link":"https:\/\/myvitaminss.com\/index.php\/producto\/viro-grip-limon-pm-polvo\/","title":{"rendered":"Viro-Grip Lim\u00f3n PM Polvo"},"content":{"rendered":"<p style=\"text-align: center;\">\n<h4 style=\"text-align: center;\"><span style=\"color: #0000ff;\"><strong><span style=\"color: #3366ff;\"><em>Contenido:<\/em><\/span>\u00a0<span style=\"color: #000000;\">24 Sobres de Polvo para Soluci\u00f3n Oral<\/span><\/strong><\/span><\/h4>\n<h4 style=\"text-align: center;\"><span style=\"color: #3366ff;\"><em><strong>DOSIS:<\/strong><\/em><\/span><\/h4>\n<h3 style=\"text-align: center;\"><span style=\"color: #000000;\"><strong>Tome 1 sobre cada 6 horas. <\/strong><\/span><\/h3>\n<h3 style=\"text-align: center;\"><span style=\"color: #0000ff;\"><strong>M\u00e1ximo 4 sobres en 24 horas o seg\u00fan prescripci\u00f3n m\u00e9dica<\/strong><\/span><\/h3>\n<h4 style=\"text-align: center;\"><span style=\"color: #000000;\"><strong><em><span style=\"color: #3366ff;\">Adultos y Ni\u00f1os mayores de 12 a\u00f1os:<\/span><\/em><\/strong> Disuelva el contenido de un sobre de <span style=\"color: #3366ff;\">Viro-Grip<\/span> Lim\u00f3n en una taza con 6 oz. de agua caliente o fr\u00eda, endulce al gusto si lo desea. <\/span><\/h4>\n<h4 style=\"text-align: center;\"><span style=\"color: #000000;\">Se recomienda <span style=\"color: #3366ff;\"><em>Viro-Grip Lim\u00f3n<\/em><\/span> F\u00f3rmula P.M. por la noche ya que le ayuda a conciliar el sue\u00f1o. <\/span><\/h4>\n<h4 style=\"text-align: center;\"><span style=\"color: #000000;\">De preferencia t\u00f3mese <em><span style=\"color: #3366ff;\">Viro-Grip Lim\u00f3n<\/span><\/em> caliente, debido a que el agua caliente y el vapor combinado con\u00a0<em><span style=\"color: #3366ff;\">Viro-Grip Lim\u00f3n<\/span><\/em>, ayuda a fluidificar y disolver el moco o flema producida por el catarro y gripe, resultando en un alivio m\u00e1s r\u00e1pido y confortable.<\/span><\/h4>\n","protected":false},"excerpt":{"rendered":"<h4 style=\"text-align: center;\"><span style=\"color: #3366ff;\"><em><strong>Viro-Grip<\/strong><\/em><\/span><\/h4>\n<h4 style=\"text-align: center;\"><span style=\"color: #3366ff;\"><em><strong>Lim\u00f3n p.m.<\/strong><\/em><\/span><\/h4>\n<h4 style=\"text-align: center;\"><span style=\"color: #3366ff;\"><em><strong>Tratamiento Extra Fuerte para los malestares de:<\/strong><\/em><\/span><\/h4>\n<h4 style=\"text-align: center;\"><span style=\"color: #000000;\"><strong>Resfriado<\/strong><\/span><\/h4>\n<h4 style=\"text-align: center;\"><span style=\"color: #000000;\"><strong>Catarro<\/strong><\/span><\/h4>\n<h4 style=\"text-align: center;\"><span style=\"color: #000000;\"><strong>Gripe<\/strong><\/span><\/h4>\n<h4 style=\"text-align: center;\"><span style=\"color: #000000;\"><strong>Dolor de Cabeza y Cuerpo<\/strong><\/span><\/h4>\n<h4 style=\"text-align: center;\"><span style=\"color: #000000;\"><strong>Flujo y Congesti\u00f3n Nasal<\/strong><\/span><\/h4>\n<h4 style=\"text-align: center;\"><span style=\"color: #000000;\"><strong>Ardor de Garganta<\/strong><\/span><\/h4>\n<h4 style=\"text-align: center;\"><span style=\"color: #000000;\"><strong>Fiebre<\/strong><\/span><\/h4>\n<h4 style=\"text-align: center;\"><span style=\"color: #000000;\"><strong>Tos<\/strong><\/span><\/h4>\n","protected":false},"featured_media":5841,"comment_status":"closed","ping_status":"closed","template":"","meta":[],"product_cat":[566,135,281],"product_tag":[701,702,703,704,705,706,707,257],"class_list":{"0":"post-4626","1":"product","2":"type-product","3":"status-publish","4":"has-post-thumbnail","6":"product_cat-gripe","7":"product_cat-laboratorios-vijosa","8":"product_cat-para-el-dolor-y-fiebre","9":"product_tag-viro-grip-gel-caps","10":"product_tag-viro-grip-te","11":"product_tag-virogrip-gel-pm","12":"product_tag-virogrip-limon","13":"product_tag-virogrip-noche","14":"product_tag-virogrip-para-la-gripa","15":"product_tag-virogrip-polvo-para-la-gripe","16":"product_tag-vitaminas-en-el-salvador","18":"first","19":"instock","20":"shipping-taxable","21":"purchasable","22":"product-type-simple","23":"col-xs-6 col-sm-4","24":"col-md-3 col-lg-3","25":"un-4-cols"},"_links":{"self":[{"href":"https:\/\/myvitaminss.com\/index.php\/wp-json\/wp\/v2\/product\/4626","targetHints":{"allow":["GET"]}}],"collection":[{"href":"https:\/\/myvitaminss.com\/index.php\/wp-json\/wp\/v2\/product"}],"about":[{"href":"https:\/\/myvitaminss.com\/index.php\/wp-json\/wp\/v2\/types\/product"}],"replies":[{"embeddable":true,"href":"https:\/\/myvitaminss.com\/index.php\/wp-json\/wp\/v2\/comments?post=4626"}],"wp:featuredmedia":[{"embeddable":true,"href":"https:\/\/myvitaminss.com\/index.php\/wp-json\/wp\/v2\/media\/5841"}],"wp:attachment":[{"href":"https:\/\/myvitaminss.com\/index.php\/wp-json\/wp\/v2\/media?parent=4626"}],"wp:term":[{"taxonomy":"product_cat","embeddable":true,"href":"https:\/\/myvitaminss.com\/index.php\/wp-json\/wp\/v2\/product_cat?post=4626"},{"taxonomy":"product_tag","embeddable":true,"href":"https:\/\/myvitaminss.com\/index.php\/wp-json\/wp\/v2\/product_tag?post=4626"}],"curies":[{"name":"wp","href":"https:\/\/api.w.org\/{rel}","templated":true}]}}