{"id":4562,"date":"2021-04-20T21:20:08","date_gmt":"2021-04-21T03:20:08","guid":{"rendered":"https:\/\/myvitaminss.com\/?post_type=product&#038;p=4562"},"modified":"2022-06-07T14:42:35","modified_gmt":"2022-06-07T20:42:35","slug":"alivie-sus-dolores-con-dolo-ultraestres-80-capsulas","status":"publish","type":"product","link":"https:\/\/myvitaminss.com\/index.php\/producto\/alivie-sus-dolores-con-dolo-ultraestres-80-capsulas\/","title":{"rendered":"Alivie sus dolores con Dolo ULTRAESTRES 80 C\u00e1psulas"},"content":{"rendered":"<h4 style=\"text-align: center;\"><span style=\"color: #3366ff;\"><em><strong>Dosis:<\/strong><\/em><\/span><\/h4>\n<address style=\"text-align: center;\"><span style=\"color: #3366ff;\"><em><strong>Se recomienda por lo general:<\/strong><\/em><\/span><\/address>\n<address style=\"text-align: center;\"><strong>J\u00f3venes mayores de 15 a\u00f1os y Adultos: Tomar 1 c\u00e1psula 2 veces al d\u00eda, <\/strong><\/address>\n<address style=\"text-align: center;\"><strong>en casos especiales tomar una c\u00e1psula cada 8 horas.<\/strong><br \/>\n<strong><br \/>\n<\/strong><\/address>\n<address style=\"text-align: center;\"><span style=\"color: #3366ff;\"><strong>T\u00d3MESE CON UN VASO DE AGUA DE PREFERENCIA DESPU\u00c9S DE LOS ALIMENTOS<\/strong><\/span><\/address>\n<address style=\"text-align: center;\">\u00a0<\/address>\n<address style=\"text-align: center;\"><strong><em><span style=\"color: #3366ff;\">Via de Administraci\u00f3n:<\/span><\/em> ORAL<\/strong><\/address>\n<address style=\"text-align: center;\"><em><strong><span style=\"color: #3366ff;\">20 Sobres de 4 C\u00e1psulas<\/span><\/strong><\/em><\/address>\n<address>\u00a0<\/address>\n<address style=\"text-align: center;\"><em><strong><span style=\"color: #3366ff;\">CONTRAINDICACIONES Y ADVERTENCIAS:<\/span><\/strong><\/em><\/address>\n<address style=\"text-align: center;\"><strong>Hipersensibilidad a los componentes de la f\u00f3rmula, <\/strong><\/address>\n<address style=\"text-align: center;\"><strong>personas con trastornos Gastrointestinales (\u00falcera gastroduodenal).<\/strong><br \/>\n<strong>No usar durante el embarazo y lactancia<\/strong><\/address>\n","protected":false},"excerpt":{"rendered":"<address style=\"text-align: center;\"><em><span style=\"color: #3366ff;\"><strong>Dolo<\/strong><\/span><\/em><\/address>\n<address style=\"text-align: center;\"><em><span style=\"color: #3366ff;\"><strong>ULTRAESTRES<\/strong><\/span><\/em><\/address>\n<address style=\"text-align: center;\"><em><span style=\"color: #3366ff;\"><strong>con Vitaminas<\/strong><\/span><\/em><\/address>\n<address style=\"text-align: center;\"><em><span style=\"color: #3366ff;\"><strong>Acci\u00f3n R\u00e1pida y Prolongada.<\/strong><\/span><\/em><\/address>\n<address style=\"text-align: center;\"><em><span style=\"color: #3366ff;\"><strong>Contra dolores de:<\/strong><\/span><\/em><\/address>\n<address style=\"text-align: center;\">\u00a0<\/address>\n<address style=\"text-align: center;\"><span style=\"color: #000000;\"><strong><span style=\"line-height: 13px;\">Cabeza<\/span><\/strong><\/span><\/address>\n<address style=\"text-align: center;\"><span style=\"color: #000000;\"><strong>Migra\u00f1a<\/strong><\/span><\/address>\n<address style=\"text-align: center;\"><span style=\"color: #000000;\"><strong>Nuca<\/strong><\/span><\/address>\n<address style=\"text-align: center;\"><span style=\"color: #000000;\"><strong>Hombros<\/strong><\/span><\/address>\n<address style=\"text-align: center;\"><span style=\"color: #000000;\"><b>O\u00eddos<\/b><\/span><\/address>\n<address style=\"text-align: center;\"><span style=\"color: #000000;\"><strong>Dentales<\/strong><\/span><\/address>\n<address style=\"text-align: center;\"><span style=\"color: #000000;\"><strong>Dolores debidos al estr\u00e9s y<\/strong><\/span><\/address>\n<address style=\"text-align: center;\"><span style=\"color: #000000;\"><strong>Neuralgias en general<\/strong><\/span><\/address>\n<address>\u00a0<\/address>\n<address style=\"text-align: center;\">\u00a0<\/address>\n","protected":false},"featured_media":5852,"comment_status":"closed","ping_status":"closed","template":"","meta":[],"product_cat":[146,134,147,148,149,138],"product_tag":[352,353,354,355,356,201,202,335,336,313,357,337,358,359],"class_list":{"0":"post-4562","1":"product","2":"type-product","3":"status-publish","4":"has-post-thumbnail","6":"product_cat-capsulas-de-gelatina-blanda","7":"product_cat-control-de-estres","8":"product_cat-laboratorios-biokemical","9":"product_cat-medicamento-para-el-dolor","10":"product_cat-salud-y-belleza","11":"product_cat-vitaminas-neurotropas","12":"product_tag-dolo-ultraestres-componentes","13":"product_tag-dolo-ultraestres-con-vitaminas","14":"product_tag-dolo-ultraestres-con-vitaminas-amazon","15":"product_tag-dolo-ultraestres-con-vitaminas-ebay","16":"product_tag-dolo-ultraestres-con-vitaminas-original-de-el-salvador","17":"product_tag-dolor-de-cabeza","18":"product_tag-dolor-de-cabeza-nervioso","19":"product_tag-dolor-de-hombros","20":"product_tag-dolor-de-nuca","21":"product_tag-dolor-de-oidos","22":"product_tag-dolores-debido-al-estres","23":"product_tag-dolores-dentales","24":"product_tag-migrana","25":"product_tag-neuralgias-en-general","27":"first","28":"instock","29":"shipping-taxable","30":"purchasable","31":"product-type-simple","32":"col-xs-6 col-sm-4","33":"col-md-3 col-lg-3","34":"un-4-cols"},"_links":{"self":[{"href":"https:\/\/myvitaminss.com\/index.php\/wp-json\/wp\/v2\/product\/4562","targetHints":{"allow":["GET"]}}],"collection":[{"href":"https:\/\/myvitaminss.com\/index.php\/wp-json\/wp\/v2\/product"}],"about":[{"href":"https:\/\/myvitaminss.com\/index.php\/wp-json\/wp\/v2\/types\/product"}],"replies":[{"embeddable":true,"href":"https:\/\/myvitaminss.com\/index.php\/wp-json\/wp\/v2\/comments?post=4562"}],"wp:featuredmedia":[{"embeddable":true,"href":"https:\/\/myvitaminss.com\/index.php\/wp-json\/wp\/v2\/media\/5852"}],"wp:attachment":[{"href":"https:\/\/myvitaminss.com\/index.php\/wp-json\/wp\/v2\/media?parent=4562"}],"wp:term":[{"taxonomy":"product_cat","embeddable":true,"href":"https:\/\/myvitaminss.com\/index.php\/wp-json\/wp\/v2\/product_cat?post=4562"},{"taxonomy":"product_tag","embeddable":true,"href":"https:\/\/myvitaminss.com\/index.php\/wp-json\/wp\/v2\/product_tag?post=4562"}],"curies":[{"name":"wp","href":"https:\/\/api.w.org\/{rel}","templated":true}]}}