{"id":4559,"date":"2021-04-20T21:20:07","date_gmt":"2021-04-21T03:20:07","guid":{"rendered":"https:\/\/myvitaminss.com\/?post_type=product&#038;p=4559"},"modified":"2022-06-07T14:51:17","modified_gmt":"2022-06-07T20:51:17","slug":"calma-los-nervios-con-nervidoce-inyectable-tripack","status":"publish","type":"product","link":"https:\/\/myvitaminss.com\/index.php\/producto\/calma-los-nervios-con-nervidoce-inyectable-tripack\/","title":{"rendered":"Calma los nervios con NERVIDOCE INYECTABLE TRIPACK"},"content":{"rendered":"<address style=\"text-align: center;\"><span style=\"color: #3366ff;\"><em><strong>PRESENTACION:<\/strong><\/em><\/span><\/address>\n<address style=\"text-align: center;\"><span style=\"color: #3366ff;\"><em><strong>Caja con Estuche de Seguridad que contiene:<\/strong><\/em><\/span><\/address>\n<address>\u00a0<\/address>\n<address style=\"text-align: center;\"><strong><span style=\"color: #000000;\">2 Ampollas por 1ml<\/span><\/strong><\/address>\n<address style=\"text-align: center;\"><strong><span style=\"color: #000000;\">Jeringa descartable<\/span><\/strong><\/address>\n<address style=\"text-align: center;\"><strong><span style=\"color: #000000;\">Almohadilla con Alcohol<\/span><\/strong><\/address>\n<address style=\"text-align: center;\">\u00a0<\/address>\n<address style=\"text-align: center;\"><span style=\"color: #3366ff;\"><em><strong>DOSIS Y VIA DE ADMINISTRACION:<\/strong><\/em><\/span><\/address>\n<address>\u00a0<\/address>\n<address style=\"text-align: center;\"><strong><span style=\"color: #000000;\">Combinar el contenido de ambas ampollas antes de su uso.<\/span><\/strong><\/address>\n<address style=\"text-align: center;\"><strong><span style=\"color: #000000;\">Salvo prescripci\u00f3n m\u00e9dica se recomienda: <\/span><\/strong><\/address>\n<address style=\"text-align: center;\"><strong><span style=\"color: #000000;\">Administrar de dos a tres inyecciones v\u00eda intramuscular como inicio de tratamiento la primera semana. <\/span><\/strong><\/address>\n<address style=\"text-align: center;\"><strong><span style=\"color: #000000;\">Continuar con una ampolla semanal durante un mes. <\/span><\/strong><\/address>\n<address style=\"text-align: center;\"><strong><span style=\"color: #000000;\">En casos graves, administrar una inyecci\u00f3n diaria por v\u00eda intramuscular durante cinco d\u00edas.<\/span><\/strong><\/address>\n<address style=\"text-align: center;\">\u00a0<\/address>\n","protected":false},"excerpt":{"rendered":"<h2 style=\"text-align: center;\"><span style=\"color: #3366ff;\"><em><strong style=\"font-size: 1.5em;\">PRECIO TRIPACK <\/strong><\/em><\/span><\/h2>\n<h2 style=\"text-align: center;\"><span style=\"color: #3366ff;\"><em><strong style=\"font-size: 1.5em;\">(3 Inyecciones)<\/strong><\/em><\/span><\/h2>\n<address style=\"text-align: center;\">\u00a0<\/address>\n<h2 style=\"text-align: center;\"><\/h2>\n<address style=\"text-align: center;\"><strong><span style=\"color: #000000;\">INDICACIONES:<\/span><\/strong><\/address>\n<address style=\"text-align: center;\"><strong><span style=\"color: #000000;\">Enfermedades del sistema nervioso central, como: p\u00e9rdida de la memoria y de la capacidad de concentraci\u00f3n, insomnio, alucinaciones, desorientaci\u00f3n, delirios, afecciones psic\u00f3ticas de origen carencial, surmenage (agotamiento intelectual).<\/span><\/strong><\/address>\n<address style=\"text-align: center;\"><strong><span style=\"color: #000000;\">Enfermedades del sistema nervioso perif\u00e9rico, como: neuralgias, neuritis, dolores lumbares, par\u00e1lisis facial.<\/span><\/strong><\/address>\n<address style=\"text-align: center;\"><strong><span style=\"color: #000000;\">Herpes zoster.<\/span><\/strong><\/address>\n<address style=\"text-align: center;\"><strong><span style=\"color: #000000;\">Intoxicaci\u00f3n por drogas y alcoholismo: neuritis alcoh\u00f3lica y s\u00edndrome de Korsakoff.<\/span><\/strong><\/address>\n<address style=\"text-align: center;\"><strong><span style=\"color: #000000;\">Carencia de vitamina B1, B6, B12.<\/span><\/strong><\/address>\n<address style=\"text-align: center;\"><strong><span style=\"color: #000000;\">CONTENIDO:<\/span><\/strong><\/address>\n<address style=\"text-align: center;\"><span style=\"color: #0000ff;\"><strong><span style=\"color: #ff0000;\">NERVIDOCE<\/span> <span style=\"color: #ff0000;\">10.000<\/span><\/strong><\/span><\/address>\n<address style=\"text-align: center;\"><span style=\"color: #000000;\"><strong>B1\u00a0Tiamina\u00a0HCl :\u00a0<\/strong><strong>250 mg<\/strong><\/span><\/address>\n<address style=\"text-align: center;\"><span style=\"color: #000000;\"><strong>B6\u00a0Piridoxina :\u00a0<\/strong><strong>100 mg<\/strong><\/span><\/address>\n<address style=\"text-align: center;\"><span style=\"color: #000000;\"><strong>B12\u00a0Cianocobalamina,\u00a0vitamina de\u00a0acci\u00f3n\u00a0r\u00e1pida :\u00a0<\/strong><strong>10.000 mg<\/strong><\/span><\/address>\n<address style=\"text-align: center;\"><span style=\"color: #ff0000;\"><strong>NERVIDOCE \u00a025.000<\/strong><\/span><\/address>\n<address style=\"text-align: center;\"><strong><span style=\"color: #000000;\"><strong>B1\u00a0Tiamina\u00a0HCl :<\/strong>\u00a0150 mg<\/span><\/strong><\/address>\n<address style=\"text-align: center;\"><strong><span style=\"color: #000000;\"><strong>B6\u00a0Piridoxina :<\/strong>\u00a0100 mg<\/span><\/strong><\/address>\n<address style=\"text-align: center;\"><strong><span style=\"color: #000000;\"><strong>B12\u00a0Cianocobalamina,\u00a0vitamina de\u00a0acci\u00f3n\u00a0r\u00e1pida :<\/strong>\u00a05.000 mg<\/span><\/strong><\/address>\n<address style=\"text-align: center;\"><span style=\"color: #000000;\"><strong>B12a\u00a0Hidroxocobalamina,\u00a0vitamina de\u00a0acci\u00f3n\u00a0prolongada :\u00a020.000 mg<\/strong><\/span><\/address>\n","protected":false},"featured_media":5854,"comment_status":"closed","ping_status":"closed","template":"","meta":[],"product_cat":[134,441,135,136,180,149,138],"product_tag":[668,669,670,671,672,673,674,675,676],"class_list":{"0":"post-4559","1":"product","2":"type-product","3":"status-publish","4":"has-post-thumbnail","6":"product_cat-control-de-estres","7":"product_cat-inyectables","8":"product_cat-laboratorios-vijosa","9":"product_cat-multivitaminas","10":"product_cat-reanimante","11":"product_cat-salud-y-belleza","12":"product_cat-vitaminas-neurotropas","13":"product_tag-dolo-nervidoce-inyeccion","14":"product_tag-nervidoce-inyeccion","15":"product_tag-nervidoce-inyeccion-complejo-b","16":"product_tag-nervidoce-inyeccion-ebay","17":"product_tag-nervidoce-inyeccion-formula","18":"product_tag-nervidoce-inyeccion-neurotropas","19":"product_tag-nervidoce-inyeccion-para-que-sirve","20":"product_tag-nervidoce-inyeccion-precio","21":"product_tag-nervidoce-inyectable","23":"first","24":"instock","25":"purchasable","26":"product-type-variable","27":"has-default-attributes","28":"col-xs-6 col-sm-4","29":"col-md-3 col-lg-3","30":"un-4-cols"},"_links":{"self":[{"href":"https:\/\/myvitaminss.com\/index.php\/wp-json\/wp\/v2\/product\/4559","targetHints":{"allow":["GET"]}}],"collection":[{"href":"https:\/\/myvitaminss.com\/index.php\/wp-json\/wp\/v2\/product"}],"about":[{"href":"https:\/\/myvitaminss.com\/index.php\/wp-json\/wp\/v2\/types\/product"}],"replies":[{"embeddable":true,"href":"https:\/\/myvitaminss.com\/index.php\/wp-json\/wp\/v2\/comments?post=4559"}],"wp:featuredmedia":[{"embeddable":true,"href":"https:\/\/myvitaminss.com\/index.php\/wp-json\/wp\/v2\/media\/5854"}],"wp:attachment":[{"href":"https:\/\/myvitaminss.com\/index.php\/wp-json\/wp\/v2\/media?parent=4559"}],"wp:term":[{"taxonomy":"product_cat","embeddable":true,"href":"https:\/\/myvitaminss.com\/index.php\/wp-json\/wp\/v2\/product_cat?post=4559"},{"taxonomy":"product_tag","embeddable":true,"href":"https:\/\/myvitaminss.com\/index.php\/wp-json\/wp\/v2\/product_tag?post=4559"}],"curies":[{"name":"wp","href":"https:\/\/api.w.org\/{rel}","templated":true}]}}