{"id":4520,"date":"2021-04-20T21:19:52","date_gmt":"2021-04-21T03:19:52","guid":{"rendered":"https:\/\/myvitaminss.com\/?post_type=product&#038;p=4520"},"modified":"2022-06-07T15:30:53","modified_gmt":"2022-06-07T21:30:53","slug":"tadalafil-de-calox","status":"publish","type":"product","link":"https:\/\/myvitaminss.com\/index.php\/producto\/tadalafil-de-calox\/","title":{"rendered":"Tadalafil de CALOX"},"content":{"rendered":"<address style=\"text-align: center;\">\u00a0<\/address>\n<address style=\"text-align: center;\"><span style=\"color: #3366ff;\"><em><strong>Dosis:<\/strong><\/em><\/span><\/address>\n<address>\u00a0<\/address>\n<address style=\"text-align: center;\"><strong><span style=\"color: #000000;\">La dosis recomendada para empezar para la mayor\u00eda de los pacientes es de 10 mg 30 minutos antes de la actividad sexual. <\/span><\/strong><\/address>\n<address style=\"text-align: center;\"><strong><span style=\"color: #000000;\">Una dosis m\u00e1s alta de 20 mg es conveniente para pacientes que no respondieron adecuadamente a la dosis de 10 mg.. <\/span><\/strong><\/address>\n<address style=\"text-align: center;\"><strong><span style=\"color: #000000;\">Una dosis m\u00e1s baja (5mg) es tambi\u00e9n utilizable en pacientes que est\u00e1n tomando otros medicamentos o tienen condiciones m\u00e9dicas que disminuyen la capacidad del cuerpo de metabolizar el tadalafil. <\/span><\/strong><\/address>\n<address style=\"text-align: center;\">\u00a0<\/address>\n<address style=\"text-align: center;\"><strong><span style=\"color: #000000;\">El taladafil no debe ser utilizado m\u00e1s de una vez por d\u00eda.<\/span><\/strong>\u00a0<\/address>\n","protected":false},"excerpt":{"rendered":"<address style=\"text-align: center;\">\u00a0<\/address>\n<address style=\"text-align: center;\"><strong><span style=\"color: #000000;\">El tadalafil, una medicaci\u00f3n oral para tratar las disfunciones er\u00e9ctiles (ED o impotencia) en hombres, fue aprobada el 21 de noviembre de 2003 por la Administraci\u00f3n de Drogas y Alimentos (FDA).<\/span><\/strong><\/address>\n<address style=\"text-align: center;\">\u00a0<\/address>\n<address style=\"text-align: center;\"><strong><span style=\"color: #000000;\">Este es el tercer producto oral aprobado para esta condici\u00f3n. <\/span><\/strong><\/address>\n<address style=\"text-align: center;\"><strong><span style=\"color: #000000;\">\u00a0<\/span><\/strong><\/address>\n<address style=\"text-align: center;\">\u00a0<\/address>\n<address style=\"text-align: center;\"><strong><span style=\"color: #000000;\">La disfunci\u00f3n er\u00e9ctil afecta a millones de hombres en todo el mundo. <\/span><\/strong><\/address>\n<address style=\"text-align: center;\"><strong><span style=\"color: #000000;\">El Taladafil act\u00faa relajando los m\u00fasculos del pene y los vasos sangu\u00edneos, permitiendo un incremento de la circulaci\u00f3n de sangre en el pene, lo que produce la erecci\u00f3n.<\/span><\/strong><\/address>\n<address style=\"text-align: center;\">\u00a0<\/address>\n<address style=\"text-align: center;\">\u00a0<\/address>\n<address style=\"text-align: center;\"><strong><span style=\"color: #000000;\">En otros estudios, la actividad sexual era posible en algunos pacientes hasta 30 minutos despu\u00e9s de haber tomado una dosis. <\/span><\/strong><\/address>\n<address style=\"text-align: center;\"><strong><span style=\"color: #000000;\">Estudios posteriores demostraron mejoras hasta despu\u00e9s de las 36 horas de haber tomado Tadalafil cuando es comparado con un placebo.<\/span><\/strong><\/address>\n","protected":false},"featured_media":5861,"comment_status":"closed","ping_status":"closed","template":"","meta":{"_kad_post_transparent":"","_kad_post_title":"","_kad_post_layout":"","_kad_post_sidebar_id":"","_kad_post_content_style":"","_kad_post_vertical_padding":"","_kad_post_feature":"","_kad_post_feature_position":"","_kad_post_header":false,"_kad_post_footer":false,"_kad_post_classname":""},"product_brand":[],"product_cat":[641,429,282],"product_tag":[642,434,643,644,645,646,647,648],"class_list":{"0":"post-4520","1":"product","2":"type-product","3":"status-publish","4":"has-post-thumbnail","6":"product_cat-calox","7":"product_cat-potenciador-sexual","8":"product_cat-tabletas","9":"product_tag-actividad-sexual","10":"product_tag-disfuncion-erectil","11":"product_tag-disfunciones-erectiles","12":"product_tag-ereccion","13":"product_tag-incrementa-la-circulacion-de-sangre-en-el-pene","14":"product_tag-relaja-los-musculos-del-pene","15":"product_tag-relaja-los-vasos-sanguineos","16":"product_tag-tadalafil","18":"first","19":"instock","20":"purchasable","21":"product-type-simple","22":"entry","23":"content-bg","24":"loop-entry"},"_links":{"self":[{"href":"https:\/\/myvitaminss.com\/index.php\/wp-json\/wp\/v2\/product\/4520","targetHints":{"allow":["GET"]}}],"collection":[{"href":"https:\/\/myvitaminss.com\/index.php\/wp-json\/wp\/v2\/product"}],"about":[{"href":"https:\/\/myvitaminss.com\/index.php\/wp-json\/wp\/v2\/types\/product"}],"replies":[{"embeddable":true,"href":"https:\/\/myvitaminss.com\/index.php\/wp-json\/wp\/v2\/comments?post=4520"}],"wp:featuredmedia":[{"embeddable":true,"href":"https:\/\/myvitaminss.com\/index.php\/wp-json\/wp\/v2\/media\/5861"}],"wp:attachment":[{"href":"https:\/\/myvitaminss.com\/index.php\/wp-json\/wp\/v2\/media?parent=4520"}],"wp:term":[{"taxonomy":"product_brand","embeddable":true,"href":"https:\/\/myvitaminss.com\/index.php\/wp-json\/wp\/v2\/product_brand?post=4520"},{"taxonomy":"product_cat","embeddable":true,"href":"https:\/\/myvitaminss.com\/index.php\/wp-json\/wp\/v2\/product_cat?post=4520"},{"taxonomy":"product_tag","embeddable":true,"href":"https:\/\/myvitaminss.com\/index.php\/wp-json\/wp\/v2\/product_tag?post=4520"}],"curies":[{"name":"wp","href":"https:\/\/api.w.org\/{rel}","templated":true}]}}