{"id":4514,"date":"2021-04-20T21:19:51","date_gmt":"2021-04-21T03:19:51","guid":{"rendered":"https:\/\/myvitaminss.com\/?post_type=product&#038;p=4514"},"modified":"2022-06-07T16:24:37","modified_gmt":"2022-06-07T22:24:37","slug":"aumente-sus-defensas-con-geriatrik-con-ginseng-2pack","status":"publish","type":"product","link":"https:\/\/myvitaminss.com\/index.php\/producto\/aumente-sus-defensas-con-geriatrik-con-ginseng-2pack\/","title":{"rendered":"Aumente sus defensas con GERIATRIK CON GINSENG 2PACK"},"content":{"rendered":"<h4 style=\"text-align: center;\"><em><strong><span style=\"color: #3366ff;\">Frasco de 30 C\u00e1psulas de gelatina blanda<\/span><\/strong><\/em><\/h4>\n<h4 style=\"text-align: center;\"><em><strong><span style=\"color: #3366ff;\">DOSIS:<\/span><\/strong><\/em><br \/>\n<em><strong><span style=\"color: #3366ff;\">Por lo general se recomienda:<\/span><\/strong><\/em><br \/>\n<strong>Tomar una c\u00e1psula despu\u00e9s del desayuno.<\/strong><\/h4>\n<h4 style=\"text-align: center;\">\n<strong><em><span style=\"color: #3366ff;\">VIA DE ADMINISTRACI\u00d3N:<\/span><\/em> Oral.<\/strong><br \/>\n<strong>Pueden consumirlo los diab\u00e9ticos y tambi\u00e9n se recomienda para los vegetarianos.<\/strong><\/h4>\n<h4 style=\"text-align: center;\">\n<span style=\"color: #3366ff;\"><em><strong>CONTRAINDICACIONES Y ADVERTENCIAS:<\/strong><\/em><\/span><br \/>\nHipersensibilidad a alg\u00fan componente\u00a0de la f\u00f3rmula.<\/h4>\n<address style=\"text-align: center;\">\u00a0<\/address>\n<address style=\"text-align: center;\">\u00a0<\/address>\n<address style=\"text-align: center;\">\u00a0<\/address>\n","protected":false},"excerpt":{"rendered":"<address style=\"text-align: center;\"><span style=\"color: #3366ff;\"><em><strong>Precio 2Pack<\/strong><\/em><\/span><\/address>\n<address style=\"text-align: center;\"><span style=\"color: #3366ff;\"><em><strong>GERIATRIK BIOKEMICAL<\/strong><\/em><\/span><br \/>\n<span style=\"color: #3366ff;\"><em><strong>con Ginseng<\/strong><\/em><\/span><br \/>\n<span style=\"color: #3366ff;\"><em><strong>30 C\u00e1psulas<\/strong><\/em><\/span><\/address>\n<address style=\"text-align: center;\">\n<strong>Indicado como suplemento vitam\u00ednico en personas con deficiencia nutricional.<\/strong><\/address>\n<address style=\"text-align: center;\">\n<span style=\"color: #3366ff;\"><em><strong>INDICACIONES:<\/strong><\/em><\/span><\/address>\n<address style=\"text-align: center;\">\n<strong>Indicado como suplemento vitam\u00ednico en personas con deficiencia nutricional, por tener una mala alimentaci\u00f3n. GERIATRIK BIOKEMICAL <span style=\"color: #ff0000;\"><em><span style=\"color: #3366ff;\">CON GINSENG<\/span><\/em>,<\/span> contribuye a la prevenci\u00f3n y eliminaci\u00f3n de los estados carenciales de vitaminas y minerales que contiene la f\u00f3rmula, que son importantes para el buen funcionamiento del organismo.<\/strong><\/address>\n<address>\u00a0<\/address>\n<address style=\"text-align: center;\"><em><span style=\"color: #3366ff;\"><strong>Contiene Vitamina A, Vitamina D3, Vitamina E, Vitamina B1, Vitamina B2,\u00a0Vitamina B6,\u00a0Vitamina B12,\u00a0Vitamina C, Ginseng y muchas m\u00e1s, favor consultar empaque para detalles.<\/strong><\/span><\/em><\/address>\n<address style=\"text-align: center;\">\u00a0<\/address>\n","protected":false},"featured_media":5864,"comment_status":"closed","ping_status":"closed","template":"","meta":[],"product_cat":[146,134,147,136,149],"product_tag":[622,623,624,625,626,627,628,629,630,250,230,415,417,631,632,633],"class_list":{"0":"post-4514","1":"product","2":"type-product","3":"status-publish","4":"has-post-thumbnail","6":"product_cat-capsulas-de-gelatina-blanda","7":"product_cat-control-de-estres","8":"product_cat-laboratorios-biokemical","9":"product_cat-multivitaminas","10":"product_cat-salud-y-belleza","11":"product_tag-cubrir-deficiencia-nutricional","12":"product_tag-geriatrik","13":"product_tag-geriatrik-biokemical","14":"product_tag-geriatrik-biokemical-amazon","15":"product_tag-geriatrik-biokemical-con-ginseng","16":"product_tag-geriatrik-biokemical-ebay","17":"product_tag-geriatrik-biokemical-original-de-el-salvador","18":"product_tag-ginseng","19":"product_tag-vitamina-a","20":"product_tag-vitamina-b1","21":"product_tag-vitamina-b12","22":"product_tag-vitamina-b2","23":"product_tag-vitamina-b6","24":"product_tag-vitamina-c","25":"product_tag-vitamina-d3","26":"product_tag-vitamina-e","28":"first","29":"instock","30":"shipping-taxable","31":"purchasable","32":"product-type-simple","33":"col-xs-6 col-sm-4","34":"col-md-3 col-lg-3","35":"un-4-cols"},"_links":{"self":[{"href":"https:\/\/myvitaminss.com\/index.php\/wp-json\/wp\/v2\/product\/4514","targetHints":{"allow":["GET"]}}],"collection":[{"href":"https:\/\/myvitaminss.com\/index.php\/wp-json\/wp\/v2\/product"}],"about":[{"href":"https:\/\/myvitaminss.com\/index.php\/wp-json\/wp\/v2\/types\/product"}],"replies":[{"embeddable":true,"href":"https:\/\/myvitaminss.com\/index.php\/wp-json\/wp\/v2\/comments?post=4514"}],"wp:featuredmedia":[{"embeddable":true,"href":"https:\/\/myvitaminss.com\/index.php\/wp-json\/wp\/v2\/media\/5864"}],"wp:attachment":[{"href":"https:\/\/myvitaminss.com\/index.php\/wp-json\/wp\/v2\/media?parent=4514"}],"wp:term":[{"taxonomy":"product_cat","embeddable":true,"href":"https:\/\/myvitaminss.com\/index.php\/wp-json\/wp\/v2\/product_cat?post=4514"},{"taxonomy":"product_tag","embeddable":true,"href":"https:\/\/myvitaminss.com\/index.php\/wp-json\/wp\/v2\/product_tag?post=4514"}],"curies":[{"name":"wp","href":"https:\/\/api.w.org\/{rel}","templated":true}]}}