{"id":4506,"date":"2021-04-20T21:19:51","date_gmt":"2021-04-21T03:19:51","guid":{"rendered":"https:\/\/myvitaminss.com\/?post_type=product&#038;p=4506"},"modified":"2022-06-07T16:32:20","modified_gmt":"2022-06-07T22:32:20","slug":"calma-los-nervios-con-dolo-nervi-doce-inyeccion-tripack","status":"publish","type":"product","link":"https:\/\/myvitaminss.com\/index.php\/producto\/calma-los-nervios-con-dolo-nervi-doce-inyeccion-tripack\/","title":{"rendered":"Calma los nervios con DOLO NERVI DOCE INYECCION TRIPACK"},"content":{"rendered":"<address style=\"text-align: center;\">\u00a0<\/address>\n<address style=\"text-align: center;\"><span style=\"color: #3366ff;\"><em><strong>PRESENTACION:<\/strong><\/em><\/span><\/address>\n<address style=\"text-align: center;\">\n<address><span style=\"color: #3366ff;\"><em><strong>Caja con estuche de seguridad que contiene:<\/strong><\/em><\/span><\/address>\n<address>\u00a0<\/address>\n<address><span style=\"color: #000000;\"><strong>Soluci\u00f3n inyectable (ampolla 1 ml + 2 ml) + jeringa descartable + algod\u00f3n con alcohol.<\/strong><\/span><\/address>\n<\/address>\n<address style=\"text-align: center;\">\u00a0<\/address>\n<address style=\"text-align: center;\"><em><span style=\"color: #3366ff;\"><strong>DOSIS Y VIA DE ADMINISTRACION:<\/strong><\/span><\/em><\/address>\n<address>\u00a0<\/address>\n<address style=\"text-align: center;\"><span><b style=\"color: #000000;\">Mezclar el contenido de ambas ampollas en una jeringa antes de su uso y administrar por <\/b><span style=\"color: #000000;\"><b>v\u00eda<\/b><\/span><b style=\"color: #000000;\"> intramuscular.<\/b><\/span><\/address>\n<address>\u00a0<\/address>\n<address style=\"text-align: center;\"><em><span style=\"color: #3366ff;\"><strong>Salvo prescripci\u00f3n del m\u00e9dico, se recomienda:<\/strong><\/span><\/em><\/address>\n<address>\u00a0<\/address>\n<address style=\"text-align: center;\"><span style=\"color: #000000;\"><strong><em><span style=\"color: #3366ff;\">Administrar:<\/span> <\/em>1 ampolla de <span style=\"color: #3366ff;\">Dolo Nervi Doce<\/span> 3 veces por semana.<\/strong><\/span><\/address>\n<address>\u00a0<\/address>\n<address style=\"text-align: center;\"><span style=\"color: #000000;\"><strong>En casos agudos, administrar una ampolla diaria de <span style=\"color: #3366ff;\">Dolo Nervi Doce.<\/span><\/strong><\/span><\/address>\n<address style=\"text-align: center;\"><span style=\"color: #000000;\"><strong>Consulte a su m\u00e9dico si el dolor persiste por m\u00e1s de 10 d\u00edas<\/strong><\/span><\/address>\n<address style=\"text-align: center;\">\u00a0<\/address>\n<address style=\"text-align: center;\">\u00a0<\/address>\n","protected":false},"excerpt":{"rendered":"<h2 style=\"text-align: center;\"><span style=\"color: #3366ff;\"><em><strong>PRECIO TRIPACK (3 Inyecciones)<\/strong><\/em><\/span><\/h2>\n<address style=\"text-align: center;\"><span style=\"color: #3366ff;\"><em><strong>INDICACIONES:<\/strong><\/em><\/span><\/address>\n<ul>\n<li style=\"text-align: center;\"><strong><span style=\"color: #000000;\">Dolores por alteraciones en el sistema nervioso<\/span><\/strong><\/li>\n<li style=\"text-align: center;\"><strong><span style=\"color: #000000;\">Dolores articulares, r<\/span><\/strong><strong><span style=\"color: #000000;\">eum\u00e1ticos, musculo esquel\u00e9ticos y postraum\u00e1ticos <\/span><\/strong><\/li>\n<li style=\"text-align: center;\"><strong><span style=\"color: #000000;\">Neuritis alcoholica y diab\u00e9tica <\/span><\/strong><\/li>\n<li style=\"text-align: center;\"><strong><span style=\"color: #000000;\">Neuralgias<\/span><\/strong><\/li>\n<li style=\"text-align: center;\"><strong><span style=\"color: #000000;\">Par\u00e1lisis facial<\/span><\/strong><\/li>\n<li style=\"text-align: center;\"><strong><span style=\"color: #000000;\">Herpes zoster<\/span><\/strong><\/li>\n<li style=\"text-align: center;\"><strong><span style=\"color: #000000;\">Traumatismos diversos<\/span><\/strong><\/li>\n<li style=\"text-align: center;\"><strong><span style=\"color: #000000;\">Lesiones dolorosas de la columna vertebral<\/span><\/strong><\/li>\n<li style=\"text-align: center;\"><strong><span style=\"color: #000000;\">Luxaciones, fracturas y esguinces<\/span><\/strong><\/li>\n<li style=\"text-align: center;\"><strong><span style=\"color: #000000;\">Dolores m\u00fasculo-nerviosos en hombros y brazos.<\/span><\/strong><\/li>\n<\/ul>\n","protected":false},"featured_media":5865,"comment_status":"closed","ping_status":"closed","template":"","meta":[],"product_cat":[145,134,441,135,136,149,138],"product_tag":[615,616,617,618,619,620,621],"class_list":{"0":"post-4506","1":"product","2":"type-product","3":"status-publish","4":"has-post-thumbnail","6":"product_cat-artritis","7":"product_cat-control-de-estres","8":"product_cat-inyectables","9":"product_cat-laboratorios-vijosa","10":"product_cat-multivitaminas","11":"product_cat-salud-y-belleza","12":"product_cat-vitaminas-neurotropas","13":"product_tag-dolo-nervi-doce","14":"product_tag-dolo-nervi-doce-amazon","15":"product_tag-dolo-nervi-doce-contra-el-herpes-zoster","16":"product_tag-dolo-nervi-doce-ebay","17":"product_tag-dolo-nervi-doce-para-el-lumbago","18":"product_tag-dolo-nervi-doce-paralisis-facial","19":"product_tag-para-que-sirve-dolo-nervi-doce","21":"first","22":"instock","23":"purchasable","24":"product-type-simple","25":"col-xs-6 col-sm-4","26":"col-md-3 col-lg-3","27":"un-4-cols"},"_links":{"self":[{"href":"https:\/\/myvitaminss.com\/index.php\/wp-json\/wp\/v2\/product\/4506","targetHints":{"allow":["GET"]}}],"collection":[{"href":"https:\/\/myvitaminss.com\/index.php\/wp-json\/wp\/v2\/product"}],"about":[{"href":"https:\/\/myvitaminss.com\/index.php\/wp-json\/wp\/v2\/types\/product"}],"replies":[{"embeddable":true,"href":"https:\/\/myvitaminss.com\/index.php\/wp-json\/wp\/v2\/comments?post=4506"}],"wp:featuredmedia":[{"embeddable":true,"href":"https:\/\/myvitaminss.com\/index.php\/wp-json\/wp\/v2\/media\/5865"}],"wp:attachment":[{"href":"https:\/\/myvitaminss.com\/index.php\/wp-json\/wp\/v2\/media?parent=4506"}],"wp:term":[{"taxonomy":"product_cat","embeddable":true,"href":"https:\/\/myvitaminss.com\/index.php\/wp-json\/wp\/v2\/product_cat?post=4506"},{"taxonomy":"product_tag","embeddable":true,"href":"https:\/\/myvitaminss.com\/index.php\/wp-json\/wp\/v2\/product_tag?post=4506"}],"curies":[{"name":"wp","href":"https:\/\/api.w.org\/{rel}","templated":true}]}}