{"id":4487,"date":"2021-04-20T21:19:41","date_gmt":"2021-04-21T03:19:41","guid":{"rendered":"https:\/\/myvitaminss.com\/?post_type=product&#038;p=4487"},"modified":"2022-08-16T18:41:14","modified_gmt":"2022-08-17T00:41:14","slug":"alivie-la-gripe-con-sudagrip-inyectable-3pack","status":"publish","type":"product","link":"https:\/\/myvitaminss.com\/index.php\/producto\/alivie-la-gripe-con-sudagrip-inyectable-3pack\/","title":{"rendered":"Alivie la gripe con SUDAGRIP INYECTABLE 3PACK"},"content":{"rendered":"<h4 style=\"text-align: center;\"><strong><span style=\"color: #000000;\">\u00a0<span style=\"color: #3366ff;\"><em>Caja con estuche de seguridad, que contiene:<\/em><\/span> ampolla de 3 ml, jeringa descartable y algod\u00f3n con alcohol.<\/span><\/strong><\/h4>\n<address style=\"text-align: center;\">\u00a0<\/address>\n<address style=\"text-align: center;\"><span style=\"color: #3366ff;\"><strong>DOSIS Y VIA DE ADMINISTRACION: <\/strong><\/span><\/address>\n<address style=\"text-align: center;\"><strong><span style=\"color: #000000;\">\u00a0<\/span><\/strong><\/address>\n<address style=\"text-align: center;\"><strong><span style=\"color: #000000;\">Salvo prescripci\u00f3n del m\u00e9dico, se recomienda administrar una ampolla, de SUDAGRIP, <\/span><\/strong><\/address>\n<address style=\"text-align: center;\"><strong><span style=\"color: #000000;\">v\u00eda intramuscular &#8211; intravenosa cada 24 horas por un periodo de 3 \u00f3 4 d\u00edas consecutivos.<\/span><\/strong><\/address>\n<address style=\"text-align: center;\">\u00a0<\/address>\n<address style=\"text-align: center;\">\u00a0<\/address>\n","protected":false},"excerpt":{"rendered":"<address style=\"text-align: center;\"><span style=\"color: #3366ff;\"><em><strong style=\"font-size: 1.5em;\">PRECIO 3PACK (3 Inyecciones)<\/strong><\/em><\/span><\/address>\n<address style=\"text-align: center;\">\u00a0<\/address>\n<address style=\"text-align: center;\"><span style=\"color: #3366ff;\"><em><strong>Sudagrip<\/strong><\/em><\/span><\/address>\n<address style=\"text-align: center;\">\u00a0<\/address>\n<address style=\"text-align: center;\"><span style=\"color: #3366ff;\"><em><strong>\u00abAlivio efectivo y total\u00bb &#8230; Una vez al d\u00eda<\/strong><\/em><\/span><\/address>\n<address style=\"text-align: center;\">\u00a0<\/address>\n<address style=\"text-align: center;\"><span style=\"color: #000000;\"><strong>-Elimina el exceso de tos y flema<\/strong><\/span><br \/>\n<span style=\"color: #000000;\"><strong>-Dolor de cabeza y cuerpo<\/strong><\/span><br \/>\n<span style=\"color: #000000;\"><strong>-Congesti\u00f3n nasal<\/strong><\/span><br \/>\n<span style=\"color: #000000;\"><strong>-Dolor de garganta<\/strong><\/span><br \/>\n<span style=\"color: #000000;\"><strong>-Fiebre<\/strong><\/span><\/address>\n<address style=\"text-align: center;\"><em><span style=\"color: #3366ff;\"><strong>Indicaciones: <\/strong><\/span><\/em><strong><span style=\"color: #000000;\">Fiebre, nariz tapada, dolor de cabeza y cuerpo, estornudo, lagrimeo, pecho congestionado por la flema.<\/span><\/strong><\/address>\n","protected":false},"featured_media":5866,"comment_status":"closed","ping_status":"closed","template":"","meta":[],"product_cat":[444,441,473,281],"product_tag":[607,608,609,610,611,612,613,614,257],"class_list":{"0":"post-4487","1":"product","2":"type-product","3":"status-publish","4":"has-post-thumbnail","6":"product_cat-ampolla-intramuscular","7":"product_cat-inyectables","8":"product_cat-laboratorios-paill","9":"product_cat-para-el-dolor-y-fiebre","10":"product_tag-sudagrip-capsulas","11":"product_tag-sudagrip-capsulas-para-la-gripe","12":"product_tag-sudagrip-el-salvador","13":"product_tag-sudagrip-inyeccion","14":"product_tag-sudagrip-inyectable","15":"product_tag-sudagrip-para-la-gripe","16":"product_tag-sudagrip-polvo-granulado","17":"product_tag-sudagrip-te","18":"product_tag-vitaminas-en-el-salvador","20":"first","21":"outofstock","22":"purchasable","23":"product-type-simple","24":"col-xs-6 col-sm-4","25":"col-md-3 col-lg-3","26":"un-4-cols"},"_links":{"self":[{"href":"https:\/\/myvitaminss.com\/index.php\/wp-json\/wp\/v2\/product\/4487","targetHints":{"allow":["GET"]}}],"collection":[{"href":"https:\/\/myvitaminss.com\/index.php\/wp-json\/wp\/v2\/product"}],"about":[{"href":"https:\/\/myvitaminss.com\/index.php\/wp-json\/wp\/v2\/types\/product"}],"replies":[{"embeddable":true,"href":"https:\/\/myvitaminss.com\/index.php\/wp-json\/wp\/v2\/comments?post=4487"}],"wp:featuredmedia":[{"embeddable":true,"href":"https:\/\/myvitaminss.com\/index.php\/wp-json\/wp\/v2\/media\/5866"}],"wp:attachment":[{"href":"https:\/\/myvitaminss.com\/index.php\/wp-json\/wp\/v2\/media?parent=4487"}],"wp:term":[{"taxonomy":"product_cat","embeddable":true,"href":"https:\/\/myvitaminss.com\/index.php\/wp-json\/wp\/v2\/product_cat?post=4487"},{"taxonomy":"product_tag","embeddable":true,"href":"https:\/\/myvitaminss.com\/index.php\/wp-json\/wp\/v2\/product_tag?post=4487"}],"curies":[{"name":"wp","href":"https:\/\/api.w.org\/{rel}","templated":true}]}}