{"id":4472,"date":"2021-04-20T21:19:40","date_gmt":"2021-04-21T03:19:40","guid":{"rendered":"https:\/\/myvitaminss.com\/?post_type=product&#038;p=4472"},"modified":"2024-06-18T14:52:28","modified_gmt":"2024-06-18T20:52:28","slug":"adios-dolor-con-kortribion-con-vitaminas-80-grageas","status":"publish","type":"product","link":"https:\/\/myvitaminss.com\/index.php\/producto\/adios-dolor-con-kortribion-con-vitaminas-80-grageas\/","title":{"rendered":"Adios dolor con KORTRIBION con Vitaminas 80 Grageas"},"content":{"rendered":"<p style=\"text-align: center;\"><span style=\"color: #3366ff;\"><em><strong>Dosis:<\/strong><\/em><\/span><\/p>\n<p style=\"text-align: center;\"><strong><span style=\"color: #000000;\"><span style=\"color: #3366ff;\"><em>Adultos y ni\u00f1os mayores de 12 a\u00f1os:<\/em><\/span> 1 Gragea de 2 a 3 veces al d\u00eda.<\/span><\/strong><\/p>\n<p style=\"text-align: center;\"><em><span style=\"color: #3366ff;\"><span style=\"color: #000000;\"><b>V\u00eda<\/b><\/span><\/span><\/em><strong style=\"color: #000000;\"><em><span style=\"color: #3366ff;\">\u00a0de Administraci\u00f3n:<\/span> <\/em>ORAL<\/strong><\/p>\n<p style=\"text-align: center;\"><span style=\"color: #3366ff;\"><em><strong>20 Sobres de 4 Grageas<\/strong><\/em><\/span><\/p>\n<p>&nbsp;<\/p>\n","protected":false},"excerpt":{"rendered":"<h4 style=\"text-align: center;\"><span style=\"color: #3366ff;\"><em><strong>Analg\u00e9sico, <\/strong><strong>Anti-inflamatorio,\u00a0<\/strong><span style=\"color: #ff0000;\"><b><span style=\"color: #3366ff;\">Anti neur\u00edtico<\/span><\/b><\/span><\/em><\/span><\/h4>\n<p style=\"text-align: center;\"><strong><span style=\"color: #000000;\">-Articulaciones<\/span><\/strong><br \/>\n<strong><span style=\"color: #000000;\">-Dolor de Cabeza<\/span><\/strong><br \/>\n<strong><span style=\"color: #000000;\">-Fracturas<\/span><\/strong><br \/>\n<strong><span style=\"color: #000000;\">-Dolor de espalda<\/span><\/strong><br \/>\n<strong><span style=\"color: #000000;\">-Inflamaci\u00f3n<\/span><\/strong><br \/>\n<strong><span style=\"color: #000000;\">-Artritis<\/span><\/strong><\/p>\n<p style=\"text-align: center;\"><span style=\"color: #3366ff;\"><em><strong>Propiedades terap\u00e9uticas:<\/strong><\/em><\/span><br \/>\n<span style=\"color: #000000;\"><b style=\"color: #000000;\">Analg\u00e9sico, Antiinflamatorio con vitaminas <\/b><span style=\"color: #000000;\"><b>neuro tropas<\/b><\/span><b style=\"color: #000000;\">.<\/b><\/span><\/p>\n<p style=\"text-align: center;\"><span style=\"color: #3366ff;\"><em><strong>Indicaciones:<\/strong><\/em><\/span><br \/>\n<span style=\"color: #000000;\"><span style=\"color: #000000;\"><b>Analg\u00e9sico, Anti neur\u00edtico\u00a0y antiinflamatorio. <\/b><\/span><\/span><\/p>\n<p style=\"text-align: center;\"><strong><span style=\"color: #000000;\">\u00datil en proceso agudos y cr\u00f3nicos que presenten dolor e inflamaci\u00f3n, tales como traumatismos, dolores musculo esquel\u00e9tico, fracturas, mialgias, dolor muscular, artritis en todas sus formas, reumatismo articular y extra articular, dismenorrea, neuralgias faciales y del trig\u00e9mino.<\/span><\/strong><\/p>\n","protected":false},"featured_media":5872,"comment_status":"closed","ping_status":"closed","template":"","meta":{"_kad_post_transparent":"","_kad_post_title":"","_kad_post_layout":"","_kad_post_sidebar_id":"","_kad_post_content_style":"","_kad_post_vertical_padding":"","_kad_post_feature":"","_kad_post_feature_position":"","_kad_post_header":false,"_kad_post_footer":false,"_kad_post_classname":""},"product_brand":[],"product_cat":[145,341,338,220,149,206],"product_tag":[482,596,597,598,599,600,601,316,257],"class_list":{"0":"post-4472","1":"product","2":"type-product","3":"status-publish","4":"has-post-thumbnail","6":"product_cat-artritis","7":"product_cat-artritis-artrosis-reuma","8":"product_cat-grageas","9":"product_cat-laboratorios-butter-pharma","10":"product_cat-salud-y-belleza","11":"product_cat-todo-dolor-y-vitaminas","12":"product_tag-dolor-por-reuma","13":"product_tag-kortribion-con-vitaminas","14":"product_tag-kortribion-con-vitaminas-amazon","15":"product_tag-kortribion-con-vitaminas-ebay","16":"product_tag-kortribion-con-vitaminas-original-de-el-salvador","17":"product_tag-kortribion-for-sale","18":"product_tag-kortribion-vitaminado","19":"product_tag-pastillas-vitaminadas-para-el-dolor","20":"product_tag-vitaminas-en-el-salvador","22":"first","23":"outofstock","24":"shipping-taxable","25":"purchasable","26":"product-type-simple","27":"entry","28":"content-bg","29":"loop-entry"},"_links":{"self":[{"href":"https:\/\/myvitaminss.com\/index.php\/wp-json\/wp\/v2\/product\/4472","targetHints":{"allow":["GET"]}}],"collection":[{"href":"https:\/\/myvitaminss.com\/index.php\/wp-json\/wp\/v2\/product"}],"about":[{"href":"https:\/\/myvitaminss.com\/index.php\/wp-json\/wp\/v2\/types\/product"}],"replies":[{"embeddable":true,"href":"https:\/\/myvitaminss.com\/index.php\/wp-json\/wp\/v2\/comments?post=4472"}],"wp:featuredmedia":[{"embeddable":true,"href":"https:\/\/myvitaminss.com\/index.php\/wp-json\/wp\/v2\/media\/5872"}],"wp:attachment":[{"href":"https:\/\/myvitaminss.com\/index.php\/wp-json\/wp\/v2\/media?parent=4472"}],"wp:term":[{"taxonomy":"product_brand","embeddable":true,"href":"https:\/\/myvitaminss.com\/index.php\/wp-json\/wp\/v2\/product_brand?post=4472"},{"taxonomy":"product_cat","embeddable":true,"href":"https:\/\/myvitaminss.com\/index.php\/wp-json\/wp\/v2\/product_cat?post=4472"},{"taxonomy":"product_tag","embeddable":true,"href":"https:\/\/myvitaminss.com\/index.php\/wp-json\/wp\/v2\/product_tag?post=4472"}],"curies":[{"name":"wp","href":"https:\/\/api.w.org\/{rel}","templated":true}]}}