{"id":4462,"date":"2021-04-20T21:19:39","date_gmt":"2021-04-21T03:19:39","guid":{"rendered":"https:\/\/myvitaminss.com\/?post_type=product&#038;p=4462"},"modified":"2022-06-12T11:53:04","modified_gmt":"2022-06-12T17:53:04","slug":"sildenafil-saimed-12-tabletas-50mg","status":"publish","type":"product","link":"https:\/\/myvitaminss.com\/index.php\/producto\/sildenafil-saimed-12-tabletas-50mg\/","title":{"rendered":"9 PM potenciador"},"content":{"rendered":"<h4 style=\"text-align: center;\"><span style=\"color: #3366ff;\"><em><strong>Dosis:<\/strong><\/em><\/span><\/h4>\n<h4 style=\"text-align: center;\"><strong><span style=\"color: #000000;\">\u00a0Como tratamiento de la disfunci\u00f3n er\u00e9ctil, la dosis usualmente recomendada es de 100 mg, no debiendo superar los citados 100 mg, desaconsej\u00e1ndose la toma de m\u00e1s de una dosis diaria. <\/span><\/strong><\/h4>\n<h4 style=\"text-align: center;\"><em><span style=\"color: #3366ff;\"><strong>Lo m\u00e1s habitual es el consumo de 50-100 mg 30 minutos antes de las relaciones sexuales<\/strong><\/span><\/em><\/h4>\n","protected":false},"excerpt":{"rendered":"<h3 style=\"text-align: center;\"><span style=\"color: #3366ff;\"><em><strong style=\"font-size: 13px;\">3 Sobres de 4 tabletas cada sobre (12 Tabletas)<\/strong><\/em><\/span><\/h3>\n<address style=\"text-align: center;\"><strong><span style=\"color: #000000;\">El descubrimiento del <em><span style=\"color: #3366ff;\">Sildenafil<\/span><\/em>\u00a0 para el tratamiento de los problemas de erecci\u00f3n marc\u00f3 el inicio de la 3a revoluci\u00f3n sexual cambiando para siempre, el abordaje de los problemas sexuales.<\/span><\/strong><\/address>\n<address>\u00a0<\/address>\n<address style=\"text-align: center;\"><span style=\"color: #3366ff;\"><em><strong>COMO SE TOMA?<\/strong><\/em><\/span><\/address>\n<address style=\"text-align: center;\"><strong><span style=\"color: #000000;\">Se toma aproximadamente veinticinco a sesenta minutos antes de la relaci\u00f3n sexual. <\/span><\/strong><\/address>\n<address style=\"text-align: center;\"><strong><span style=\"color: #000000;\">Los estudios demuestran que es eficaz tom\u00e1ndola incluso con cinco o seis horas de anticipaci\u00f3n.<\/span><\/strong><\/address>\n<address>\u00a0<\/address>\n<address style=\"text-align: center;\"><span style=\"color: #3366ff;\"><strong>Se puede tomar en cualquier momento del d\u00eda?<\/strong><\/span><\/address>\n<address style=\"text-align: center;\"><strong><span style=\"color: #000000;\">Es recomendable tomarla dos horas despu\u00e9s de comer, es decir, con el estomago vac\u00edo.<\/span><\/strong><\/address>\n<address>\u00a0<\/address>\n<address style=\"text-align: center;\"><span style=\"color: #3366ff;\"><strong>Nunca se debe tomar m\u00e1s de una pastilla por d\u00eda.<\/strong><\/span><\/address>\n<address style=\"text-align: center;\"><strong><span style=\"color: #000000;\">Es importante destacar que este medicamento funciona en el tanto exista un est\u00edmulo sexual, sea una caricia, un pensamiento, un beso o un encuentro sexual propiamente dicho.<\/span><\/strong><\/address>\n<address>\u00a0<\/address>\n<address style=\"text-align: center;\"><span style=\"color: #3366ff;\"><strong>No provoca erecciones espont\u00e1neas.<\/strong><\/span><\/address>\n<address>\u00a0<\/address>\n<address style=\"text-align: center;\"><span style=\"color: #3366ff;\"><strong>Cu\u00e1nto tarda en hacer efecto?<\/strong><\/span><\/address>\n<address style=\"text-align: center;\"><strong><span style=\"color: #000000;\">Usualmente se presenta entre los treinta y sesenta minutos, o incluso antes.<\/span><\/strong><\/address>\n<address>\u00a0<\/address>\n<address style=\"text-align: center;\"><span style=\"color: #3366ff;\"><strong>Cu\u00e1nto dura el efecto?<\/strong><\/span><\/address>\n<address style=\"text-align: center;\"><strong><span style=\"color: #000000;\">El efecto se mantiene por un per\u00edodo de cinco a seis horas.<\/span><\/strong><\/address>\n<address>\u00a0<\/address>\n<address style=\"text-align: center;\"><span style=\"color: #3366ff;\"><strong>Provoca erecciones por seis horas?<\/strong><\/span><\/address>\n<address style=\"text-align: center;\"><strong><span style=\"color: #000000;\">De ninguna manera. <\/span><\/strong><\/address>\n<address style=\"text-align: center;\"><strong><span style=\"color: #000000;\">Este medicamento permite que durante seis horas se pueda desencadenar la erecci\u00f3n ante un est\u00edmulo sexual, pero no provoca erecciones por varias horas.<\/span><\/strong><\/address>\n<address style=\"text-align: center;\">\u00a0<\/address>\n","protected":false},"featured_media":5878,"comment_status":"closed","ping_status":"closed","template":"","meta":{"_kad_post_transparent":"","_kad_post_title":"","_kad_post_layout":"","_kad_post_sidebar_id":"","_kad_post_content_style":"","_kad_post_vertical_padding":"","_kad_post_feature":"","_kad_post_feature_position":"","_kad_post_header":false,"_kad_post_footer":false,"_kad_post_classname":""},"product_brand":[],"product_cat":[402,429,282],"product_tag":[430,431,432,433,434,435,436,437,438,439,440],"class_list":{"0":"post-4462","1":"product","2":"type-product","3":"status-publish","4":"has-post-thumbnail","6":"product_cat-laboratorios-saimed","7":"product_cat-potenciador-sexual","8":"product_cat-tabletas","9":"product_tag-9pm-sildenafil-100mg","10":"product_tag-9pm-sildenafil-100mg-amazon","11":"product_tag-9pm-sildenafil-100mg-ebay","12":"product_tag-9pm-sildenafil-100mg-original-de-el-salvador","13":"product_tag-disfuncion-erectil","14":"product_tag-erecciones-por-seis-horas","15":"product_tag-eyaculacion-precoz","16":"product_tag-problemas-de-ereccion","17":"product_tag-sildenafil","18":"product_tag-sildenafilo-precio","19":"product_tag-sildenafilo-que-es","21":"first","22":"instock","23":"purchasable","24":"product-type-simple","25":"entry","26":"content-bg","27":"loop-entry"},"_links":{"self":[{"href":"https:\/\/myvitaminss.com\/index.php\/wp-json\/wp\/v2\/product\/4462","targetHints":{"allow":["GET"]}}],"collection":[{"href":"https:\/\/myvitaminss.com\/index.php\/wp-json\/wp\/v2\/product"}],"about":[{"href":"https:\/\/myvitaminss.com\/index.php\/wp-json\/wp\/v2\/types\/product"}],"replies":[{"embeddable":true,"href":"https:\/\/myvitaminss.com\/index.php\/wp-json\/wp\/v2\/comments?post=4462"}],"wp:featuredmedia":[{"embeddable":true,"href":"https:\/\/myvitaminss.com\/index.php\/wp-json\/wp\/v2\/media\/5878"}],"wp:attachment":[{"href":"https:\/\/myvitaminss.com\/index.php\/wp-json\/wp\/v2\/media?parent=4462"}],"wp:term":[{"taxonomy":"product_brand","embeddable":true,"href":"https:\/\/myvitaminss.com\/index.php\/wp-json\/wp\/v2\/product_brand?post=4462"},{"taxonomy":"product_cat","embeddable":true,"href":"https:\/\/myvitaminss.com\/index.php\/wp-json\/wp\/v2\/product_cat?post=4462"},{"taxonomy":"product_tag","embeddable":true,"href":"https:\/\/myvitaminss.com\/index.php\/wp-json\/wp\/v2\/product_tag?post=4462"}],"curies":[{"name":"wp","href":"https:\/\/api.w.org\/{rel}","templated":true}]}}