{"id":4407,"date":"2021-04-20T21:19:17","date_gmt":"2021-04-21T03:19:17","guid":{"rendered":"https:\/\/myvitaminss.com\/?post_type=product&#038;p=4407"},"modified":"2022-06-12T14:09:55","modified_gmt":"2022-06-12T20:09:55","slug":"sin-gripe-con-viro-grip-inyectable-3pack","status":"publish","type":"product","link":"https:\/\/myvitaminss.com\/index.php\/producto\/sin-gripe-con-viro-grip-inyectable-3pack\/","title":{"rendered":"Sin gripe con VIRO-GRIP INYECTABLE 3PACK"},"content":{"rendered":"<address style=\"text-align: center;\"><strong><span style=\"color: #3366ff;\"><em>\u00a0Caja con estuche de seguridad, que contiene:<\/em><\/span> ampolla de 5 ml, jeringa descartable y algod\u00f3n con alcohol.<\/strong><\/address>\n<address style=\"text-align: center;\">\u00a0<\/address>\n<address style=\"text-align: center;\">\u00a0<\/address>\n<address style=\"text-align: center;\"><span style=\"color: #3366ff;\"><em><strong>DOSIS Y VIA DE ADMINISTRACION: <\/strong><\/em><\/span><\/address>\n<address style=\"text-align: center;\"><strong><span style=\"color: #000000;\">\u00a0<\/span><\/strong><\/address>\n<address style=\"text-align: center;\"><strong><span style=\"color: #000000;\">Salvo prescripci\u00f3n del m\u00e9dico, se recomienda administrar una ampolla, de VIRO-GRIP, <\/span><\/strong><\/address>\n<address style=\"text-align: center;\"><strong><span style=\"color: #000000;\">v\u00eda intramuscular &#8211; intravenosa (lenta) cada 24 horas por un periodo de 3 \u00f3 4 d\u00edas consecutivos.<\/span><\/strong><\/address>\n<address style=\"text-align: center;\">\u00a0<\/address>\n<address style=\"text-align: center;\">\u00a0<\/address>\n","protected":false},"excerpt":{"rendered":"<address style=\"text-align: center;\"><span style=\"color: #3366ff;\"><em><strong style=\"font-size: 1.5em;\">PRECIO 3PACK (3 Inyecciones)<\/strong><\/em><\/span><\/address>\n<address style=\"text-align: center;\"><span style=\"color: #3366ff;\"><em><strong>Viro-Grip<\/strong><\/em><\/span><\/address>\n<address>\u00a0<\/address>\n<address style=\"text-align: center;\"><span style=\"color: #3366ff;\"><strong>Antigripal &#8211; Antivirico &#8211; Analg\u00e9sico &#8211; Antihistam\u00ednico &#8211; Descongestionante<\/strong><\/span><\/address>\n<address style=\"text-align: center;\">\u00a0<\/address>\n<address style=\"text-align: center;\"><strong><span style=\"color: #000000;\"><span style=\"color: #3366ff;\"><em>Antiv\u00edrico:<\/em><\/span>\u00a0Impide la penetraci\u00f3n de los virus del resfriado y gripe a las c\u00e9lulas sanas de las mucosas<\/span><\/strong><\/address>\n<address>\u00a0<\/address>\n<address style=\"text-align: center;\"><strong><span style=\"color: #000000;\"><span style=\"color: #3366ff;\">Analg\u00e9sico:<\/span>\u00a0Alivia el dolor de cabeza y cuerpo. Reduce la fiebre<\/span><\/strong><\/address>\n<address>\u00a0<\/address>\n<address style=\"text-align: center;\"><strong><span style=\"color: #000000;\"><span style=\"color: #3366ff;\">Antihistam\u00ednico:<\/span>\u00a0Disminuye el flujo y secreci\u00f3n nasal-prurito (picaz\u00f3n), eritema facial (enrojecimiento), <\/span><\/strong><\/address>\n<address style=\"text-align: center;\"><strong><span style=\"color: #000000;\">estornudos y ojos llorosos<\/span><\/strong><\/address>\n<address>\u00a0<\/address>\n<address style=\"text-align: center;\"><strong><span style=\"color: #000000;\"><span style=\"color: #3366ff;\">Descongestionante nasal:<\/span>\u00a0Elimina la dificultad respiratoria a nivel de fosas nasales<\/span><\/strong><\/address>\n","protected":false},"featured_media":5885,"comment_status":"closed","ping_status":"closed","template":"","meta":[],"product_cat":[566,441,135,281],"product_tag":[567,568,569,570,571,572,573],"class_list":{"0":"post-4407","1":"product","2":"type-product","3":"status-publish","4":"has-post-thumbnail","6":"product_cat-gripe","7":"product_cat-inyectables","8":"product_cat-laboratorios-vijosa","9":"product_cat-para-el-dolor-y-fiebre","10":"product_tag-antigripal","11":"product_tag-antihistaminico","12":"product_tag-antivirico","13":"product_tag-descongestionante","14":"product_tag-viro-grip","15":"product_tag-viro-grip-inyeccion","16":"product_tag-viro-grip-inyectable","18":"first","19":"instock","20":"purchasable","21":"product-type-simple","22":"col-xs-6 col-sm-4","23":"col-md-3 col-lg-3","24":"un-4-cols"},"_links":{"self":[{"href":"https:\/\/myvitaminss.com\/index.php\/wp-json\/wp\/v2\/product\/4407","targetHints":{"allow":["GET"]}}],"collection":[{"href":"https:\/\/myvitaminss.com\/index.php\/wp-json\/wp\/v2\/product"}],"about":[{"href":"https:\/\/myvitaminss.com\/index.php\/wp-json\/wp\/v2\/types\/product"}],"replies":[{"embeddable":true,"href":"https:\/\/myvitaminss.com\/index.php\/wp-json\/wp\/v2\/comments?post=4407"}],"wp:featuredmedia":[{"embeddable":true,"href":"https:\/\/myvitaminss.com\/index.php\/wp-json\/wp\/v2\/media\/5885"}],"wp:attachment":[{"href":"https:\/\/myvitaminss.com\/index.php\/wp-json\/wp\/v2\/media?parent=4407"}],"wp:term":[{"taxonomy":"product_cat","embeddable":true,"href":"https:\/\/myvitaminss.com\/index.php\/wp-json\/wp\/v2\/product_cat?post=4407"},{"taxonomy":"product_tag","embeddable":true,"href":"https:\/\/myvitaminss.com\/index.php\/wp-json\/wp\/v2\/product_tag?post=4407"}],"curies":[{"name":"wp","href":"https:\/\/api.w.org\/{rel}","templated":true}]}}