{"id":4399,"date":"2021-04-20T21:19:17","date_gmt":"2021-04-21T03:19:17","guid":{"rendered":"https:\/\/myvitaminss.com\/?post_type=product&#038;p=4399"},"modified":"2022-06-12T13:48:57","modified_gmt":"2022-06-12T19:48:57","slug":"desinflame-con-dexa-doceplex-inyectable-tripack","status":"publish","type":"product","link":"https:\/\/myvitaminss.com\/index.php\/producto\/desinflame-con-dexa-doceplex-inyectable-tripack\/","title":{"rendered":"Desinflame con DEXA-DOCEPLEX INYECTABLE TRIPACK"},"content":{"rendered":"<address style=\"text-align: center;\"><span style=\"color: #3366ff;\"><em>\u00a0<\/em><\/span><\/address>\n<address style=\"text-align: center;\">\u00a0<\/address>\n<address style=\"text-align: center;\"><span style=\"color: #3366ff;\"><em><strong>DOSIS Y VIA DE ADMINISTRACION:<\/strong><\/em><\/span><\/address>\n<address>\u00a0<\/address>\n<address style=\"text-align: center;\"><span style=\"color: #3366ff;\"><em><strong>Salvo prescripci\u00f3n m\u00e9dica se recomienda: <\/strong><\/em><\/span><\/address>\n<address style=\"text-align: center;\"><strong><span style=\"color: #000000;\">\u00a0Mezclar el contenido de ambas ampollas en la jeringa y administrar por v\u00eda intramuscular. <\/span><\/strong><\/address>\n<address style=\"text-align: center;\"><strong><span style=\"color: #000000;\">Administrar una ampolla de DEXA-DOCEPLEX* una vez al d\u00eda. <\/span><\/strong><\/address>\n<address style=\"text-align: center;\"><strong><span style=\"color: #000000;\">Generalmente son suficientes tres a cinco ampollas de DEXA-DOCEPLEX* en todo el tratamiento.<\/span><\/strong><\/address>\n<address style=\"text-align: center;\">\u00a0<\/address>\n<address style=\"text-align: center;\"><span style=\"color: #3366ff;\"><em><strong>CONTRAINDICACIONES: <\/strong><\/em><\/span><\/address>\n<address style=\"text-align: center;\"><strong><span style=\"color: #000000;\">Infecciones virales o bacterianas, \u00falcera g\u00e1strica y duodenal, hipertensi\u00f3n, diabetes, insuficiencia cardiaca, hipersensibilidad a alg\u00fan componente de la f\u00f3rmula.<\/span><\/strong><\/address>\n","protected":false},"excerpt":{"rendered":"<address style=\"text-align: center;\"><span style=\"color: #3366ff;\"><em><strong style=\"font-size: 1.5em;\">PRECIO TRIPACK (3 Inyecciones)<\/strong><\/em><\/span><\/address>\n<address>\u00a0<\/address>\n<address style=\"text-align: center;\">\u00a0<\/address>\n<address style=\"text-align: center;\"><span style=\"color: #3366ff;\"><em><strong>Caja con estuche de seguridad que contiene:<\/strong><\/em><\/span><\/address>\n<address>\u00a0<\/address>\n<address style=\"text-align: center;\"><strong>Ampolla de 1 ml, ampolla de 2 ml (para mezclarse en el momento de su uso), <\/strong><\/address>\n<address style=\"text-align: center;\"><strong>jeringa descartable y algod\u00f3n con alcohol.<\/strong><\/address>\n<p style=\"text-align: center;\"><em><span style=\"color: #3366ff;\"><strong>Indicado para:<\/strong><\/span><\/em><\/p>\n<p style=\"text-align: center;\"><strong><span style=\"color: #000000;\">Procesos inflamatorios agudos a nivel m\u00fasculo-nervioso y articular.<\/span><\/strong><\/p>\n","protected":false},"featured_media":5883,"comment_status":"closed","ping_status":"closed","template":"","meta":[],"product_cat":[444,441,135],"product_tag":[558,559],"class_list":{"0":"post-4399","1":"product","2":"type-product","3":"status-publish","4":"has-post-thumbnail","6":"product_cat-ampolla-intramuscular","7":"product_cat-inyectables","8":"product_cat-laboratorios-vijosa","9":"product_tag-dexa-doceplex","10":"product_tag-procesos-inflamatorios-agudos-a-nivel-musculo-nervioso-y-articular","12":"first","13":"instock","14":"purchasable","15":"product-type-simple","16":"col-xs-6 col-sm-4","17":"col-md-3 col-lg-3","18":"un-4-cols"},"_links":{"self":[{"href":"https:\/\/myvitaminss.com\/index.php\/wp-json\/wp\/v2\/product\/4399","targetHints":{"allow":["GET"]}}],"collection":[{"href":"https:\/\/myvitaminss.com\/index.php\/wp-json\/wp\/v2\/product"}],"about":[{"href":"https:\/\/myvitaminss.com\/index.php\/wp-json\/wp\/v2\/types\/product"}],"replies":[{"embeddable":true,"href":"https:\/\/myvitaminss.com\/index.php\/wp-json\/wp\/v2\/comments?post=4399"}],"wp:featuredmedia":[{"embeddable":true,"href":"https:\/\/myvitaminss.com\/index.php\/wp-json\/wp\/v2\/media\/5883"}],"wp:attachment":[{"href":"https:\/\/myvitaminss.com\/index.php\/wp-json\/wp\/v2\/media?parent=4399"}],"wp:term":[{"taxonomy":"product_cat","embeddable":true,"href":"https:\/\/myvitaminss.com\/index.php\/wp-json\/wp\/v2\/product_cat?post=4399"},{"taxonomy":"product_tag","embeddable":true,"href":"https:\/\/myvitaminss.com\/index.php\/wp-json\/wp\/v2\/product_tag?post=4399"}],"curies":[{"name":"wp","href":"https:\/\/api.w.org\/{rel}","templated":true}]}}