{"id":4392,"date":"2021-04-20T21:19:16","date_gmt":"2021-04-21T03:19:16","guid":{"rendered":"https:\/\/myvitaminss.com\/?post_type=product&#038;p=4392"},"modified":"2022-06-12T14:19:35","modified_gmt":"2022-06-12T20:19:35","slug":"griin-flex","status":"publish","type":"product","link":"https:\/\/myvitaminss.com\/index.php\/producto\/griin-flex\/","title":{"rendered":"GRIIN FLEX"},"content":{"rendered":"<address style=\"text-align: center;\">\u00a0<\/address>\n<address style=\"text-align: center;\"><span style=\"color: #3366ff;\"><em><strong>15 Sobres de 5g<\/strong><\/em><\/span><\/address>\n<address style=\"text-align: center;\">\u00a0<\/address>\n<address style=\"text-align: center;\"><span style=\"color: #3366ff;\"><em><strong>INSTRUCCIONES:<\/strong><\/em><\/span><\/address>\n<address>\u00a0<\/address>\n<address style=\"text-align: center;\"><span style=\"color: #000000;\"><strong>Tomar 1 sobre al d\u00eda. <\/strong><\/span><\/address>\n<address style=\"text-align: center;\"><span style=\"color: #000000;\"><b style=\"color: #000000;\">Diluir el contenido en un vaso con 4 <\/b><span style=\"color: #000000;\"><b>onza<\/b><\/span><b style=\"color: #000000;\">. con agua y mezclar vigorosamente.\u00a0<\/b><\/span><\/address>\n","protected":false},"excerpt":{"rendered":"<address style=\"text-align: center;\"><code><\/code><\/address>\n<address style=\"text-align: center;\"><span style=\"color: #3366ff;\"><em><strong>GRIIN FLEX<\/strong><\/em><\/span><\/address>\n<address style=\"text-align: center;\"><span style=\"color: #3366ff;\"><em><strong>SUPLEMENTO DE GLUCOSAMINA Y COLAGENO HIDROLIZADO<\/strong><\/em><\/span><\/address>\n<address>\u00a0<\/address>\n<address style=\"text-align: center;\"><strong><span style=\"color: #000000;\">Promueve la movilidad y flexibilidad de las articulaciones, ayudando a la reconstrucci\u00f3n del cart\u00edlago, <\/span><\/strong><\/address>\n<address style=\"text-align: center;\"><strong><span style=\"color: #000000;\">para la protecci\u00f3n y el fortalecimiento de sus articulaciones.<\/span><\/strong><\/address>\n<address style=\"text-align: center;\"><strong><span style=\"color: #000000;\">Con sabor a naranja.<\/span><\/strong><\/address>\n<address>\u00a0<\/address>\n<address style=\"text-align: center;\"><span style=\"color: #000000;\"><strong><span style=\"color: #3366ff;\">Griin Flex<\/span> es una combinaci\u00f3n de 4 nutrientes:<\/strong><\/span><\/address>\n<address style=\"text-align: center;\"><span style=\"color: #000000;\"><strong><em><span style=\"color: #3366ff;\">Glucosamina:<\/span><\/em> Un complemento ideal para renovar y revitalizar el cart\u00edlago, el tejido conectivo y la salud de las articulaciones, mejorando su movilidad y flexibilidad.<\/strong><\/span><\/address>\n<address style=\"text-align: center;\"><span style=\"color: #000000;\"><span style=\"color: #3366ff;\"><span style=\"color: #3366ff;\"><b><span style=\"color: #3366ff;\">Sulfato de<\/span> <\/b><\/span><span style=\"color: #3366ff;\"><b>Condroitina<\/b><\/span><span style=\"color: #3366ff;\"><b>:<\/b><\/span><\/span><b style=\"color: #000000;\"> Es un componente estructural clave del cart\u00edlago que promueve la formaci\u00f3n de tejido cartilaginoso sano y lubrica las articulaciones.<\/b><\/span><\/address>\n<address style=\"text-align: center;\"><span style=\"color: #000000;\"><strong><span style=\"color: #3366ff;\">MSM:<\/span> Ingrediente vital para salud del tejido conectivo y la nutrici\u00f3n de las articulaciones.<\/strong><\/span><\/address>\n<address style=\"text-align: center;\"><span style=\"color: #000000;\"><strong><span style=\"color: #3366ff;\">Col\u00e1geno Hidrolizado:<\/span> Prote\u00edna clave en la estructural del tejido conectivo para la reparaci\u00f3n y mantenimiento de la salud de cart\u00edlagos, tendones y ligamentos.<\/strong><\/span><\/address>\n","protected":false},"featured_media":5887,"comment_status":"closed","ping_status":"closed","template":"","meta":[],"product_cat":[145,341,135],"product_tag":[262,552,553,287,554,555,556,557,267],"class_list":{"0":"post-4392","1":"product","2":"type-product","3":"status-publish","4":"has-post-thumbnail","6":"product_cat-artritis","7":"product_cat-artritis-artrosis-reuma","8":"product_cat-laboratorios-vijosa","9":"product_tag-colageno-hidrolizado","10":"product_tag-curar-articulaciones","11":"product_tag-dolor-en-las-articulaciones","12":"product_tag-dolores-musculares-y-articulares","13":"product_tag-flexibilidad","14":"product_tag-glucosamina","15":"product_tag-griin-flex","16":"product_tag-movilidad","17":"product_tag-suplemento-de-colageno-hidrolizado","19":"first","20":"instock","21":"purchasable","22":"product-type-simple","23":"col-xs-6 col-sm-4","24":"col-md-3 col-lg-3","25":"un-4-cols"},"_links":{"self":[{"href":"https:\/\/myvitaminss.com\/index.php\/wp-json\/wp\/v2\/product\/4392","targetHints":{"allow":["GET"]}}],"collection":[{"href":"https:\/\/myvitaminss.com\/index.php\/wp-json\/wp\/v2\/product"}],"about":[{"href":"https:\/\/myvitaminss.com\/index.php\/wp-json\/wp\/v2\/types\/product"}],"replies":[{"embeddable":true,"href":"https:\/\/myvitaminss.com\/index.php\/wp-json\/wp\/v2\/comments?post=4392"}],"wp:featuredmedia":[{"embeddable":true,"href":"https:\/\/myvitaminss.com\/index.php\/wp-json\/wp\/v2\/media\/5887"}],"wp:attachment":[{"href":"https:\/\/myvitaminss.com\/index.php\/wp-json\/wp\/v2\/media?parent=4392"}],"wp:term":[{"taxonomy":"product_cat","embeddable":true,"href":"https:\/\/myvitaminss.com\/index.php\/wp-json\/wp\/v2\/product_cat?post=4392"},{"taxonomy":"product_tag","embeddable":true,"href":"https:\/\/myvitaminss.com\/index.php\/wp-json\/wp\/v2\/product_tag?post=4392"}],"curies":[{"name":"wp","href":"https:\/\/api.w.org\/{rel}","templated":true}]}}