{"id":4391,"date":"2021-04-20T21:19:16","date_gmt":"2021-04-21T03:19:16","guid":{"rendered":"https:\/\/myvitaminss.com\/?post_type=product&#038;p=4391"},"modified":"2022-06-12T14:42:56","modified_gmt":"2022-06-12T20:42:56","slug":"foskrol-con-vitaminas-desestresante","status":"publish","type":"product","link":"https:\/\/myvitaminss.com\/index.php\/producto\/foskrol-con-vitaminas-desestresante\/","title":{"rendered":"FOSKROL Con Vitaminas Desestresante"},"content":{"rendered":"<address style=\"text-align: center;\"><strong><span style=\"color: #000000;\">Presentaci\u00f3n de\u00a010 Viales Bebibles de 15 ml. \u00a0llenos de VITAMINAS <\/span><\/strong><\/address>\n<address style=\"text-align: center;\"><strong><span style=\"color: #000000;\">para el Cerebro y Nervios\u00a0con sello de garant\u00eda<\/span><\/strong><\/address>\n<address style=\"text-align: center;\">\u00a0<\/address>\n<address style=\"text-align: center;\"><span style=\"color: #3366ff;\"><strong>DOSIS <\/strong><\/span><\/address>\n<address style=\"text-align: center;\">\u00a0<\/address>\n<address style=\"text-align: center;\"><span style=\"color: #3366ff;\"><strong>Adultos: <\/strong><\/span><\/address>\n<address style=\"text-align: center;\"><strong><span style=\"color: #000000;\">Tomar 1 vial bebible 2 veces al d\u00eda, antes, durante o despu\u00e9s de alg\u00fan alimento.<\/span><\/strong><\/address>\n<address>\u00a0<\/address>\n<address style=\"text-align: center;\"><strong><span style=\"color: #000000;\"><span style=\"color: #3366ff;\">Estudiantes:<\/span> <\/span><\/strong><strong><span style=\"color: #000000;\">Tomar un vial bebible al d\u00eda.<\/span><\/strong><\/address>\n<address>\u00a0<\/address>\n<address style=\"text-align: center;\"><strong><span style=\"color: #000000;\"><span style=\"color: #3366ff;\">Dosis Especial:<\/span> <\/span><\/strong><\/address>\n<address style=\"text-align: center;\"><span style=\"color: #3366ff;\"><strong>Para personas que laboran por la noche: <\/strong><\/span><strong><span style=\"color: #000000;\">Tomar 2 viales bebibles despu\u00e9s de la cena.<\/span><\/strong><\/address>\n<address>\u00a0<\/address>\n<address style=\"text-align: center;\"><strong><span style=\"color: #000000;\"><span style=\"color: #3366ff;\">CONTRAINDICACIONES Y ADVERTENCIAS:<\/span> <\/span><\/strong><strong><span style=\"color: #000000;\">Hipersensibilidad a alg\u00fan componente de la f\u00f3rmula.<\/span><\/strong><\/address>\n<address>\u00a0<\/address>\n<address style=\"text-align: center;\"><strong><span style=\"color: #000000;\"><span style=\"color: #3366ff;\">V\u00eda de Administraci\u00f3n:<\/span> Oral<\/span><\/strong><\/address>\n<address style=\"text-align: center;\">\u00a0<\/address>\n","protected":false},"excerpt":{"rendered":"<h3 style=\"text-align: center;\"><span style=\"color: #3366ff;\"><em><strong>FOSKROL con Vitaminas DESESTRESANTE<\/strong><\/em><\/span><\/h3>\n<address style=\"text-align: center;\"><span style=\"color: #3366ff;\"><em><strong>ESTIMULANTE<\/strong><\/em><\/span><br \/>\n<span style=\"color: #3366ff;\"><em><strong>REANIMANTE<\/strong><\/em><\/span><br \/>\n<span style=\"color: #3366ff;\"><em><strong>ENERGIZANTE<\/strong><\/em><\/span><\/address>\n<address style=\"text-align: center;\"><span style=\"color: #3366ff;\"><em><strong>ANTIESTRES<\/strong><\/em><\/span><\/address>\n<address>\u00a0<\/address>\n<address style=\"text-align: center;\"><span style=\"color: #3366ff;\"><strong>F\u00f3rmula Original<\/strong><\/span><\/address>\n<address style=\"text-align: center;\"><span style=\"color: #3366ff;\"><strong>Diab\u00e9ticos y Vegetarianos pueden tomarlo<\/strong><\/span><\/address>\n<address>\u00a0<\/address>\n<address style=\"text-align: center;\"><span style=\"color: #3366ff;\"><strong>INDICACIONES: <\/strong><\/span><\/address>\n<address style=\"text-align: center;\"><strong><span style=\"color: #000000;\">Suplemento vitam\u00ednico. <\/span><\/strong><\/address>\n<address style=\"text-align: center;\"><span style=\"color: #000000;\"><span style=\"color: #000000;\"><b>Indicado para estados de agotamiento neuro cerebral. <\/b><\/span><\/span><\/address>\n<address style=\"text-align: center;\"><strong><span style=\"color: #000000;\">Se recomienda a personas con estr\u00e9s, cansancio f\u00edsico, fatiga mental, agotamiento nervioso y para todas aquellas personas que se les olvidan todas las cosas.<\/span><\/strong><\/address>\n","protected":false},"featured_media":5891,"comment_status":"closed","ping_status":"closed","template":"","meta":[],"product_cat":[133,147,137,138,139],"product_tag":[550,551],"class_list":{"0":"post-4391","1":"product","2":"type-product","3":"status-publish","4":"has-post-thumbnail","6":"product_cat-ampolletas-bebibles","7":"product_cat-laboratorios-biokemical","8":"product_cat-vitaminas-bebibles","9":"product_cat-vitaminas-neurotropas","10":"product_cat-vitaminas-y-suplementos","11":"product_tag-estimulante","12":"product_tag-foskrol-con-vitaminas-desestresante","14":"first","15":"instock","16":"purchasable","17":"product-type-simple","18":"col-xs-6 col-sm-4","19":"col-md-3 col-lg-3","20":"un-4-cols"},"_links":{"self":[{"href":"https:\/\/myvitaminss.com\/index.php\/wp-json\/wp\/v2\/product\/4391","targetHints":{"allow":["GET"]}}],"collection":[{"href":"https:\/\/myvitaminss.com\/index.php\/wp-json\/wp\/v2\/product"}],"about":[{"href":"https:\/\/myvitaminss.com\/index.php\/wp-json\/wp\/v2\/types\/product"}],"replies":[{"embeddable":true,"href":"https:\/\/myvitaminss.com\/index.php\/wp-json\/wp\/v2\/comments?post=4391"}],"wp:featuredmedia":[{"embeddable":true,"href":"https:\/\/myvitaminss.com\/index.php\/wp-json\/wp\/v2\/media\/5891"}],"wp:attachment":[{"href":"https:\/\/myvitaminss.com\/index.php\/wp-json\/wp\/v2\/media?parent=4391"}],"wp:term":[{"taxonomy":"product_cat","embeddable":true,"href":"https:\/\/myvitaminss.com\/index.php\/wp-json\/wp\/v2\/product_cat?post=4391"},{"taxonomy":"product_tag","embeddable":true,"href":"https:\/\/myvitaminss.com\/index.php\/wp-json\/wp\/v2\/product_tag?post=4391"}],"curies":[{"name":"wp","href":"https:\/\/api.w.org\/{rel}","templated":true}]}}