{"id":4383,"date":"2021-04-20T21:19:16","date_gmt":"2021-04-21T03:19:16","guid":{"rendered":"https:\/\/myvitaminss.com\/?post_type=product&#038;p=4383"},"modified":"2022-06-12T14:36:39","modified_gmt":"2022-06-12T20:36:39","slug":"refuerce-el-cerebro-con-foskrol-inyeccion-tripack","status":"publish","type":"product","link":"https:\/\/myvitaminss.com\/index.php\/producto\/refuerce-el-cerebro-con-foskrol-inyeccion-tripack\/","title":{"rendered":"Refuerce el cerebro con FOSKROL INYECCION TRIPACK"},"content":{"rendered":"<address style=\"text-align: center;\">\u00a0<\/address>\n<address style=\"text-align: center;\">\u00a0<\/address>\n<address style=\"text-align: center;\"><span style=\"color: #3366ff;\"><em><strong>DOSIS Y VIA DE ADMINISTRACION: <\/strong><\/em><\/span><\/address>\n<address style=\"text-align: center;\"><strong><span style=\"color: #000000;\">La dosis y el tiempo de tratamiento queda a juicio del m\u00e9dico, por lo general se recomienda:<\/span><\/strong><\/address>\n<address>\u00a0<\/address>\n<address style=\"text-align: center;\"><span style=\"color: #3366ff;\"><em><strong>Adultos<\/strong>:<\/em><\/span>\u00a0<strong><span style=\"color: #000000;\">Inyectar \u00a0v\u00eda intramuscular profunda 1 ampolla cada 3 d\u00edas por una semana.<\/span><\/strong><\/address>\n<address style=\"text-align: center;\"><strong><span style=\"color: #000000;\">Continuar con una ampolla semanal durante un mes. <\/span><\/strong><\/address>\n<address style=\"text-align: center;\"><strong><span style=\"color: #000000;\">\u00a0<\/span><\/strong><\/address>\n<address style=\"text-align: center;\"><span style=\"color: #3366ff;\"><strong>CONTRAINDICACIONES Y ADVERTENCIA:<\/strong><\/span><\/address>\n<address style=\"text-align: center;\"><span style=\"color: #000000;\"><strong>Hipersensibilidad a alg\u00fan componente de la f\u00f3rmula.<\/strong><\/span><\/address>\n","protected":false},"excerpt":{"rendered":"<h2 style=\"text-align: center;\"><span style=\"color: #3366ff;\"><em><strong>PRECIO TRIPACK (3 Inyecciones)<\/strong><\/em><\/span><\/h2>\n<address style=\"text-align: center;\"><span style=\"color: #ff0000;\"><strong><span style=\"color: #000000;\">FOSKROL<\/span> <span style=\"color: #3366ff;\">25,000\u00a0<\/span><\/strong><\/span><\/address>\n<address style=\"text-align: center;\"><strong><span style=\"color: #000000;\">Vitaminas para el\u00a0<\/span><\/strong><\/address>\n<address style=\"text-align: center;\"><span style=\"color: #3366ff;\"><strong>CEREBRO Y NERVIOS<\/strong><\/span><\/address>\n<h3 style=\"text-align: center;\"><span style=\"color: #3366ff;\"><strong>INDICACIONES:<\/strong><\/span><\/h3>\n<address style=\"text-align: center;\"><span style=\"color: #000000;\"><strong>Fatiga mental-Agotamiento-Calambres-Desgano-Ci\u00e1tica-Puede ser administrado en diab\u00e9ticos-Nerviosismo-Insomnio-Stress f\u00edsico y mental-Dolor de cabeza de origen nervioso-Anemia perniciosa-Alcoholismo (Goma o Cruda)-Vegetarianos-Herpes-Neuritis-Par\u00e1lisis Facial-Procesos reum\u00e1ticos.<\/strong><\/span><\/address>\n","protected":false},"featured_media":5889,"comment_status":"closed","ping_status":"closed","template":"","meta":[],"product_cat":[441,147,136,149],"product_tag":[172,202,548,549],"class_list":{"0":"post-4383","1":"product","2":"type-product","3":"status-publish","4":"has-post-thumbnail","6":"product_cat-inyectables","7":"product_cat-laboratorios-biokemical","8":"product_cat-multivitaminas","9":"product_cat-salud-y-belleza","10":"product_tag-como-disminuir-el-estres","11":"product_tag-dolor-de-cabeza-nervioso","12":"product_tag-foskrol-25000","13":"product_tag-foskrol-inyeccion","15":"first","16":"instock","17":"purchasable","18":"product-type-simple","19":"col-xs-6 col-sm-4","20":"col-md-3 col-lg-3","21":"un-4-cols"},"_links":{"self":[{"href":"https:\/\/myvitaminss.com\/index.php\/wp-json\/wp\/v2\/product\/4383","targetHints":{"allow":["GET"]}}],"collection":[{"href":"https:\/\/myvitaminss.com\/index.php\/wp-json\/wp\/v2\/product"}],"about":[{"href":"https:\/\/myvitaminss.com\/index.php\/wp-json\/wp\/v2\/types\/product"}],"replies":[{"embeddable":true,"href":"https:\/\/myvitaminss.com\/index.php\/wp-json\/wp\/v2\/comments?post=4383"}],"wp:featuredmedia":[{"embeddable":true,"href":"https:\/\/myvitaminss.com\/index.php\/wp-json\/wp\/v2\/media\/5889"}],"wp:attachment":[{"href":"https:\/\/myvitaminss.com\/index.php\/wp-json\/wp\/v2\/media?parent=4383"}],"wp:term":[{"taxonomy":"product_cat","embeddable":true,"href":"https:\/\/myvitaminss.com\/index.php\/wp-json\/wp\/v2\/product_cat?post=4383"},{"taxonomy":"product_tag","embeddable":true,"href":"https:\/\/myvitaminss.com\/index.php\/wp-json\/wp\/v2\/product_tag?post=4383"}],"curies":[{"name":"wp","href":"https:\/\/api.w.org\/{rel}","templated":true}]}}