{"id":4382,"date":"2021-04-20T21:19:16","date_gmt":"2021-04-21T03:19:16","guid":{"rendered":"https:\/\/myvitaminss.com\/?post_type=product&#038;p=4382"},"modified":"2022-06-12T14:52:52","modified_gmt":"2022-06-12T20:52:52","slug":"foskrol-tabletas-tri-pack","status":"publish","type":"product","link":"https:\/\/myvitaminss.com\/index.php\/producto\/foskrol-tabletas-tri-pack\/","title":{"rendered":"FOSKROL Tabletas Tri-Pack"},"content":{"rendered":"<address style=\"text-align: center;\">\u00a0<\/address>\n<address style=\"text-align: center;\"><span style=\"color: #3366ff;\"><strong>Caja \u00a030 Tabletas<\/strong><\/span><\/address>\n<address style=\"text-align: center;\">\u00a0<\/address>\n<address style=\"text-align: center;\"><span style=\"color: #3366ff;\"><strong>DOSIS:<\/strong><\/span><\/address>\n<address>\u00a0<\/address>\n<address style=\"text-align: center;\"><span><b style=\"color: #3366ff;\">Como suplemento <\/b><span style=\"color: #3366ff;\"><b>vitam\u00ednico<\/b><\/span><b style=\"color: #3366ff;\"> se recomienda:<\/b><\/span><\/address>\n<address style=\"text-align: center;\"><span><span style=\"color: #000000;\"><b><span style=\"color: #3366ff;\">J\u00f3venes y Adultos:<\/span> Tomar 1 tableta recubierta 1 \u00f3 2 veces al d\u00eda.<\/b><\/span><\/span><\/address>\n<address>\u00a0<\/address>\n<address style=\"text-align: center;\"><span style=\"color: #3366ff;\"><strong>Contraindicaciones y advertencias:<\/strong><\/span><\/address>\n<address style=\"text-align: center;\"><strong><span style=\"color: #000000;\">Hipersensibilidad a alg\u00fan componente de la f\u00f3rmula.<\/span><\/strong><\/address>\n<address style=\"text-align: center;\">\u00a0<\/address>\n","protected":false},"excerpt":{"rendered":"<h1 style=\"text-align: center;\"><span style=\"color: #3366ff;\"><em><strong>PRECIO TRIPACK (3 CAJAS)<\/strong><\/em><\/span><\/h1>\n<h2 style=\"text-align: center;\"><span style=\"color: #000000;\">FOSKROL <\/span><span style=\"color: #ff0000;\"><em><span style=\"color: #3366ff;\">Vitaminas Para El Cerebro y Nervios<\/span><\/em> <span style=\"color: #000000;\">(Tabletas)<\/span><\/span><\/h2>\n<address style=\"text-align: center;\"><span style=\"color: #3366ff;\"><em><b>SUPLEMENTO VITAMINICO:<\/b><\/em><\/span><\/address>\n<address style=\"text-align: center;\"><span style=\"color: #000000;\"><span style=\"color: #000000;\"><b>Por contener en su f\u00f3rmula \u00e1cido glut\u00e1mico mas vitaminas del complejo B, mejora los estados de agotamiento neuro cerebral, ayuda a reducir la fatiga y la sensaci\u00f3n de estr\u00e9s.<\/b><\/span><\/span><\/address>\n<address>\u00a0<\/address>\n<address style=\"text-align: center;\"><span style=\"color: #3366ff;\"><strong>Mejora el rendimiento f\u00edsico y mental<\/strong><\/span><\/address>\n","protected":false},"featured_media":5892,"comment_status":"closed","ping_status":"closed","template":"","meta":{"_kad_post_transparent":"","_kad_post_title":"","_kad_post_layout":"","_kad_post_sidebar_id":"","_kad_post_content_style":"","_kad_post_vertical_padding":"","_kad_post_feature":"","_kad_post_feature_position":"","_kad_post_header":false,"_kad_post_footer":false,"_kad_post_classname":""},"product_brand":[],"product_cat":[147,282,206,139],"product_tag":[252,140,536,166,253,544,546,316,547,230,257,545],"class_list":{"0":"post-4382","1":"product","2":"type-product","3":"status-publish","4":"has-post-thumbnail","6":"product_cat-laboratorios-biokemical","7":"product_cat-tabletas","8":"product_cat-todo-dolor-y-vitaminas","9":"product_cat-vitaminas-y-suplementos","10":"product_tag-biokemical","11":"product_tag-complejo-b","12":"product_tag-eczema-alergico","13":"product_tag-energizantes","14":"product_tag-foskrol-capsulas","15":"product_tag-foskrol-pastillas","16":"product_tag-foskrol-tabletas","17":"product_tag-pastillas-vitaminadas-para-el-dolor","18":"product_tag-vitamina-b","19":"product_tag-vitamina-b12","20":"product_tag-vitaminas-en-el-salvador","21":"product_tag-vitaminas-foskrol-pastillas","23":"first","24":"instock","25":"purchasable","26":"product-type-simple","27":"entry","28":"content-bg","29":"loop-entry"},"_links":{"self":[{"href":"https:\/\/myvitaminss.com\/index.php\/wp-json\/wp\/v2\/product\/4382","targetHints":{"allow":["GET"]}}],"collection":[{"href":"https:\/\/myvitaminss.com\/index.php\/wp-json\/wp\/v2\/product"}],"about":[{"href":"https:\/\/myvitaminss.com\/index.php\/wp-json\/wp\/v2\/types\/product"}],"replies":[{"embeddable":true,"href":"https:\/\/myvitaminss.com\/index.php\/wp-json\/wp\/v2\/comments?post=4382"}],"wp:featuredmedia":[{"embeddable":true,"href":"https:\/\/myvitaminss.com\/index.php\/wp-json\/wp\/v2\/media\/5892"}],"wp:attachment":[{"href":"https:\/\/myvitaminss.com\/index.php\/wp-json\/wp\/v2\/media?parent=4382"}],"wp:term":[{"taxonomy":"product_brand","embeddable":true,"href":"https:\/\/myvitaminss.com\/index.php\/wp-json\/wp\/v2\/product_brand?post=4382"},{"taxonomy":"product_cat","embeddable":true,"href":"https:\/\/myvitaminss.com\/index.php\/wp-json\/wp\/v2\/product_cat?post=4382"},{"taxonomy":"product_tag","embeddable":true,"href":"https:\/\/myvitaminss.com\/index.php\/wp-json\/wp\/v2\/product_tag?post=4382"}],"curies":[{"name":"wp","href":"https:\/\/api.w.org\/{rel}","templated":true}]}}