{"id":4381,"date":"2021-04-20T21:19:15","date_gmt":"2021-04-21T03:19:15","guid":{"rendered":"https:\/\/myvitaminss.com\/?post_type=product&#038;p=4381"},"modified":"2022-06-12T15:01:52","modified_gmt":"2022-06-12T21:01:52","slug":"foskrol-forte-con-ginseng-tripack","status":"publish","type":"product","link":"https:\/\/myvitaminss.com\/index.php\/producto\/foskrol-forte-con-ginseng-tripack\/","title":{"rendered":"FOSKROL Forte con Ginseng TRIPACK"},"content":{"rendered":"<address style=\"text-align: center;\"><span style=\"color: #3366ff;\"><em><strong>Caja \u00a030 C\u00e1psulas<\/strong><\/em><\/span><\/address>\n<address style=\"text-align: center;\">\u00a0<\/address>\n<address style=\"text-align: center;\"><span style=\"color: #3366ff;\"><em><strong>DOSIS:<\/strong><\/em><\/span><\/address>\n<address style=\"text-align: center;\"><span style=\"color: #3366ff;\"><em><strong>Por lo general se recomienda:<\/strong><\/em><\/span><\/address>\n<address>\u00a0<\/address>\n<address style=\"text-align: center;\"><strong><span style=\"color: #3366ff;\">JOVENES ESTUDIANTES:<\/span> Tomar 1 C\u00e1psula despu\u00e9s del desayuno.<\/strong><\/address>\n<address>\u00a0<\/address>\n<address style=\"text-align: center;\"><strong><span style=\"color: #3366ff;\">ADULTOS:<\/span> 2 C\u00e1psulas despu\u00e9s del desayuno y 1 despu\u00e9s del almuerzo.<\/strong><\/address>\n<address>\u00a0<\/address>\n<address style=\"text-align: center;\"><span style=\"color: #3366ff;\"><strong>ADULTOS QUE TRABAJAN O ESTUDIAN DE NOCHE:<\/strong><\/span><\/address>\n<address style=\"text-align: center;\"><strong>Tomar 2 C\u00e1psulas despu\u00e9s de la cena.<\/strong><\/address>\n<address>\u00a0<\/address>\n<address style=\"text-align: center;\"><strong><span style=\"color: #3366ff;\">VIA DE ADMINISTRACION:<\/span> Oral<\/strong><\/address>\n<address>\u00a0<\/address>\n<address style=\"text-align: center;\"><span style=\"color: #3366ff;\"><b style=\"color: #3366ff;\">Tambi\u00e9n se recomienda para <\/b><span style=\"color: #3366ff;\"><b>diab\u00e9ticos<\/b><\/span><b style=\"color: #3366ff;\"> y vegetarianos.<\/b><\/span><\/address>\n<address>\u00a0<\/address>\n<address style=\"text-align: center;\"><span style=\"color: #3366ff;\"><strong>Contraindicaciones y Advertencias:<\/strong><\/span><\/address>\n<address style=\"text-align: center;\"><strong>Hipersensibilidad a alg\u00fan componente de la f\u00f3rmula.<\/strong><\/address>\n","protected":false},"excerpt":{"rendered":"<h1 style=\"text-align: center;\"><span style=\"color: #3366ff;\"><em><strong>PRECIO TRIPACK (3 CAJAS)<\/strong><\/em><\/span><\/h1>\n<h2 style=\"text-align: center;\"><span style=\"color: #3366ff;\"><em>FOSKROL Forte con Ginseng<\/em><\/span><\/h2>\n<address style=\"text-align: center;\"><span style=\"color: #3366ff;\"><em><b>INDICACIONES:<\/b><\/em><\/span><\/address>\n<address style=\"text-align: center;\"><span><span style=\"color: #000000;\"><b>Por ser un energizante y vitam\u00ednico\u00a0especial, fortalecido con Ginseng se recomienda a personas con: <\/b><\/span><span style=\"color: #3366ff; font-weight: bold;\">Agotamiento nervioso, f\u00edsico y mental.<\/span><\/span><\/address>\n<address style=\"text-align: center;\"><strong><span style=\"color: #000000;\">Adem\u00e1s mejora el funcionamiento del sistema nervioso central y perif\u00e9rico, <\/span><\/strong><\/address>\n<address style=\"text-align: center;\"><strong><span style=\"color: #000000;\">combatiendo afecciones tales como:<\/span><\/strong><\/address>\n<address style=\"text-align: center;\"><span style=\"color: #3366ff;\"><strong>Alteraciones del sue\u00f1o, falta de vigor, fatiga intelectual, mala concentraci\u00f3n, <\/strong><\/span><\/address>\n<address style=\"text-align: center;\"><span style=\"color: #3366ff;\"><strong>apat\u00eda, disminuci\u00f3n o p\u00e9rdida del l\u00edbido (Falta de inter\u00e9s sexual).<\/strong><\/span><\/address>\n<address>\u00a0<\/address>\n<address style=\"text-align: center;\"><span style=\"color: #000000;\"><span style=\"color: #000000;\"><b>Foskrol <\/b><\/span><span style=\"color: #3366ff;\">Forte<\/span><span style=\"color: #000000;\"><b> con <\/b><\/span><span style=\"color: #3366ff;\">Ginseng<\/span><span style=\"color: #000000;\"><b> aumenta la vitalidad en los hombres, ideal para combatir el estr\u00e9s, ayuda a la desintoxicaci\u00f3n de los nervios en personas alcoh\u00f3licas y en estados de convalecencia.<\/b><\/span><\/span><\/address>\n<address>\u00a0<\/address>\n<address style=\"text-align: center;\"><strong><span style=\"color: #000000;\">Debido a que Foskrol <span style=\"color: #3366ff;\">Forte<\/span> con <span style=\"color: #3366ff;\">Ginseng<\/span> estimula la oxigenaci\u00f3n celular, mejora notablemente la actividad de las se\u00f1oras en sus labores diarias, aumentando as\u00ed el rendimiento en el trabajo.<\/span><\/strong><\/address>\n<address>\u00a0<\/address>\n<address style=\"text-align: center;\"><strong><span style=\"color: #000000;\">Foskrol <span style=\"color: #3366ff;\">Forte<\/span> con <span style=\"color: #3366ff;\">Ginseng<\/span> no hace aumentar de peso (No engorda)<\/span><\/strong><\/address>\n","protected":false},"featured_media":5894,"comment_status":"closed","ping_status":"closed","template":"","meta":[],"product_cat":[208,147,206],"product_tag":[252,140,536,166,253,254,255,256,544,316,230,257,545],"class_list":{"0":"post-4381","1":"product","2":"type-product","3":"status-publish","4":"has-post-thumbnail","6":"product_cat-capsulas","7":"product_cat-laboratorios-biokemical","8":"product_cat-todo-dolor-y-vitaminas","9":"product_tag-biokemical","10":"product_tag-complejo-b","11":"product_tag-eczema-alergico","12":"product_tag-energizantes","13":"product_tag-foskrol-capsulas","14":"product_tag-foskrol-con-ginseng","15":"product_tag-foskrol-forte-con-ginseng","16":"product_tag-foskrol-fuerte","17":"product_tag-foskrol-pastillas","18":"product_tag-pastillas-vitaminadas-para-el-dolor","19":"product_tag-vitamina-b12","20":"product_tag-vitaminas-en-el-salvador","21":"product_tag-vitaminas-foskrol-pastillas","23":"first","24":"instock","25":"purchasable","26":"product-type-simple","27":"col-xs-6 col-sm-4","28":"col-md-3 col-lg-3","29":"un-4-cols"},"_links":{"self":[{"href":"https:\/\/myvitaminss.com\/index.php\/wp-json\/wp\/v2\/product\/4381","targetHints":{"allow":["GET"]}}],"collection":[{"href":"https:\/\/myvitaminss.com\/index.php\/wp-json\/wp\/v2\/product"}],"about":[{"href":"https:\/\/myvitaminss.com\/index.php\/wp-json\/wp\/v2\/types\/product"}],"replies":[{"embeddable":true,"href":"https:\/\/myvitaminss.com\/index.php\/wp-json\/wp\/v2\/comments?post=4381"}],"wp:featuredmedia":[{"embeddable":true,"href":"https:\/\/myvitaminss.com\/index.php\/wp-json\/wp\/v2\/media\/5894"}],"wp:attachment":[{"href":"https:\/\/myvitaminss.com\/index.php\/wp-json\/wp\/v2\/media?parent=4381"}],"wp:term":[{"taxonomy":"product_cat","embeddable":true,"href":"https:\/\/myvitaminss.com\/index.php\/wp-json\/wp\/v2\/product_cat?post=4381"},{"taxonomy":"product_tag","embeddable":true,"href":"https:\/\/myvitaminss.com\/index.php\/wp-json\/wp\/v2\/product_tag?post=4381"}],"curies":[{"name":"wp","href":"https:\/\/api.w.org\/{rel}","templated":true}]}}