{"id":4364,"date":"2021-04-20T21:19:06","date_gmt":"2021-04-21T03:19:06","guid":{"rendered":"https:\/\/myvitaminss.com\/?post_type=product&#038;p=4364"},"modified":"2022-07-05T14:24:03","modified_gmt":"2022-07-05T20:24:03","slug":"alivie-la-acidez-con-estomacid-capsulas","status":"publish","type":"product","link":"https:\/\/myvitaminss.com\/index.php\/producto\/alivie-la-acidez-con-estomacid-capsulas\/","title":{"rendered":"Alivie la acidez con Estomacid C\u00e1psulas"},"content":{"rendered":"<address style=\"text-align: center;\">\n<address>\u00a0<\/address>\n<h4><span style=\"color: #3366ff;\"><em><strong>Dispensador de 50 C\u00e1psulas<\/strong><\/em><\/span><\/h4>\n<h4><span style=\"color: #3366ff;\"><em><strong>DOSIS:<\/strong><\/em><\/span><\/h4>\n<h4><b>Tomar por la ma\u00f1ana 30 minutos antes del desayuno.<\/b><\/h4>\n<h4><span style=\"color: #3366ff;\"><em><strong>Para la Gastritis y Acidez:<\/strong><\/em><\/span><\/h4>\n<h4><strong><span style=\"color: #000000;\">1 C\u00e1psula por la ma\u00f1ana, durante 4 semanas.<\/span><\/strong><\/h4>\n<h4><span style=\"color: #3366ff;\"><em><strong>Para \u00falcera g\u00e1strica:<\/strong><\/em><\/span><\/h4>\n<h4><strong><span style=\"color: #000000;\">2 C\u00e1psulas por la ma\u00f1ana, durante 4 a 8 semanas<\/span><\/strong><\/h4>\n<h4><em><span style=\"color: #3366ff;\"><strong>Para Reflujo gastroesof\u00e1gico:<\/strong><\/span><\/em><\/h4>\n<h4><strong><span style=\"color: #000000;\">1 \u00f3 2 C\u00e1psulas por la ma\u00f1ana durante 4 semanas<\/span><\/strong><\/h4>\n<h4><span style=\"color: #3366ff;\"><em><strong>CONTRAINDICACIONES:<\/strong><\/em><\/span><\/h4>\n<h4><strong>Hipersensibilidad a los componentes de la f\u00f3rmula.<\/strong><\/h4>\n<address><strong>\u00a0<\/strong><\/address>\n<address>\u00a0<\/address>\n<\/address>\n<p>&nbsp;<\/p>\n","protected":false},"excerpt":{"rendered":"<h3 style=\"text-align: center;\"><span style=\"color: #3366ff;\"><em><strong>INDICACIONES<\/strong><\/em><\/span><\/h3>\n<h3 style=\"text-align: center;\"><span style=\"color: #000000;\"><b>Eficaz contra la acidez, gastritis e irritaci\u00f3n estomacal, reflujo gastroesof\u00e1gico, \u00falcera g\u00e1strica.<\/b><\/span><\/h3>\n","protected":false},"featured_media":5905,"comment_status":"closed","ping_status":"closed","template":"","meta":[],"product_cat":[208,231,295],"product_tag":[529,530,531,532,533,534],"class_list":{"0":"post-4364","1":"product","2":"type-product","3":"status-publish","4":"has-post-thumbnail","6":"product_cat-capsulas","7":"product_cat-laboratorios-lopez","8":"product_cat-para-el-estomago","9":"product_tag-acidez","10":"product_tag-aliviar-acidez","11":"product_tag-estomacid","12":"product_tag-gastritis-e-irritacion-estomacal","13":"product_tag-reflujo-gastroesofagico","14":"product_tag-ulcera-gastrica","16":"first","17":"instock","18":"purchasable","19":"product-type-simple","20":"col-xs-6 col-sm-4","21":"col-md-3 col-lg-3","22":"un-4-cols"},"_links":{"self":[{"href":"https:\/\/myvitaminss.com\/index.php\/wp-json\/wp\/v2\/product\/4364","targetHints":{"allow":["GET"]}}],"collection":[{"href":"https:\/\/myvitaminss.com\/index.php\/wp-json\/wp\/v2\/product"}],"about":[{"href":"https:\/\/myvitaminss.com\/index.php\/wp-json\/wp\/v2\/types\/product"}],"replies":[{"embeddable":true,"href":"https:\/\/myvitaminss.com\/index.php\/wp-json\/wp\/v2\/comments?post=4364"}],"wp:featuredmedia":[{"embeddable":true,"href":"https:\/\/myvitaminss.com\/index.php\/wp-json\/wp\/v2\/media\/5905"}],"wp:attachment":[{"href":"https:\/\/myvitaminss.com\/index.php\/wp-json\/wp\/v2\/media?parent=4364"}],"wp:term":[{"taxonomy":"product_cat","embeddable":true,"href":"https:\/\/myvitaminss.com\/index.php\/wp-json\/wp\/v2\/product_cat?post=4364"},{"taxonomy":"product_tag","embeddable":true,"href":"https:\/\/myvitaminss.com\/index.php\/wp-json\/wp\/v2\/product_tag?post=4364"}],"curies":[{"name":"wp","href":"https:\/\/api.w.org\/{rel}","templated":true}]}}