{"id":4357,"date":"2021-04-20T21:19:05","date_gmt":"2021-04-21T03:19:05","guid":{"rendered":"https:\/\/myvitaminss.com\/?post_type=product&#038;p=4357"},"modified":"2022-08-19T18:52:01","modified_gmt":"2022-08-20T00:52:01","slug":"dolofin-ar","status":"publish","type":"product","link":"https:\/\/myvitaminss.com\/index.php\/producto\/dolofin-ar\/","title":{"rendered":"DOLOFIN AR"},"content":{"rendered":"<h4 style=\"text-align: center;\">\u00a0<span style=\"color: #3366ff;\"><em><strong>Caja de 50 Tabletas<\/strong><\/em><\/span><\/h4>\n<h4 style=\"text-align: center;\"><span style=\"color: #3366ff;\"><em><strong>Dosis:<\/strong><\/em><\/span><\/h4>\n<h4 style=\"text-align: center;\"><b>1 Tableta cada 12 horas \u00f3 2 tabletas en una sola toma.<\/b><\/h4>\n<h4 style=\"text-align: center;\"><em><span style=\"color: #3366ff;\"><strong>CONTRAINDICACIONES:<\/strong><\/span><\/em><\/h4>\n<h4 style=\"text-align: center;\">Hipersensibilidad al medicamento, \u00falcera\u00a0p\u00e9ptica activa, embarazo.<\/h4>\n<h4 style=\"text-align: center;\"><strong>No se recomienda en ni\u00f1os menores de 12 a\u00f1os.<\/strong><\/h4>\n<address style=\"text-align: center;\">\u00a0<\/address>\n<p>&nbsp;<\/p>\n","protected":false},"excerpt":{"rendered":"<h4 style=\"text-align: center;\"><span style=\"color: #3366ff;\"><strong>DOLOFIN AR<\/strong><\/span><\/h4>\n<h4 style=\"text-align: center;\"><span style=\"color: #000000;\"><span style=\"color: #000000;\">Ataca directamente\u00a0al dolor y la inflamaci\u00f3n, sin afectar el est\u00f3mago, es \u00fatil en Artritis Reumatoidea, Osteoartritis, Reumatismo articular, Lumbago, Golpes y Torceduras.<\/span><\/span><\/h4>\n","protected":false},"featured_media":5907,"comment_status":"closed","ping_status":"closed","template":"","meta":[],"product_cat":[145,341,231,282],"product_tag":[375,343,519,520,463,521,522,523],"class_list":{"0":"post-4357","1":"product","2":"type-product","3":"status-publish","4":"has-post-thumbnail","6":"product_cat-artritis","7":"product_cat-artritis-artrosis-reuma","8":"product_cat-laboratorios-lopez","9":"product_cat-tabletas","10":"product_tag-artritis-reumatoide","11":"product_tag-dolofin-ar","12":"product_tag-dolor-e-inflamacion","13":"product_tag-golpes","14":"product_tag-lumbago","15":"product_tag-osteoartritis","16":"product_tag-reumatismo-articular","17":"product_tag-torceduras","19":"first","20":"instock","21":"purchasable","22":"product-type-simple","23":"col-xs-6 col-sm-4","24":"col-md-3 col-lg-3","25":"un-4-cols"},"_links":{"self":[{"href":"https:\/\/myvitaminss.com\/index.php\/wp-json\/wp\/v2\/product\/4357","targetHints":{"allow":["GET"]}}],"collection":[{"href":"https:\/\/myvitaminss.com\/index.php\/wp-json\/wp\/v2\/product"}],"about":[{"href":"https:\/\/myvitaminss.com\/index.php\/wp-json\/wp\/v2\/types\/product"}],"replies":[{"embeddable":true,"href":"https:\/\/myvitaminss.com\/index.php\/wp-json\/wp\/v2\/comments?post=4357"}],"wp:featuredmedia":[{"embeddable":true,"href":"https:\/\/myvitaminss.com\/index.php\/wp-json\/wp\/v2\/media\/5907"}],"wp:attachment":[{"href":"https:\/\/myvitaminss.com\/index.php\/wp-json\/wp\/v2\/media?parent=4357"}],"wp:term":[{"taxonomy":"product_cat","embeddable":true,"href":"https:\/\/myvitaminss.com\/index.php\/wp-json\/wp\/v2\/product_cat?post=4357"},{"taxonomy":"product_tag","embeddable":true,"href":"https:\/\/myvitaminss.com\/index.php\/wp-json\/wp\/v2\/product_tag?post=4357"}],"curies":[{"name":"wp","href":"https:\/\/api.w.org\/{rel}","templated":true}]}}