{"id":4272,"date":"2021-04-20T21:18:32","date_gmt":"2021-04-21T03:18:32","guid":{"rendered":"https:\/\/myvitaminss.com\/?post_type=product&#038;p=4272"},"modified":"2022-07-18T18:17:38","modified_gmt":"2022-07-19T00:17:38","slug":"ultra-doceplex-inyectable","status":"publish","type":"product","link":"https:\/\/myvitaminss.com\/index.php\/producto\/ultra-doceplex-inyectable\/","title":{"rendered":"ULTRA-DOCEPLEX INYECTABLE"},"content":{"rendered":"<address style=\"text-align: center;\">\u00a0<\/address>\n<address style=\"text-align: center;\"><img decoding=\"async\" class=\"aligncenter size-full wp-image-835\" src=\"http:\/\/vitaminas.comprarenelsalvador.com\/wp-content\/uploads\/2014\/02\/928520184.jpg\" alt=\"ULTRA DOCEPLEX\" width=\"220\" height=\"98\" \/><\/address>\n<address>\u00a0<\/address>\n<address style=\"text-align: center;\"><span style=\"color: #3366ff;\"><em><strong>DOSIS Y VIA DE ADMINISTRACION:<\/strong><\/em><\/span><\/address>\n<address>\u00a0<\/address>\n<address style=\"text-align: center;\"><span style=\"color: #3366ff;\"><em><strong>Salvo prescripci\u00f3n m\u00e9dica se recomienda:<\/strong><\/em><\/span><\/address>\n<address>\u00a0<\/address>\n<address style=\"text-align: center;\"><strong><span style=\"color: #000000;\">Administrar de dos a tres inyecciones v\u00eda intramuscular como inicio de tratamiento la primera semana. <\/span><\/strong><\/address>\n<address style=\"text-align: center;\"><strong><span style=\"color: #000000;\">Continuar con una ampolla semanal durante un mes. <\/span><\/strong><\/address>\n<address style=\"text-align: center;\"><strong><span style=\"color: #000000;\">En casos graves, administrar una inyecci\u00f3n diaria por v\u00eda intramuscular durante cinco d\u00edas.<\/span><\/strong><\/address>\n","protected":false},"excerpt":{"rendered":"<address>\u00a0<\/address>\n<address style=\"text-align: center;\"><strong><span style=\"color: #000000;\"><span style=\"color: #3366ff;\"><em>ULTRA-DOCEPLEX<\/em><\/span> es una f\u00f3rmula energizante y antiestr\u00e9s<\/span><\/strong><\/address>\n<address>\u00a0<\/address>\n<address style=\"text-align: center;\"><em><strong><span style=\"color: #ff0000;\"><span style=\"color: #3366ff;\">Favor haga su Selecci\u00f3n<\/span> <img decoding=\"async\" class=\"aligncenter wp-image-270801\" src=\"https:\/\/vitaminas.comprarenelsalvador.com\/wp-content\/uploads\/2019\/11\/Vitaminas-En-El-Salvador.png\" alt=\"\" width=\"128\" height=\"128\" \/><\/span> <\/strong><\/em><\/address>\n","protected":false},"featured_media":5927,"comment_status":"closed","ping_status":"closed","template":"","meta":[],"product_cat":[444,134,441,135,149,138,139],"product_tag":[445,446,447,448,449,450,451],"class_list":{"0":"post-4272","1":"product","2":"type-product","3":"status-publish","4":"has-post-thumbnail","6":"product_cat-ampolla-intramuscular","7":"product_cat-control-de-estres","8":"product_cat-inyectables","9":"product_cat-laboratorios-vijosa","10":"product_cat-salud-y-belleza","11":"product_cat-vitaminas-neurotropas","12":"product_cat-vitaminas-y-suplementos","13":"product_tag-ultra-doceplex-inyecciones","14":"product_tag-ultra-doceplex-inyectable","15":"product_tag-ultra-doceplex-inyectable-amazon","16":"product_tag-ultra-doceplex-inyectable-ebay","17":"product_tag-ultra-doceplex-inyectable-efectos-secundarios","18":"product_tag-ultra-doceplex-inyectable-original-de-el-salvador","19":"product_tag-ultra-doceplex-inyectable-para-que-es","21":"first","22":"instock","23":"sale","24":"purchasable","25":"product-type-variable","26":"has-default-attributes","27":"col-xs-6 col-sm-4","28":"col-md-3 col-lg-3","29":"un-4-cols"},"_links":{"self":[{"href":"https:\/\/myvitaminss.com\/index.php\/wp-json\/wp\/v2\/product\/4272","targetHints":{"allow":["GET"]}}],"collection":[{"href":"https:\/\/myvitaminss.com\/index.php\/wp-json\/wp\/v2\/product"}],"about":[{"href":"https:\/\/myvitaminss.com\/index.php\/wp-json\/wp\/v2\/types\/product"}],"replies":[{"embeddable":true,"href":"https:\/\/myvitaminss.com\/index.php\/wp-json\/wp\/v2\/comments?post=4272"}],"wp:featuredmedia":[{"embeddable":true,"href":"https:\/\/myvitaminss.com\/index.php\/wp-json\/wp\/v2\/media\/5927"}],"wp:attachment":[{"href":"https:\/\/myvitaminss.com\/index.php\/wp-json\/wp\/v2\/media?parent=4272"}],"wp:term":[{"taxonomy":"product_cat","embeddable":true,"href":"https:\/\/myvitaminss.com\/index.php\/wp-json\/wp\/v2\/product_cat?post=4272"},{"taxonomy":"product_tag","embeddable":true,"href":"https:\/\/myvitaminss.com\/index.php\/wp-json\/wp\/v2\/product_tag?post=4272"}],"curies":[{"name":"wp","href":"https:\/\/api.w.org\/{rel}","templated":true}]}}