{"id":4265,"date":"2021-04-20T21:18:31","date_gmt":"2021-04-21T03:18:31","guid":{"rendered":"https:\/\/myvitaminss.com\/?post_type=product&#038;p=4265"},"modified":"2022-07-21T12:08:49","modified_gmt":"2022-07-21T18:08:49","slug":"pura-vida-con-ultraestres-vitaminado-25000-tripack","status":"publish","type":"product","link":"https:\/\/myvitaminss.com\/index.php\/producto\/pura-vida-con-ultraestres-vitaminado-25000-tripack\/","title":{"rendered":"Pura vida con ULTRAESTRES VITAMINADO 25,000 TRIPACK"},"content":{"rendered":"<address style=\"text-align: center;\">\u00a0<\/address>\n<h4 style=\"text-align: center;\"><span style=\"color: #3366ff;\"><em><strong>Dosis<\/strong><\/em><\/span><\/h4>\n<h4 style=\"text-align: center;\"><span style=\"color: #000000;\">La dosis y el \u00a0tiempo de tratamiento queda a juicio del m\u00e9dico.<\/span><\/h4>\n<h4 style=\"text-align: center;\"><span style=\"color: #3366ff;\"><em><strong>Por lo general se recomienda:<\/strong><\/em><\/span><\/h4>\n<h4 style=\"text-align: center;\"><strong><span style=\"color: #000000;\">Aplicar una ampolla intramuscular profunda cada 2 \u00f3 3 d\u00edas por una semana, luego una ampolla cada semana por un mes.<\/span><\/strong><\/h4>\n<h4 style=\"text-align: center;\"><span style=\"color: #3366ff;\"><em><strong>VIA DE ADMINISTRACION:<\/strong><\/em><\/span><\/h4>\n<h4 style=\"text-align: center;\"><span style=\"color: #3366ff;\"><em><strong>Intramuscular<\/strong><\/em><\/span><\/h4>\n<h4 style=\"text-align: center;\"><strong><span style=\"color: #0000ff;\"><span style=\"color: #3366ff;\"><em>CONTRAINDICACIONES Y ADVERTENCIAS<\/em><\/span>:<\/span><\/strong><\/h4>\n<h4 style=\"text-align: center;\"><strong>Alergia a alg\u00fan componente de la f\u00f3rmula, la vitamina B6 en dosis elevada puede debilitar la acci\u00f3n de la L-Dopa en pacientes con la enfermedad de Parkinson.<\/strong><\/h4>\n","protected":false},"excerpt":{"rendered":"<h2 style=\"text-align: center;\"><span style=\"color: #3366ff;\"><em><strong>PRECIO TRIPACK (3 Inyecciones)<\/strong><\/em><\/span><\/h2>\n<h4 style=\"text-align: center;\"><span style=\"color: #3366ff;\"><strong><em><span style=\"color: #000000;\">Desintoxicante eficaz de la c\u00e9lula nerviosa; combinaci\u00f3n adecuada de las vitaminas neuro tropas\u00a0en dosificaci\u00f3n elevada para el tratamiento de alteraciones nerviosas tales como:<\/span><\/em><\/strong><\/span><\/h4>\n<h4 style=\"text-align: center;\"><span style=\"color: #000000;\">Estr\u00e9s<\/span><strong><span style=\"color: #000000;\">, agotamiento nervioso, fatiga f\u00edsica y mental, adormecimiento y hormigueo en el cuerpo, \u00a0ansiedad, preocupaci\u00f3n, depresi\u00f3n, ci\u00e1tica, calambres, dolor de cabeza de origen nervioso, par\u00e1lisis facial, herpes zoster, insomnio, debilidad, nerviosismo, desgano, dolor de nuca o espalda debido a preocupaci\u00f3n, tensi\u00f3n emocional.<\/span><\/strong><\/h4>\n","protected":false},"featured_media":5932,"comment_status":"closed","ping_status":"closed","template":"","meta":[],"product_cat":[134,441,147,149,138],"product_tag":[252,442,443],"class_list":{"0":"post-4265","1":"product","2":"type-product","3":"status-publish","4":"has-post-thumbnail","6":"product_cat-control-de-estres","7":"product_cat-inyectables","8":"product_cat-laboratorios-biokemical","9":"product_cat-salud-y-belleza","10":"product_cat-vitaminas-neurotropas","11":"product_tag-biokemical","12":"product_tag-ultraestres-inyeccion","13":"product_tag-ultraestres-inyectable","15":"first","16":"instock","17":"purchasable","18":"product-type-simple","19":"col-xs-6 col-sm-4","20":"col-md-3 col-lg-3","21":"un-4-cols"},"_links":{"self":[{"href":"https:\/\/myvitaminss.com\/index.php\/wp-json\/wp\/v2\/product\/4265","targetHints":{"allow":["GET"]}}],"collection":[{"href":"https:\/\/myvitaminss.com\/index.php\/wp-json\/wp\/v2\/product"}],"about":[{"href":"https:\/\/myvitaminss.com\/index.php\/wp-json\/wp\/v2\/types\/product"}],"replies":[{"embeddable":true,"href":"https:\/\/myvitaminss.com\/index.php\/wp-json\/wp\/v2\/comments?post=4265"}],"wp:featuredmedia":[{"embeddable":true,"href":"https:\/\/myvitaminss.com\/index.php\/wp-json\/wp\/v2\/media\/5932"}],"wp:attachment":[{"href":"https:\/\/myvitaminss.com\/index.php\/wp-json\/wp\/v2\/media?parent=4265"}],"wp:term":[{"taxonomy":"product_cat","embeddable":true,"href":"https:\/\/myvitaminss.com\/index.php\/wp-json\/wp\/v2\/product_cat?post=4265"},{"taxonomy":"product_tag","embeddable":true,"href":"https:\/\/myvitaminss.com\/index.php\/wp-json\/wp\/v2\/product_tag?post=4265"}],"curies":[{"name":"wp","href":"https:\/\/api.w.org\/{rel}","templated":true}]}}