{"id":4250,"date":"2021-04-20T21:18:30","date_gmt":"2021-04-21T03:18:30","guid":{"rendered":"https:\/\/myvitaminss.com\/?post_type=product&#038;p=4250"},"modified":"2022-08-03T17:40:19","modified_gmt":"2022-08-03T23:40:19","slug":"ultradoceplex-mega-woman-tabletas","status":"publish","type":"product","link":"https:\/\/myvitaminss.com\/index.php\/producto\/ultradoceplex-mega-woman-tabletas\/","title":{"rendered":"Ultradoceplex Mega Woman Tabletas"},"content":{"rendered":"<address style=\"text-align: center;\"><img fetchpriority=\"high\" decoding=\"async\" class=\"aligncenter size-full wp-image-588\" src=\"http:\/\/vitaminas.comprarenelsalvador.com\/wp-content\/uploads\/2013\/11\/mega-woman.jpg\" alt=\"mega woman\" width=\"220\" height=\"285\" \/><\/address>\n<address style=\"text-align: center;\"><span style=\"color: #3366ff;\"><em><strong>Contenido 50 Tabletas<\/strong><\/em><\/span><\/address>\n<address style=\"text-align: center;\">\u00a0<\/address>\n<address style=\"text-align: center;\">\n<p style=\"text-align: center;\"><span style=\"color: #000000;\"><strong><span style=\"color: #3366ff;\">Dosis:<\/span> Adultos, tomar 2 tabletas al d\u00eda, preferiblemente con la comida.<\/strong><\/span><\/p>\n<p style=\"text-align: center;\"><span style=\"color: #3366ff;\"><em><b style=\"color: #3366ff;\">Contraindicaci\u00f3n durante el embarazo y <\/b><span style=\"color: #3366ff;\"><b>lactancia<\/b><\/span><b style=\"color: #3366ff;\">.<\/b><\/em><\/span><\/p>\n<\/address>\n<address style=\"text-align: center;\">\u00a0<\/address>\n","protected":false},"excerpt":{"rendered":"<address style=\"text-align: center;\"><span style=\"color: #3366ff;\"><em><strong>Dise\u00f1ado especialmente para las necesidades nutricionales diarias de la Mujer.<\/strong><\/em><\/span><\/address>\n<address style=\"text-align: center;\"><strong><span style=\"color: #000000;\">Protecci\u00f3n Antioxidante<\/span><\/strong><br \/>\n<strong><span style=\"color: #000000;\">Producci\u00f3n de Energ\u00eda<\/span><\/strong><br \/>\n<strong><span style=\"color: #000000;\">Factores Anti-Estr\u00e9s<\/span><\/strong><\/address>\n<address style=\"text-align: center;\"><strong><span style=\"color: #000000;\">M\u00e1s que un multivitam\u00ednico, combina los elementos nutricionales b\u00e1sicos con ingredientes naturales de uso tradicional en la salud femenina.<\/span><\/strong><\/address>\n<address>\u00a0<\/address>\n<address style=\"text-align: center;\"><span style=\"color: #3366ff;\"><em><strong>Contiene 50 ingredientes activos:<\/strong><\/em><\/span><\/address>\n<address style=\"text-align: center;\"><strong><span style=\"color: #000000;\">Vitaminas<\/span><\/strong><br \/>\n<strong><span style=\"color: #000000;\">Minerales<\/span><\/strong><br \/>\n<strong><span style=\"color: #000000;\">Antioxidantes<\/span><\/strong><br \/>\n<strong><span style=\"color: #000000;\">Bioflavonoides<\/span><\/strong><br \/>\n<span style=\"color: #000000;\"><b>Fito nutrientes<\/b><\/span><\/address>\n","protected":false},"featured_media":5982,"comment_status":"closed","ping_status":"closed","template":"","meta":[],"product_cat":[134,135,136,149,282,138,139],"product_tag":[390,391,392,393,394,397,396],"class_list":{"0":"post-4250","1":"product","2":"type-product","3":"status-publish","4":"has-post-thumbnail","6":"product_cat-control-de-estres","7":"product_cat-laboratorios-vijosa","8":"product_cat-multivitaminas","9":"product_cat-salud-y-belleza","10":"product_cat-tabletas","11":"product_cat-vitaminas-neurotropas","12":"product_cat-vitaminas-y-suplementos","13":"product_tag-antioxidante","14":"product_tag-factores-anti-estres","15":"product_tag-produccion-de-energia","16":"product_tag-proteccion-antioxidante","17":"product_tag-ultra-doceplex","18":"product_tag-ultradoceplex-mega-woman","19":"product_tag-ultradoceplex-pastillas","21":"first","22":"instock","23":"purchasable","24":"product-type-simple","25":"col-xs-6 col-sm-4","26":"col-md-3 col-lg-3","27":"un-4-cols"},"_links":{"self":[{"href":"https:\/\/myvitaminss.com\/index.php\/wp-json\/wp\/v2\/product\/4250","targetHints":{"allow":["GET"]}}],"collection":[{"href":"https:\/\/myvitaminss.com\/index.php\/wp-json\/wp\/v2\/product"}],"about":[{"href":"https:\/\/myvitaminss.com\/index.php\/wp-json\/wp\/v2\/types\/product"}],"replies":[{"embeddable":true,"href":"https:\/\/myvitaminss.com\/index.php\/wp-json\/wp\/v2\/comments?post=4250"}],"wp:featuredmedia":[{"embeddable":true,"href":"https:\/\/myvitaminss.com\/index.php\/wp-json\/wp\/v2\/media\/5982"}],"wp:attachment":[{"href":"https:\/\/myvitaminss.com\/index.php\/wp-json\/wp\/v2\/media?parent=4250"}],"wp:term":[{"taxonomy":"product_cat","embeddable":true,"href":"https:\/\/myvitaminss.com\/index.php\/wp-json\/wp\/v2\/product_cat?post=4250"},{"taxonomy":"product_tag","embeddable":true,"href":"https:\/\/myvitaminss.com\/index.php\/wp-json\/wp\/v2\/product_tag?post=4250"}],"curies":[{"name":"wp","href":"https:\/\/api.w.org\/{rel}","templated":true}]}}