{"id":4249,"date":"2021-04-20T21:18:30","date_gmt":"2021-04-21T03:18:30","guid":{"rendered":"https:\/\/myvitaminss.com\/?post_type=product&#038;p=4249"},"modified":"2022-08-03T17:40:10","modified_gmt":"2022-08-03T23:40:10","slug":"ultra-doceplex-mega-man-tabletas","status":"publish","type":"product","link":"https:\/\/myvitaminss.com\/index.php\/producto\/ultra-doceplex-mega-man-tabletas\/","title":{"rendered":"Ultra Doceplex Mega Man Tabletas"},"content":{"rendered":"<address style=\"text-align: center;\">\u00a0<\/address>\n<p style=\"text-align: center;\"><span style=\"color: #3366ff;\"><strong><em>Contenido 50 Tabletas<\/em><\/strong><\/span><\/p>\n<p style=\"text-align: center;\"><span style=\"color: #000000;\"><strong>Dise\u00f1ado especialmente para las necesidades nutricionales diarias del hombre.<\/strong><\/span><\/p>\n<p style=\"text-align: center;\"><span style=\"color: #000000;\"><strong>Protecci\u00f3n Antioxidante<\/strong><\/span><br \/>\n<span style=\"color: #000000;\"><strong> Producci\u00f3n de Energ\u00eda<\/strong><\/span><br \/>\n<span style=\"color: #000000;\"><strong> Factores Anti-Estr\u00e9s<\/strong><\/span><\/p>\n<p style=\"text-align: center;\"><span style=\"color: #ff0000;\"><strong><span style=\"color: #3366ff;\"><em>Dosis:<\/em><\/span> <span style=\"color: #000000;\">Adultos, tomar 2 tabletas al d\u00eda, preferiblemente con la comida.<\/span><\/strong><\/span><\/p>\n","protected":false},"excerpt":{"rendered":"<address style=\"text-align: center;\"><strong><span style=\"color: #000000;\">M\u00e1s que un multivitam\u00ednico, combina los elementos nutricionales b\u00e1sicos con ingredientes naturales de uso tradicional en la salud masculina.<\/span><\/strong><\/address>\n<address>\u00a0<\/address>\n<address style=\"text-align: center;\"><span style=\"color: #3366ff;\"><em><strong>Contiene 54 ingredientes activos:<\/strong><\/em><\/span><\/address>\n<address style=\"text-align: center;\"><strong><span style=\"color: #000000;\"> Vitaminas<\/span><\/strong><br \/>\n<strong><span style=\"color: #000000;\"> Minerales<\/span><\/strong><br \/>\n<strong><span style=\"color: #000000;\"> Antioxidantes<\/span><\/strong><br \/>\n<strong><span style=\"color: #000000;\"> Amino\u00e1cidos<\/span><\/strong><br \/>\n<span style=\"color: #000000;\"><b>Fito nutrientes<\/b><\/span><br \/>\n<strong><span style=\"color: #000000;\">Dise\u00f1ado especialmente para las necesidades nutricionales diarias del hombre.<\/span><\/strong><\/address>\n<address style=\"text-align: center;\"><strong><span style=\"color: #000000;\">Protecci\u00f3n Antioxidante<\/span><\/strong><br \/>\n<strong><span style=\"color: #000000;\"> Producci\u00f3n de Energ\u00eda<\/span><\/strong><br \/>\n<strong><span style=\"color: #000000;\"> Factores Anti-Estr\u00e9s<\/span><\/strong><\/address>\n<address>\u00a0<\/address>\n<address style=\"text-align: center;\"><span style=\"color: #3366ff;\"><em><strong>Dosis: <\/strong><\/em><\/span><\/address>\n<address>\u00a0<\/address>\n<address style=\"text-align: center;\"><strong><span style=\"color: #000000;\">Adultos, tomar 2 tabletas al d\u00eda, preferiblemente con la comida.<\/span><\/strong><\/address>\n","protected":false},"featured_media":5980,"comment_status":"closed","ping_status":"closed","template":"","meta":[],"product_cat":[134,135,136,149,282,138,139],"product_tag":[390,391,392,393,394,395,396],"class_list":{"0":"post-4249","1":"product","2":"type-product","3":"status-publish","4":"has-post-thumbnail","6":"product_cat-control-de-estres","7":"product_cat-laboratorios-vijosa","8":"product_cat-multivitaminas","9":"product_cat-salud-y-belleza","10":"product_cat-tabletas","11":"product_cat-vitaminas-neurotropas","12":"product_cat-vitaminas-y-suplementos","13":"product_tag-antioxidante","14":"product_tag-factores-anti-estres","15":"product_tag-produccion-de-energia","16":"product_tag-proteccion-antioxidante","17":"product_tag-ultra-doceplex","18":"product_tag-ultradoceplex-mega-man","19":"product_tag-ultradoceplex-pastillas","21":"first","22":"instock","23":"purchasable","24":"product-type-simple","25":"col-xs-6 col-sm-4","26":"col-md-3 col-lg-3","27":"un-4-cols"},"_links":{"self":[{"href":"https:\/\/myvitaminss.com\/index.php\/wp-json\/wp\/v2\/product\/4249","targetHints":{"allow":["GET"]}}],"collection":[{"href":"https:\/\/myvitaminss.com\/index.php\/wp-json\/wp\/v2\/product"}],"about":[{"href":"https:\/\/myvitaminss.com\/index.php\/wp-json\/wp\/v2\/types\/product"}],"replies":[{"embeddable":true,"href":"https:\/\/myvitaminss.com\/index.php\/wp-json\/wp\/v2\/comments?post=4249"}],"wp:featuredmedia":[{"embeddable":true,"href":"https:\/\/myvitaminss.com\/index.php\/wp-json\/wp\/v2\/media\/5980"}],"wp:attachment":[{"href":"https:\/\/myvitaminss.com\/index.php\/wp-json\/wp\/v2\/media?parent=4249"}],"wp:term":[{"taxonomy":"product_cat","embeddable":true,"href":"https:\/\/myvitaminss.com\/index.php\/wp-json\/wp\/v2\/product_cat?post=4249"},{"taxonomy":"product_tag","embeddable":true,"href":"https:\/\/myvitaminss.com\/index.php\/wp-json\/wp\/v2\/product_tag?post=4249"}],"curies":[{"name":"wp","href":"https:\/\/api.w.org\/{rel}","templated":true}]}}