{"id":4236,"date":"2021-04-20T21:18:18","date_gmt":"2021-04-21T03:18:18","guid":{"rendered":"https:\/\/myvitaminss.com\/?post_type=product&#038;p=4236"},"modified":"2021-04-20T21:18:28","modified_gmt":"2021-04-21T03:18:28","slug":"griin-noni","status":"publish","type":"product","link":"https:\/\/myvitaminss.com\/index.php\/producto\/griin-noni\/","title":{"rendered":"Griin Noni"},"content":{"rendered":"<p><a href=\"http:\/\/vitaminas.comprarenelsalvador.com\/?product=griin-noni\" target=\"_blank\" rel=\"noopener noreferrer\"><img loading=\"lazy\" decoding=\"async\" class=\"aligncenter size-full wp-image-508\" src=\"http:\/\/vitaminas.comprarenelsalvador.com\/wp-content\/uploads\/2013\/10\/GRIIN-NONI.jpg\" alt=\"GRIIN NONI\" width=\"220\" height=\"254\" \/><\/a><\/p>\n<p>&nbsp;<\/p>\n<address style=\"text-align: center;\"><span style=\"color: #000000;\">Presentaci\u00f3n 20 Sobres de 10ml<\/span><\/address>\n<address style=\"text-align: center;\">\u00a0<\/address>\n<p style=\"text-align: center;\"><strong><span style=\"color: #000000;\"><span style=\"color: #008000;\">Noni<\/span> : Fruto ex\u00f3tico, originario de Tahit\u00ed, con propiedades inmunoestimulantes, que apoyan la capacidad del cuerpo de defenderse ante infecciones y enfermedades de manera natural.<\/span><\/strong><\/p>\n<p style=\"text-align: center;\"><strong><span style=\"color: #000000;\"><span style=\"color: #800000;\">Aca\u00ed<\/span> : Originaria de la Selva amaz\u00f3nica, que lucha contra los radicales libres, siendo una fruta de gran valor antioxidante.<\/span><\/strong><\/p>\n<p style=\"text-align: center;\"><strong><span style=\"color: #000000;\">Granada: Fruto originario de la India, que ha sido muy bien utilizado desde tiempos antiguos, para promover y mejorar la circulaci\u00f3n sangu\u00ednea y neutralizar tox\u00ednas.<\/span><\/strong><\/p>\n<p style=\"text-align: center;\"><strong><span style=\"color: #000000;\"><span style=\"color: #ff0000;\">Dosis<\/span>: <\/span><\/strong><br \/>\n<strong><span style=\"color: #000000;\">Tomar un (1) sobre por d\u00eda, si lo prefiere puede combinarlo con su bebida favorita.<\/span><\/strong><\/p>\n<h2 style=\"text-align: center;\"><\/h2>\n","protected":false},"excerpt":{"rendered":"<p style=\"text-align: center;\"><em><strong>Es un potente antioxidante natural para t\u00fa salud, con una mezcla equilibrada de frutas:<\/strong><\/em><\/p>\n<h2 style=\"text-align: center;\"><strong>Noni\u00a0<\/strong><\/h2>\n<h2 style=\"text-align: center;\"><strong>Aca\u00ed\u00a0<\/strong><\/h2>\n<h2 style=\"text-align: center;\"><strong>Granada<\/strong><\/h2>\n","protected":false},"featured_media":4247,"comment_status":"open","ping_status":"closed","template":"","meta":{"_kad_post_transparent":"","_kad_post_title":"","_kad_post_layout":"","_kad_post_sidebar_id":"","_kad_post_content_style":"","_kad_post_vertical_padding":"","_kad_post_feature":"","_kad_post_feature_position":"","_kad_post_header":false,"_kad_post_footer":false,"_kad_post_classname":""},"product_brand":[],"product_cat":[],"product_tag":[],"class_list":{"0":"post-4236","1":"product","2":"type-product","3":"status-publish","4":"has-post-thumbnail","7":"first","8":"outofstock","9":"shipping-taxable","10":"purchasable","11":"product-type-simple","12":"entry","13":"content-bg","14":"loop-entry"},"_links":{"self":[{"href":"https:\/\/myvitaminss.com\/index.php\/wp-json\/wp\/v2\/product\/4236","targetHints":{"allow":["GET"]}}],"collection":[{"href":"https:\/\/myvitaminss.com\/index.php\/wp-json\/wp\/v2\/product"}],"about":[{"href":"https:\/\/myvitaminss.com\/index.php\/wp-json\/wp\/v2\/types\/product"}],"replies":[{"embeddable":true,"href":"https:\/\/myvitaminss.com\/index.php\/wp-json\/wp\/v2\/comments?post=4236"}],"wp:featuredmedia":[{"embeddable":true,"href":"https:\/\/myvitaminss.com\/index.php\/wp-json\/wp\/v2\/media\/4247"}],"wp:attachment":[{"href":"https:\/\/myvitaminss.com\/index.php\/wp-json\/wp\/v2\/media?parent=4236"}],"wp:term":[{"taxonomy":"product_brand","embeddable":true,"href":"https:\/\/myvitaminss.com\/index.php\/wp-json\/wp\/v2\/product_brand?post=4236"},{"taxonomy":"product_cat","embeddable":true,"href":"https:\/\/myvitaminss.com\/index.php\/wp-json\/wp\/v2\/product_cat?post=4236"},{"taxonomy":"product_tag","embeddable":true,"href":"https:\/\/myvitaminss.com\/index.php\/wp-json\/wp\/v2\/product_tag?post=4236"}],"curies":[{"name":"wp","href":"https:\/\/api.w.org\/{rel}","templated":true}]}}