{"id":4182,"date":"2021-04-20T21:17:54","date_gmt":"2021-04-21T03:17:54","guid":{"rendered":"https:\/\/myvitaminss.com\/?post_type=product&#038;p=4182"},"modified":"2021-04-20T21:18:12","modified_gmt":"2021-04-21T03:18:12","slug":"vitasym-con-ginseng","status":"publish","type":"product","link":"https:\/\/myvitaminss.com\/index.php\/producto\/vitasym-con-ginseng\/","title":{"rendered":"VitaSym Con Ginseng"},"content":{"rendered":"<p style=\"text-align: center;\"><strong><span style=\"color: #000000;\"><span style=\"color: #ff0000;\">Vita<\/span><span style=\"color: #0000ff;\">sym<\/span> <span style=\"color: #ff0000;\">con Ginseng<\/span><\/span><\/strong><br \/>\n<strong><span style=\"color: #000000;\">Presentaci\u00f3n 15 viales de 15mL<\/span><\/strong><\/p>\n<p style=\"text-align: center;\"><strong><span style=\"color: #000000;\">Energizante Anti-Estr\u00e9s<\/span><\/strong><br \/>\n<strong><span style=\"color: #000000;\">Oxigenador Cerebral<\/span><\/strong><br \/>\n<strong><span style=\"color: #000000;\">Complemento vitam\u00ednico, <\/span><\/strong><br \/>\n<strong><span style=\"color: #000000;\">Energizante, Reconstituyente general.<\/span><\/strong><br \/>\n<strong><span style=\"color: #000000;\">No contiene <span style=\"color: #ff0000;\">AZUCAR<\/span><\/span><\/strong><\/p>\n<p style=\"text-align: center;\"><strong><span style=\"color: #000000;\">Contraindicaciones:<\/span><\/strong><br \/>\n<strong><span style=\"color: #000000;\">Hipersensibilidad a alg\u00fan componente de la formula.<\/span><\/strong><\/p>\n<p style=\"text-align: center;\"><strong><span style=\"color: #000000;\"><span style=\"color: #0000ff;\">Dosis<\/span>:<\/span><\/strong><br \/>\n<strong><span style=\"color: #000000;\">Tomarse de 1 a 2 viales diarios, pueden ingeririse solos o diluidos en jugo de naranja.<\/span><\/strong><\/p>\n<p>&nbsp;<\/p>\n","protected":false},"excerpt":{"rendered":"<p style=\"text-align: center;\"><code>[prisna-google-website-translator]<\/code><\/p>\n<p style=\"text-align: center;\"><strong><span style=\"color: #000000;\"><span style=\"color: #ff0000;\">Indicaciones<\/span>:<\/span><\/strong><\/p>\n<p style=\"text-align: center;\"><strong><span style=\"color: #000000;\"><span style=\"color: #ff0000;\">Vita<\/span><span style=\"color: #0000ff;\">sym<\/span> <span style=\"color: #ff0000;\">con Ginseng<\/span> es un Energizante, anti-estr\u00e9s, vitam\u00ednico con una alta concentraci\u00f3n de Ginseng que se indica para:<\/span><\/strong><\/p>\n<p style=\"text-align: center;\"><strong><span style=\"color: #000000;\">Falta de energ\u00eda. <\/span><\/strong><br \/>\n<strong><span style=\"color: #000000;\">Disminuci\u00f3n en el rendimiento f\u00edsico. <\/span><\/strong><br \/>\n<strong><span style=\"color: #000000;\">Agotamiento mental, estr\u00e9s, cansancio, dificultad para dormir, <\/span><\/strong><br \/>\n<strong><span style=\"color: #000000;\">dolor de cabeza de origen nervioso.<\/span><\/strong><\/p>\n<p style=\"text-align: center;\"><strong><span style=\"color: #000000;\"><span style=\"color: #ff0000;\">Vita<\/span><span style=\"color: #0000ff;\">sym<\/span>\u00a0<\/span><\/strong><strong><span style=\"color: #000000;\"><span style=\"color: #ff0000;\">con Ginseng<\/span><\/span><\/strong><strong><span style=\"color: #000000;\">\u00a0aumenta la vitalidad, aumenta el rendimiento notablemente en actividades laborales, estudiantiles y deportivas, apto para diab\u00e9ticos y no aumenta de peso.<\/span><\/strong><\/p>\n<p style=\"text-align: center;\"><strong><span style=\"color: #000000;\">Pacientes j\u00f3venes capacidad de concentraci\u00f3n deficiente, <\/span><\/strong><br \/>\n<strong><span style=\"color: #000000;\">fatigabilidad r\u00e1pida, descenso del rendimiento.<\/span><\/strong><\/p>\n","protected":false},"featured_media":4215,"comment_status":"closed","ping_status":"closed","template":"","meta":{"_kad_post_transparent":"","_kad_post_title":"","_kad_post_layout":"","_kad_post_sidebar_id":"","_kad_post_content_style":"","_kad_post_vertical_padding":"","_kad_post_feature":"","_kad_post_feature_position":"","_kad_post_header":false,"_kad_post_footer":false,"_kad_post_classname":""},"product_brand":[],"product_cat":[],"product_tag":[],"class_list":{"0":"post-4182","1":"product","2":"type-product","3":"status-publish","4":"has-post-thumbnail","7":"first","8":"outofstock","9":"purchasable","10":"product-type-simple","11":"entry","12":"content-bg","13":"loop-entry"},"_links":{"self":[{"href":"https:\/\/myvitaminss.com\/index.php\/wp-json\/wp\/v2\/product\/4182","targetHints":{"allow":["GET"]}}],"collection":[{"href":"https:\/\/myvitaminss.com\/index.php\/wp-json\/wp\/v2\/product"}],"about":[{"href":"https:\/\/myvitaminss.com\/index.php\/wp-json\/wp\/v2\/types\/product"}],"replies":[{"embeddable":true,"href":"https:\/\/myvitaminss.com\/index.php\/wp-json\/wp\/v2\/comments?post=4182"}],"wp:featuredmedia":[{"embeddable":true,"href":"https:\/\/myvitaminss.com\/index.php\/wp-json\/wp\/v2\/media\/4215"}],"wp:attachment":[{"href":"https:\/\/myvitaminss.com\/index.php\/wp-json\/wp\/v2\/media?parent=4182"}],"wp:term":[{"taxonomy":"product_brand","embeddable":true,"href":"https:\/\/myvitaminss.com\/index.php\/wp-json\/wp\/v2\/product_brand?post=4182"},{"taxonomy":"product_cat","embeddable":true,"href":"https:\/\/myvitaminss.com\/index.php\/wp-json\/wp\/v2\/product_cat?post=4182"},{"taxonomy":"product_tag","embeddable":true,"href":"https:\/\/myvitaminss.com\/index.php\/wp-json\/wp\/v2\/product_tag?post=4182"}],"curies":[{"name":"wp","href":"https:\/\/api.w.org\/{rel}","templated":true}]}}