{"id":4171,"date":"2021-04-20T21:17:53","date_gmt":"2021-04-21T03:17:53","guid":{"rendered":"https:\/\/myvitaminss.com\/?post_type=product&#038;p=4171"},"modified":"2022-07-21T15:43:02","modified_gmt":"2022-07-21T21:43:02","slug":"fortiplex-gold-bebible","status":"publish","type":"product","link":"https:\/\/myvitaminss.com\/index.php\/producto\/fortiplex-gold-bebible\/","title":{"rendered":"FORTIPLEX GOLD BEBIBLE"},"content":{"rendered":"<h4 style=\"text-align: center;\"><\/h4>\n<h4 style=\"text-align: center;\"><em><strong><span style=\"color: #3366ff;\">Presentaci\u00f3n:<\/span> <\/strong><\/em><strong>12 Sobres De 10ml Cada Sobre<\/strong><\/h4>\n<h4 style=\"text-align: center;\"><em><strong><span style=\"color: #3366ff;\">GINKGO BILOBA:<\/span> <\/strong><\/em><strong>Ayuda a mantener la agudeza mental, concentraci\u00f3n y memoria.<\/strong><\/h4>\n<h4 style=\"text-align: center;\"><em><strong><span style=\"color: #3366ff;\">ECHINACEA:<\/span> <\/strong><\/em><strong>Apoya las defensas naturales del organismo.<\/strong><\/h4>\n<h4 style=\"text-align: center;\"><em><strong><span style=\"color: #3366ff;\">COMPLEJO B:<\/span> <\/strong><\/em><strong>Promueven la producci\u00f3n de energ\u00eda y ayudan a la salud del sistema nervioso y del coraz\u00f3n.<\/strong><\/h4>\n<h4 style=\"text-align: center;\"><em><strong><span style=\"color: #3366ff;\">HIERRO:<\/span> <\/strong><\/em><strong>Promueve la producci\u00f3n de gl\u00f3bulos rojos saludables, facilita el transporte de oxigeno y ayuda en la producci\u00f3n de energ\u00eda.<\/strong><\/h4>\n<h4 style=\"text-align: center;\"><em><strong><span style=\"color: #3366ff;\">ESPIRULINA, MACA Y FENOGRECO:<\/span> <\/strong><\/em><strong>Ayudan a mantener la energ\u00eda f\u00edsica y apoyar la salud.<\/strong><\/h4>\n","protected":false},"excerpt":{"rendered":"<h4 style=\"text-align: center;\"><\/h4>\n<h3 style=\"text-align: center;\"><strong><span style=\"color: #000000;\">Este Es Un Suplemento que promueve la energ\u00eda,<\/span><\/strong><\/h3>\n<h3 style=\"text-align: center;\"><strong><span style=\"color: #000000;\"> mejora la memoria, apoya la salud del sistema<\/span><\/strong><\/h3>\n<h3 style=\"text-align: center;\"><strong><span style=\"color: #000000;\"> nervioso.<\/span><\/strong><\/h3>\n","protected":false},"featured_media":5994,"comment_status":"closed","ping_status":"closed","template":"","meta":[],"product_cat":[133,135,206],"product_tag":[163,164,165,166,207,169],"class_list":{"0":"post-4171","1":"product","2":"type-product","3":"status-publish","4":"has-post-thumbnail","6":"product_cat-ampolletas-bebibles","7":"product_cat-laboratorios-vijosa","8":"product_cat-todo-dolor-y-vitaminas","9":"product_tag-anuncios-el-salvador","10":"product_tag-avisos-el-salvador","11":"product_tag-donde-comprar-vitaminas","12":"product_tag-energizantes","13":"product_tag-fortiplex-gold","14":"product_tag-necesito-vitaminas","16":"first","17":"instock","18":"shipping-taxable","19":"purchasable","20":"product-type-simple","21":"col-xs-6 col-sm-4","22":"col-md-3 col-lg-3","23":"un-4-cols"},"_links":{"self":[{"href":"https:\/\/myvitaminss.com\/index.php\/wp-json\/wp\/v2\/product\/4171","targetHints":{"allow":["GET"]}}],"collection":[{"href":"https:\/\/myvitaminss.com\/index.php\/wp-json\/wp\/v2\/product"}],"about":[{"href":"https:\/\/myvitaminss.com\/index.php\/wp-json\/wp\/v2\/types\/product"}],"replies":[{"embeddable":true,"href":"https:\/\/myvitaminss.com\/index.php\/wp-json\/wp\/v2\/comments?post=4171"}],"wp:featuredmedia":[{"embeddable":true,"href":"https:\/\/myvitaminss.com\/index.php\/wp-json\/wp\/v2\/media\/5994"}],"wp:attachment":[{"href":"https:\/\/myvitaminss.com\/index.php\/wp-json\/wp\/v2\/media?parent=4171"}],"wp:term":[{"taxonomy":"product_cat","embeddable":true,"href":"https:\/\/myvitaminss.com\/index.php\/wp-json\/wp\/v2\/product_cat?post=4171"},{"taxonomy":"product_tag","embeddable":true,"href":"https:\/\/myvitaminss.com\/index.php\/wp-json\/wp\/v2\/product_tag?post=4171"}],"curies":[{"name":"wp","href":"https:\/\/api.w.org\/{rel}","templated":true}]}}