{"id":4167,"date":"2021-04-20T21:17:53","date_gmt":"2021-04-21T03:17:53","guid":{"rendered":"https:\/\/myvitaminss.com\/?post_type=product&#038;p=4167"},"modified":"2022-07-21T16:02:14","modified_gmt":"2022-07-21T22:02:14","slug":"pura-vida-con-ultraestres-vitaminado-bebible","status":"publish","type":"product","link":"https:\/\/myvitaminss.com\/index.php\/producto\/pura-vida-con-ultraestres-vitaminado-bebible\/","title":{"rendered":"Pura vida con ULTRAESTRES Vitaminado Bebible"},"content":{"rendered":"<p style=\"text-align: center;\">\n<h3 style=\"text-align: center;\"><span style=\"color: #3366ff;\"><strong><em>Presentaci\u00f3n de 15 viales bebibles de 15ml cada una.<\/em><\/strong><\/span><\/h3>\n<p style=\"text-align: center;\"><strong><span style=\"color: #3366ff;\"><em>B1 + B3:<\/em><\/span> Desintoxica las c\u00e9lulas nerviosas, oxigenando tu cerebro y cuerpo. <\/strong><br \/>\n<strong>Se recomienda a personas neur\u00f3ticas, alcoh\u00f3licas y aquellas que deseen dejar de fumar.<\/strong><\/p>\n<p style=\"text-align: center;\"><strong><span style=\"color: #3366ff;\"><em>B1 + B6 + B12:<\/em><\/span> Para todas aquellas personas que desean sentirse alegres y tranquilas, con el sistema nervioso saludable y con mucha energ\u00eda.<\/strong><\/p>\n","protected":false},"excerpt":{"rendered":"<h2 style=\"text-align: center;\"><span style=\"color: #3366ff;\"><em><strong>Pura Vida Con ULTRAESTRES Vitaminado!!!<\/strong><\/em><\/span><\/h2>\n<h2 style=\"text-align: center;\"><span style=\"color: #3366ff;\"><em><strong>Antiestr\u00e9s Y Energizante<\/strong><\/em><\/span><\/h2>\n<p style=\"text-align: center;\"><b>Este producto es un suplemento vitam\u00ednico, por contener en su formula vitaminas del complejo B, mas \u00e1cido glut\u00e1mico, mas hierro; ingredientes que est\u00e1n indicados para personas con estr\u00e9s, depresi\u00f3n, ansiedad, angustia, aflicci\u00f3n, dolor de cabeza de origen nervioso, preocupaci\u00f3n, irritabilidad (Personas Enojadas), insomnio, falta de concentraci\u00f3n, fatiga mental, agotamiento nervioso, cansancio f\u00edsico, perdida de memoria, hormiga miento en el cuerpo, calambres, adormecimiento de brazos y piernas, temblor en los p\u00e1rpados o cualquier parte del cuerpo.<\/b><\/p>\n<p style=\"text-align: center;\"><span style=\"color: #3366ff;\"><em><strong>Excelente para personas que trabajan o estudian por la noche.<\/strong><\/em><\/span><\/p>\n","protected":false},"featured_media":5998,"comment_status":"closed","ping_status":"closed","template":"","meta":[],"product_cat":[134,147,136,180,149,137,138],"product_tag":[181,182,183,184,185,163,164,186,187,188,189,165,166,190,191,192,193,194,195,169,196,197,198],"class_list":{"0":"post-4167","1":"product","2":"type-product","3":"status-publish","4":"has-post-thumbnail","6":"product_cat-control-de-estres","7":"product_cat-laboratorios-biokemical","8":"product_cat-multivitaminas","9":"product_cat-reanimante","10":"product_cat-salud-y-belleza","11":"product_cat-vitaminas-bebibles","12":"product_cat-vitaminas-neurotropas","13":"product_tag-adormecimiento-de-brazos-y-piernas","14":"product_tag-afliccion","15":"product_tag-agotamiento-nervioso","16":"product_tag-angustia","17":"product_tag-ansiedad","18":"product_tag-anuncios-el-salvador","19":"product_tag-avisos-el-salvador","20":"product_tag-calambres","21":"product_tag-cansancio-fisico","22":"product_tag-depresion","23":"product_tag-dolor-de-cabeza-de-origen-nervioso","24":"product_tag-donde-comprar-vitaminas","25":"product_tag-energizantes","26":"product_tag-estres","27":"product_tag-falta-de-concentracion","28":"product_tag-fatiga-mental","29":"product_tag-hormigamiento-en-el-cuerpo","30":"product_tag-insomnio","31":"product_tag-irritabilidad-personas-enojadas","32":"product_tag-necesito-vitaminas","33":"product_tag-perdida-de-memoria","34":"product_tag-preocupacion","35":"product_tag-temblor-en-los-parpados","37":"first","38":"instock","39":"shipping-taxable","40":"purchasable","41":"product-type-simple","42":"col-xs-6 col-sm-4","43":"col-md-3 col-lg-3","44":"un-4-cols"},"_links":{"self":[{"href":"https:\/\/myvitaminss.com\/index.php\/wp-json\/wp\/v2\/product\/4167","targetHints":{"allow":["GET"]}}],"collection":[{"href":"https:\/\/myvitaminss.com\/index.php\/wp-json\/wp\/v2\/product"}],"about":[{"href":"https:\/\/myvitaminss.com\/index.php\/wp-json\/wp\/v2\/types\/product"}],"replies":[{"embeddable":true,"href":"https:\/\/myvitaminss.com\/index.php\/wp-json\/wp\/v2\/comments?post=4167"}],"wp:featuredmedia":[{"embeddable":true,"href":"https:\/\/myvitaminss.com\/index.php\/wp-json\/wp\/v2\/media\/5998"}],"wp:attachment":[{"href":"https:\/\/myvitaminss.com\/index.php\/wp-json\/wp\/v2\/media?parent=4167"}],"wp:term":[{"taxonomy":"product_cat","embeddable":true,"href":"https:\/\/myvitaminss.com\/index.php\/wp-json\/wp\/v2\/product_cat?post=4167"},{"taxonomy":"product_tag","embeddable":true,"href":"https:\/\/myvitaminss.com\/index.php\/wp-json\/wp\/v2\/product_tag?post=4167"}],"curies":[{"name":"wp","href":"https:\/\/api.w.org\/{rel}","templated":true}]}}