{"id":4166,"date":"2021-04-20T21:17:53","date_gmt":"2021-04-21T03:17:53","guid":{"rendered":"https:\/\/myvitaminss.com\/?post_type=product&#038;p=4166"},"modified":"2022-07-21T15:57:29","modified_gmt":"2022-07-21T21:57:29","slug":"elimina-el-estres-con-ultra-doceplex-bebible","status":"publish","type":"product","link":"https:\/\/myvitaminss.com\/index.php\/producto\/elimina-el-estres-con-ultra-doceplex-bebible\/","title":{"rendered":"Elimina el estres con Ultra Doceplex Bebible"},"content":{"rendered":"<h4><\/h4>\n<h4 style=\"text-align: center;\"><em><strong><img fetchpriority=\"high\" decoding=\"async\" class=\"aligncenter size-full wp-image-843\" src=\"http:\/\/vitaminas.comprarenelsalvador.com\/wp-content\/uploads\/2013\/06\/2105111094.jpg\" alt=\"Vitaminas En El Salvador Ultra Doceplex NF\" width=\"220\" height=\"261\" \/><\/strong><\/em><\/h4>\n<h4 style=\"text-align: center;\"><em><strong>\u00a0<\/strong><\/em><\/h4>\n<h4 style=\"text-align: center;\"><em><strong><span style=\"color: #3366ff;\">Presentaci\u00f3n:<\/span> <\/strong><\/em><strong>12 Sobres De 10ml Cada Sobre<\/strong><\/h4>\n<h4 style=\"text-align: center;\"><span style=\"color: #3366ff;\"><em><strong>Ultra Doceplex<\/strong><\/em><\/span><\/h4>\n<h4 style=\"text-align: center;\"><strong>Contiene Complejo B y Dimetiglicina (DMG) la cu\u00e1l es una sustancia natural derivada del amino\u00e1cido Glicina, \u00e9sta combinaci\u00f3n ayuda de manera m\u00e1s efectiva a aumentar el rendimiento f\u00edsico, a reducir la fatiga, a estimular la oxigenaci\u00f3n celular y a mejorar la s\u00edntesis\u00a0de Neurotransmisores que ayudan a disminuir el estr\u00e9s<\/strong><\/h4>\n<h4><\/h4>\n","protected":false},"excerpt":{"rendered":"<h4 style=\"text-align: center;\"><span style=\"color: #3366ff;\"><strong><em>Vitaminas Neurotropas\u00a0<\/em><\/strong><\/span><\/h4>\n<h4 style=\"text-align: center;\"><span style=\"color: #3366ff;\"><strong><em>Complejo B + B12 + DMG<\/em><\/strong><\/span><\/h4>\n<h4 style=\"text-align: center;\"><strong>Aumenta el rendimiento f\u00edsico<\/strong><\/h4>\n<h4 style=\"text-align: center;\"><\/h4>\n<h4 style=\"text-align: center;\">Estimula la oxigenaci\u00f3n\u00a0celular<\/h4>\n<h4 style=\"text-align: center;\"><strong>Normaliza el colesterol<\/strong><\/h4>\n<h4 style=\"text-align: center;\"><strong>Reduce la fatiga<\/strong><\/h4>\n<p>&nbsp;<\/p>\n","protected":false},"featured_media":5996,"comment_status":"closed","ping_status":"closed","template":"","meta":[],"product_cat":[133,134,135,136,149,137],"product_tag":[171,172,173,174,140,175,176,177,178,179],"class_list":{"0":"post-4166","1":"product","2":"type-product","3":"status-publish","4":"has-post-thumbnail","6":"product_cat-ampolletas-bebibles","7":"product_cat-control-de-estres","8":"product_cat-laboratorios-vijosa","9":"product_cat-multivitaminas","10":"product_cat-salud-y-belleza","11":"product_cat-vitaminas-bebibles","12":"product_tag-aumentar-rendimiento-fisico","13":"product_tag-como-disminuir-el-estres","14":"product_tag-como-estimular-la-oxigenacion-celular","15":"product_tag-como-reducir-la-fatiga","16":"product_tag-complejo-b","17":"product_tag-complejo-b-b12-dmg","18":"product_tag-ultradoceplex-bebible","19":"product_tag-ultradoceplex-bebible-amazon","20":"product_tag-ultradoceplex-bebible-ebay","21":"product_tag-ultradoceplex-bebible-original-de-el-salvador","23":"first","24":"instock","25":"shipping-taxable","26":"purchasable","27":"product-type-simple","28":"col-xs-6 col-sm-4","29":"col-md-3 col-lg-3","30":"un-4-cols"},"_links":{"self":[{"href":"https:\/\/myvitaminss.com\/index.php\/wp-json\/wp\/v2\/product\/4166","targetHints":{"allow":["GET"]}}],"collection":[{"href":"https:\/\/myvitaminss.com\/index.php\/wp-json\/wp\/v2\/product"}],"about":[{"href":"https:\/\/myvitaminss.com\/index.php\/wp-json\/wp\/v2\/types\/product"}],"replies":[{"embeddable":true,"href":"https:\/\/myvitaminss.com\/index.php\/wp-json\/wp\/v2\/comments?post=4166"}],"wp:featuredmedia":[{"embeddable":true,"href":"https:\/\/myvitaminss.com\/index.php\/wp-json\/wp\/v2\/media\/5996"}],"wp:attachment":[{"href":"https:\/\/myvitaminss.com\/index.php\/wp-json\/wp\/v2\/media?parent=4166"}],"wp:term":[{"taxonomy":"product_cat","embeddable":true,"href":"https:\/\/myvitaminss.com\/index.php\/wp-json\/wp\/v2\/product_cat?post=4166"},{"taxonomy":"product_tag","embeddable":true,"href":"https:\/\/myvitaminss.com\/index.php\/wp-json\/wp\/v2\/product_tag?post=4166"}],"curies":[{"name":"wp","href":"https:\/\/api.w.org\/{rel}","templated":true}]}}