{"id":4165,"date":"2021-04-20T21:17:53","date_gmt":"2021-04-21T03:17:53","guid":{"rendered":"https:\/\/myvitaminss.com\/?post_type=product&#038;p=4165"},"modified":"2022-07-21T15:27:44","modified_gmt":"2022-07-21T21:27:44","slug":"activa-el-cerebro-con-foskrol-vitaminas-para-el-cerebro","status":"publish","type":"product","link":"https:\/\/myvitaminss.com\/index.php\/producto\/activa-el-cerebro-con-foskrol-vitaminas-para-el-cerebro\/","title":{"rendered":"Activa el cerebro con FOSKROL VITAMINAS Para El Cerebro"},"content":{"rendered":"<h4 style=\"text-align: center;\"><span style=\"color: #3366ff;\"><strong><em>Presentaci\u00f3n de 10 viales bebibles de 15 ml cada una.<\/em><\/strong><\/span><\/h4>\n<h4 style=\"text-align: center;\"><span style=\"color: #3366ff;\"><strong><em>Dosis<\/em><\/strong><\/span><\/h4>\n<h4 style=\"text-align: center;\"><span style=\"color: #3366ff;\"><em><strong>La dosis y el tiempo del tratamiento queda a juicio del m\u00e9dico, por lo general se recomienda:<\/strong><\/em><\/span><\/h4>\n<h4 style=\"text-align: center;\"><em><span style=\"color: #000000;\"><strong><span style=\"color: #3366ff;\">Adultos: <\/span><\/strong><\/span><\/em><span style=\"color: #000000;\"><strong>1 vial bebible despu\u00e9s del desayuno y otro despu\u00e9s de almuerzo.<\/strong><\/span><\/h4>\n<h4 style=\"text-align: center;\"><em><span style=\"color: #000000;\"><strong><span style=\"color: #3366ff;\">Estudiantes: <\/span><\/strong><\/span><\/em><span style=\"color: #000000;\"><strong>1 vial bebible despu\u00e9s del desayuno.<\/strong><\/span><\/h4>\n<h2 style=\"text-align: center;\"><span style=\"color: #3366ff;\"><em><strong style=\"font-size: 13px;\">FOSKROL VIAL BEBIBLES pueden consumirlo diab\u00e9ticos y tambi\u00e9n se recomienda para vegetarianos.<\/strong><\/em><\/span><\/h2>\n<p>&nbsp;<\/p>\n","protected":false},"excerpt":{"rendered":"<h1 style=\"text-align: center;\"><span style=\"color: #3366ff;\"><em><strong>FOSKROL <\/strong><\/em><\/span><\/h1>\n<p style=\"text-align: center;\"><span style=\"color: #000000;\"><b style=\"color: #000000;\">Est\u00e1 indicado para esfuerzos f\u00edsicos y ps\u00edquicos, estados de debilidad mental, falta de capacidad de concentraci\u00f3n, falta de memoria, estados de agotamiento <\/b><span style=\"color: #000000;\"><b>neuro cerebral<\/b><\/span><b style=\"color: #000000;\">.<\/b><\/span><\/p>\n","protected":false},"featured_media":5989,"comment_status":"closed","ping_status":"closed","template":"","meta":[],"product_cat":[133,134,147,136,149,137,138,139],"product_tag":[163,164,165,166,167,168,169,170],"class_list":{"0":"post-4165","1":"product","2":"type-product","3":"status-publish","4":"has-post-thumbnail","6":"product_cat-ampolletas-bebibles","7":"product_cat-control-de-estres","8":"product_cat-laboratorios-biokemical","9":"product_cat-multivitaminas","10":"product_cat-salud-y-belleza","11":"product_cat-vitaminas-bebibles","12":"product_cat-vitaminas-neurotropas","13":"product_cat-vitaminas-y-suplementos","14":"product_tag-anuncios-el-salvador","15":"product_tag-avisos-el-salvador","16":"product_tag-donde-comprar-vitaminas","17":"product_tag-energizantes","18":"product_tag-foskrol-vitaminas","19":"product_tag-foskrol-vitaminas-para-el-cerebro","20":"product_tag-necesito-vitaminas","21":"product_tag-nervidoce-bebible","23":"first","24":"instock","25":"shipping-taxable","26":"purchasable","27":"product-type-simple","28":"col-xs-6 col-sm-4","29":"col-md-3 col-lg-3","30":"un-4-cols"},"_links":{"self":[{"href":"https:\/\/myvitaminss.com\/index.php\/wp-json\/wp\/v2\/product\/4165","targetHints":{"allow":["GET"]}}],"collection":[{"href":"https:\/\/myvitaminss.com\/index.php\/wp-json\/wp\/v2\/product"}],"about":[{"href":"https:\/\/myvitaminss.com\/index.php\/wp-json\/wp\/v2\/types\/product"}],"replies":[{"embeddable":true,"href":"https:\/\/myvitaminss.com\/index.php\/wp-json\/wp\/v2\/comments?post=4165"}],"wp:featuredmedia":[{"embeddable":true,"href":"https:\/\/myvitaminss.com\/index.php\/wp-json\/wp\/v2\/media\/5989"}],"wp:attachment":[{"href":"https:\/\/myvitaminss.com\/index.php\/wp-json\/wp\/v2\/media?parent=4165"}],"wp:term":[{"taxonomy":"product_cat","embeddable":true,"href":"https:\/\/myvitaminss.com\/index.php\/wp-json\/wp\/v2\/product_cat?post=4165"},{"taxonomy":"product_tag","embeddable":true,"href":"https:\/\/myvitaminss.com\/index.php\/wp-json\/wp\/v2\/product_tag?post=4165"}],"curies":[{"name":"wp","href":"https:\/\/api.w.org\/{rel}","templated":true}]}}